{"id":29315,"date":"2021-11-02T12:20:15","date_gmt":"2021-11-02T10:20:15","guid":{"rendered":"https:\/\/ddt.lv\/lv\/product\/toledo-g9-st-3-5w-230v-400lm-2700k-spuldze-sylvania\/"},"modified":"2026-04-22T08:47:53","modified_gmt":"2026-04-22T05:47:53","slug":"toledo-g9-st-3-5w-230v-400lm-2700k-spuldze-sylvania","status":"publish","type":"product","link":"https:\/\/ddt.lv\/lv\/product\/toledo-g9-st-3-5w-230v-400lm-2700k-spuldze-sylvania\/","title":{"rendered":"ToLEDo G9 ST 3.5W 230V 400lm 2700K spuldze Sylvania"},"content":{"rendered":"<p>LED moderniz\u0101cijas nomai\u0146a halog\u0113na t\u012bkla sprieguma kapsul\u0101m.ToLEDo Retro G9 ir t\u0101ds pats izskats un saj\u016bta k\u0101 halog\u0113na dizainam, pateicoties stikla konstrukcijas korpusam un pla\u0161am gaismas sadal\u012bjumam.Kompakts dizains.Sat\u012bna apdare .Daudzvirzienu gaismas sadale.400lm = 35W halog\u0113na G9 lampa.90% ener\u0123ijas ietaup\u012bjums.A++ ener\u0123ijas nov\u0113rt\u0113jums.Neaptum\u0161ojama.Piem\u0113rots lustr\u0101m, iek\u0161telp\u0101m , skatlogiem utt.<br \/>\nV\u0101ci\u0146\u0161\/b\u0101ze G9.<br \/>\nGaismas pl\u016bsma (lm) 400.<br \/>\nKr\u0101su temperat\u016bra (K) 2700.<br \/>\nGai\u0161\u0101 kr\u0101sa Homelight.<br \/>\nCRI (Ra) 80.<br \/>\nJauda (W) 3.5.<br \/>\nProdukta spriegums (V) 230.<br \/>\nVid\u0113jais kalpo\u0161anas laiks (nomin\u0101lais) (h) 15 000.<\/p>","protected":false},"excerpt":{"rendered":"<p>LED moderniz\u0101cijas nomai\u0146a halog\u0113na t\u012bkla sprieguma kapsul\u0101m.ToLEDo Retro G9 ir t\u0101ds pats izskats un saj\u016bta k\u0101 halog\u0113na dizainam, pateicoties stikla konstrukcijas korpusam un pla\u0161am gaismas sadal\u012bjumam.Kompakts dizains.Sat\u012bna apdare .Daudzvirzienu gaismas sadale.400lm = 35W halog\u0113na G9 lampa.90% ener\u0123ijas ietaup\u012bjums.A++ ener\u0123ijas nov\u0113rt\u0113jums.Neaptum\u0161ojama.Piem\u0113rots lustr\u0101m, iek\u0161telp\u0101m , skatlogiem utt. V\u0101ci\u0146\u0161\/b\u0101ze G9. Gaismas pl\u016bsma (lm) 400. Kr\u0101su temperat\u016bra (K) 2700. [&hellip;]<\/p>\n","protected":false},"featured_media":29334,"comment_status":"closed","ping_status":"closed","template":"","meta":{"inline_featured_image":false},"product_cat":[854],"product_tag":[],"yst_prominent_words":[],"class_list":{"0":"post-29315","1":"product","2":"type-product","3":"status-publish","4":"has-post-thumbnail","6":"product_cat-g9-spuldzes","8":"first","9":"outofstock","10":"taxable","11":"shipping-taxable","12":"purchasable","13":"product-type-simple"},"jetpack_sharing_enabled":true,"_links":{"self":[{"href":"https:\/\/ddt.lv\/lv\/wp-json\/wp\/v2\/product\/29315"}],"collection":[{"href":"https:\/\/ddt.lv\/lv\/wp-json\/wp\/v2\/product"}],"about":[{"href":"https:\/\/ddt.lv\/lv\/wp-json\/wp\/v2\/types\/product"}],"replies":[{"embeddable":true,"href":"https:\/\/ddt.lv\/lv\/wp-json\/wp\/v2\/comments?post=29315"}],"wp:featuredmedia":[{"embeddable":true,"href":"https:\/\/ddt.lv\/lv\/wp-json\/wp\/v2\/media\/29334"}],"wp:attachment":[{"href":"https:\/\/ddt.lv\/lv\/wp-json\/wp\/v2\/media?parent=29315"}],"wp:term":[{"taxonomy":"product_cat","embeddable":true,"href":"https:\/\/ddt.lv\/lv\/wp-json\/wp\/v2\/product_cat?post=29315"},{"taxonomy":"product_tag","embeddable":true,"href":"https:\/\/ddt.lv\/lv\/wp-json\/wp\/v2\/product_tag?post=29315"},{"taxonomy":"yst_prominent_words","embeddable":true,"href":"https:\/\/ddt.lv\/lv\/wp-json\/wp\/v2\/yst_prominent_words?post=29315"}],"curies":[{"name":"wp","href":"https:\/\/api.w.org\/{rel}","templated":true}]}}