{"id":29312,"date":"2021-11-02T12:20:14","date_gmt":"2021-11-02T10:20:14","guid":{"rendered":"https:\/\/ddt.lv\/lv\/product\/spinner-roku-un-pirkstu-trenazieris-zils-omega\/"},"modified":"2026-04-08T14:40:41","modified_gmt":"2026-04-08T11:40:41","slug":"spinner-roku-un-pirkstu-trenazieris-zils-omega","status":"publish","type":"product","link":"https:\/\/ddt.lv\/lv\/product\/spinner-roku-un-pirkstu-trenazieris-zils-omega-2\/","title":{"rendered":"Spinner- roku un pirkstu trena\u017eieris zils OMEGA"},"content":{"rendered":"<p>T\u0101 ir interakt\u012bva rota\u013clieta gan pieaugu\u0161ajiem, gan b\u0113rniem.<\/p>\n<p>Paredz\u0113ts pirkstu un roku veikl\u012bbas tren\u0113\u0161anai, ir pier\u0101d\u012bts, ka tas ir noder\u012bgs stresa rad\u012bt\u0101 spriedzes mazin\u0101\u0161anai, relaks\u0101cijai un koncentr\u0113\u0161an\u0101s sp\u0113jas palielin\u0101\u0161anai pret garlaic\u012bbu.<\/p>\n<p>Piem\u0113rots cilv\u0113kiem, kas str\u0101d\u0101 biroj\u0101, studentiem un jebkura vecuma cilv\u0113kiem, maza izm\u0113ra, \u0113rti p\u0101rn\u0113s\u0101jams kabat\u0101, ar klusu darb\u012bbu, netrauc\u0113jot apk\u0101rt\u0113jos.<\/p>\n<p>Tas ir izgatavots uz centr\u0101l\u0101, kvalitat\u012bva gult\u0146a b\u0101zes, un m\u0113r\u0137is ir to pagriezt pa pirkstiem, uz galda vai da\u017e\u0101d\u0101s poz\u012bcij\u0101s. Tas pied\u0101v\u0101 unik\u0101lu, specifisku ma\u0146u saj\u016btu, un, lietojot to da\u017eas min\u016btes, tiek atbr\u012bvots stress, atsl\u0101bin\u0101ts un izdz\u012bts garlaic\u012bba.<\/p>","protected":false},"excerpt":{"rendered":"<p>T\u0101 ir interakt\u012bva rota\u013clieta gan pieaugu\u0161ajiem, gan b\u0113rniem. Paredz\u0113ts pirkstu un roku veikl\u012bbas tren\u0113\u0161anai, ir pier\u0101d\u012bts, ka tas ir noder\u012bgs stresa rad\u012bt\u0101 spriedzes mazin\u0101\u0161anai, relaks\u0101cijai un koncentr\u0113\u0161an\u0101s sp\u0113jas palielin\u0101\u0161anai pret garlaic\u012bbu. Piem\u0113rots cilv\u0113kiem, kas str\u0101d\u0101 biroj\u0101, studentiem un jebkura vecuma cilv\u0113kiem, maza izm\u0113ra, \u0113rti p\u0101rn\u0113s\u0101jams kabat\u0101, ar klusu darb\u012bbu, netrauc\u0113jot apk\u0101rt\u0113jos. Tas ir izgatavots uz [&hellip;]<\/p>\n","protected":false},"featured_media":29323,"comment_status":"closed","ping_status":"closed","template":"","meta":{"inline_featured_image":false},"product_cat":[1430],"product_tag":[],"yst_prominent_words":[],"class_list":{"0":"post-29312","1":"product","2":"type-product","3":"status-publish","4":"has-post-thumbnail","6":"product_cat-rotallietas","8":"first","9":"outofstock","10":"taxable","11":"shipping-taxable","12":"purchasable","13":"product-type-simple"},"jetpack_sharing_enabled":true,"_links":{"self":[{"href":"https:\/\/ddt.lv\/lv\/wp-json\/wp\/v2\/product\/29312"}],"collection":[{"href":"https:\/\/ddt.lv\/lv\/wp-json\/wp\/v2\/product"}],"about":[{"href":"https:\/\/ddt.lv\/lv\/wp-json\/wp\/v2\/types\/product"}],"replies":[{"embeddable":true,"href":"https:\/\/ddt.lv\/lv\/wp-json\/wp\/v2\/comments?post=29312"}],"wp:featuredmedia":[{"embeddable":true,"href":"https:\/\/ddt.lv\/lv\/wp-json\/wp\/v2\/media\/29323"}],"wp:attachment":[{"href":"https:\/\/ddt.lv\/lv\/wp-json\/wp\/v2\/media?parent=29312"}],"wp:term":[{"taxonomy":"product_cat","embeddable":true,"href":"https:\/\/ddt.lv\/lv\/wp-json\/wp\/v2\/product_cat?post=29312"},{"taxonomy":"product_tag","embeddable":true,"href":"https:\/\/ddt.lv\/lv\/wp-json\/wp\/v2\/product_tag?post=29312"},{"taxonomy":"yst_prominent_words","embeddable":true,"href":"https:\/\/ddt.lv\/lv\/wp-json\/wp\/v2\/yst_prominent_words?post=29312"}],"curies":[{"name":"wp","href":"https:\/\/api.w.org\/{rel}","templated":true}]}}