{"id":29247,"date":"2021-10-28T13:00:23","date_gmt":"2021-10-28T10:00:23","guid":{"rendered":"https:\/\/ddt.lv\/lv\/product\/29247\/"},"modified":"2026-04-13T10:00:48","modified_gmt":"2026-04-13T07:00:48","slug":"29247","status":"publish","type":"product","link":"https:\/\/ddt.lv\/lv\/product\/virtene-stikla-bumbas-6cm-8led-2xaa-ip20-170cm-ww-platinet\/","title":{"rendered":"Virtene diega bumbas 6cm 8LED 2xAA IP20 170cm WW  Platinet"},"content":{"rendered":"<p>Dekorat\u012bv\u0101s lampas kr\u0101sainos kokvilnas korpusos, kas ide\u0101li piem\u0113rotas k\u0101 b\u0113rnu istabas, viesistabas, gu\u013camistabas rot\u0101jums vai vienk\u0101r\u0161i k\u0101 kluss, maigs nakts apgaismojums, radot unik\u0101lu atmosf\u0113ru.<br \/>\nGaismas dio\u017eu skaits: 8.<br \/>\nGaisma: silta.<br \/>\nGarums: 170 cm.<br \/>\nkabelis: 30 cm.<br \/>\nBumbi\u0146as diametrs: 6 cm.<br \/>\nBaro\u0161ana: baterijas, 2x AA, 3V.<\/p>","protected":false},"excerpt":{"rendered":"<p>Dekorat\u012bv\u0101s lampas kr\u0101sainos kokvilnas korpusos, kas ide\u0101li piem\u0113rotas k\u0101 b\u0113rnu istabas, viesistabas, gu\u013camistabas rot\u0101jums vai vienk\u0101r\u0161i k\u0101 kluss, maigs nakts apgaismojums, radot unik\u0101lu atmosf\u0113ru. Gaismas dio\u017eu skaits: 8. Gaisma: silta. Garums: 170 cm. kabelis: 30 cm. Bumbi\u0146as diametrs: 6 cm. Baro\u0161ana: baterijas, 2x AA, 3V.<\/p>\n","protected":false},"featured_media":29248,"comment_status":"closed","ping_status":"closed","template":"","meta":{"inline_featured_image":false},"product_cat":[911],"product_tag":[],"yst_prominent_words":[],"class_list":{"0":"post-29247","1":"product","2":"type-product","3":"status-publish","4":"has-post-thumbnail","6":"product_cat-iekstelpu-virtenes","8":"first","9":"outofstock","10":"taxable","11":"shipping-taxable","12":"purchasable","13":"product-type-simple"},"jetpack_sharing_enabled":true,"_links":{"self":[{"href":"https:\/\/ddt.lv\/lv\/wp-json\/wp\/v2\/product\/29247"}],"collection":[{"href":"https:\/\/ddt.lv\/lv\/wp-json\/wp\/v2\/product"}],"about":[{"href":"https:\/\/ddt.lv\/lv\/wp-json\/wp\/v2\/types\/product"}],"replies":[{"embeddable":true,"href":"https:\/\/ddt.lv\/lv\/wp-json\/wp\/v2\/comments?post=29247"}],"wp:featuredmedia":[{"embeddable":true,"href":"https:\/\/ddt.lv\/lv\/wp-json\/wp\/v2\/media\/29248"}],"wp:attachment":[{"href":"https:\/\/ddt.lv\/lv\/wp-json\/wp\/v2\/media?parent=29247"}],"wp:term":[{"taxonomy":"product_cat","embeddable":true,"href":"https:\/\/ddt.lv\/lv\/wp-json\/wp\/v2\/product_cat?post=29247"},{"taxonomy":"product_tag","embeddable":true,"href":"https:\/\/ddt.lv\/lv\/wp-json\/wp\/v2\/product_tag?post=29247"},{"taxonomy":"yst_prominent_words","embeddable":true,"href":"https:\/\/ddt.lv\/lv\/wp-json\/wp\/v2\/yst_prominent_words?post=29247"}],"curies":[{"name":"wp","href":"https:\/\/api.w.org\/{rel}","templated":true}]}}