{"id":29244,"date":"2021-10-28T13:00:22","date_gmt":"2021-10-28T10:00:22","guid":{"rendered":"https:\/\/ddt.lv\/lv\/product\/diega-bumbas-roza-10led-6cm-2xaa-ip20-1-65m-ww-platinet\/"},"modified":"2026-04-13T10:00:48","modified_gmt":"2026-04-13T07:00:48","slug":"diega-bumbas-roza-10led-6cm-2xaa-ip20-1-65m-ww-platinet","status":"publish","type":"product","link":"https:\/\/ddt.lv\/lv\/product\/diega-bumbas-roza-10led-6cm-2xaa-ip20-1-65m-ww-platinet\/","title":{"rendered":"Diega bumbas roz\u0101 10LED 6cm 2xAA IP20 1.65m WW Platinet"},"content":{"rendered":"<p>Dekorat\u012bv\u0101s lampas kr\u0101sainos, kokvilnas korpusos lieliski noder\u0113s k\u0101 dekor\u0101cija b\u0113rnu istab\u0101, viesistab\u0101, gu\u013camistab\u0101 vai vienk\u0101r\u0161i k\u0101 pieklusin\u0101ts, smalks nakts apgaismojums, radot unik\u0101lu atmosf\u0113ru.<br \/>\nKr\u0101sa: silta.<br \/>\nV\u012btnes garums: 1,65 m.<br \/>\nlod\u012btes diametrs: 6 cm.<br \/>\nBaro\u0161ana: baterijas, 2x AA 3V \/ 200mA.<\/p>","protected":false},"excerpt":{"rendered":"<p>Dekorat\u012bv\u0101s lampas kr\u0101sainos, kokvilnas korpusos lieliski noder\u0113s k\u0101 dekor\u0101cija b\u0113rnu istab\u0101, viesistab\u0101, gu\u013camistab\u0101 vai vienk\u0101r\u0161i k\u0101 pieklusin\u0101ts, smalks nakts apgaismojums, radot unik\u0101lu atmosf\u0113ru. Kr\u0101sa: silta. V\u012btnes garums: 1,65 m. lod\u012btes diametrs: 6 cm. Baro\u0161ana: baterijas, 2x AA 3V \/ 200mA.<\/p>\n","protected":false},"featured_media":29255,"comment_status":"closed","ping_status":"closed","template":"","meta":{"inline_featured_image":false},"product_cat":[913],"product_tag":[],"yst_prominent_words":[],"class_list":{"0":"post-29244","1":"product","2":"type-product","3":"status-publish","4":"has-post-thumbnail","6":"product_cat-iekstelpu-dekori-led-virtenes-un-dekoracijas","8":"first","9":"outofstock","10":"taxable","11":"shipping-taxable","12":"purchasable","13":"product-type-simple"},"jetpack_sharing_enabled":true,"_links":{"self":[{"href":"https:\/\/ddt.lv\/lv\/wp-json\/wp\/v2\/product\/29244"}],"collection":[{"href":"https:\/\/ddt.lv\/lv\/wp-json\/wp\/v2\/product"}],"about":[{"href":"https:\/\/ddt.lv\/lv\/wp-json\/wp\/v2\/types\/product"}],"replies":[{"embeddable":true,"href":"https:\/\/ddt.lv\/lv\/wp-json\/wp\/v2\/comments?post=29244"}],"wp:featuredmedia":[{"embeddable":true,"href":"https:\/\/ddt.lv\/lv\/wp-json\/wp\/v2\/media\/29255"}],"wp:attachment":[{"href":"https:\/\/ddt.lv\/lv\/wp-json\/wp\/v2\/media?parent=29244"}],"wp:term":[{"taxonomy":"product_cat","embeddable":true,"href":"https:\/\/ddt.lv\/lv\/wp-json\/wp\/v2\/product_cat?post=29244"},{"taxonomy":"product_tag","embeddable":true,"href":"https:\/\/ddt.lv\/lv\/wp-json\/wp\/v2\/product_tag?post=29244"},{"taxonomy":"yst_prominent_words","embeddable":true,"href":"https:\/\/ddt.lv\/lv\/wp-json\/wp\/v2\/yst_prominent_words?post=29244"}],"curies":[{"name":"wp","href":"https:\/\/api.w.org\/{rel}","templated":true}]}}