{"id":29243,"date":"2021-10-28T13:00:21","date_gmt":"2021-10-28T10:00:21","guid":{"rendered":"https:\/\/ddt.lv\/lv\/product\/diega-bumba-sudraba-led-15cm-2xaa-ip20-ww-platinet\/"},"modified":"2026-04-13T10:00:48","modified_gmt":"2026-04-13T07:00:48","slug":"diega-bumba-sudraba-led-15cm-2xaa-ip20-ww-platinet","status":"publish","type":"product","link":"https:\/\/ddt.lv\/lv\/product\/diega-bumba-sudraba-led-15cm-2xaa-ip20-ww-platinet\/","title":{"rendered":"Diega bumba sudraba LED 15cm 2xAA IP20 WW Platinet"},"content":{"rendered":"<p>Dekorat\u012bv\u0101s lampas kr\u0101sainos, kokvilnas korpusos lieliski noder\u0113s k\u0101 dekor\u0101cija b\u0113rnu istab\u0101, viesistab\u0101, gu\u013camistab\u0101 vai vienk\u0101r\u0161i k\u0101 pieklusin\u0101ts, smalks nakts apgaismojums, radot unik\u0101lu atmosf\u0113ru.<br \/>\nKr\u0101sa: silta.<br \/>\nGai\u0161\u0101 kr\u0101sa: silta.<br \/>\nBumbi\u0146as diametrs: 15 cm.<br \/>\nBaro\u0161ana:  2x AA 3V \/ 300mA.<\/p>","protected":false},"excerpt":{"rendered":"<p>Dekorat\u012bv\u0101s lampas kr\u0101sainos, kokvilnas korpusos lieliski noder\u0113s k\u0101 dekor\u0101cija b\u0113rnu istab\u0101, viesistab\u0101, gu\u013camistab\u0101 vai vienk\u0101r\u0161i k\u0101 pieklusin\u0101ts, smalks nakts apgaismojums, radot unik\u0101lu atmosf\u0113ru. Kr\u0101sa: silta. Gai\u0161\u0101 kr\u0101sa: silta. Bumbi\u0146as diametrs: 15 cm. Baro\u0161ana: 2x AA 3V \/ 300mA.<\/p>\n","protected":false},"featured_media":29258,"comment_status":"closed","ping_status":"closed","template":"","meta":{"inline_featured_image":false},"product_cat":[772,913],"product_tag":[],"yst_prominent_words":[],"class_list":{"0":"post-29243","1":"product","2":"type-product","3":"status-publish","4":"has-post-thumbnail","6":"product_cat-atlaides","7":"product_cat-iekstelpu-dekori-led-virtenes-un-dekoracijas","9":"first","10":"instock","11":"sale","12":"taxable","13":"shipping-taxable","14":"purchasable","15":"product-type-simple"},"jetpack_sharing_enabled":true,"_links":{"self":[{"href":"https:\/\/ddt.lv\/lv\/wp-json\/wp\/v2\/product\/29243"}],"collection":[{"href":"https:\/\/ddt.lv\/lv\/wp-json\/wp\/v2\/product"}],"about":[{"href":"https:\/\/ddt.lv\/lv\/wp-json\/wp\/v2\/types\/product"}],"replies":[{"embeddable":true,"href":"https:\/\/ddt.lv\/lv\/wp-json\/wp\/v2\/comments?post=29243"}],"wp:featuredmedia":[{"embeddable":true,"href":"https:\/\/ddt.lv\/lv\/wp-json\/wp\/v2\/media\/29258"}],"wp:attachment":[{"href":"https:\/\/ddt.lv\/lv\/wp-json\/wp\/v2\/media?parent=29243"}],"wp:term":[{"taxonomy":"product_cat","embeddable":true,"href":"https:\/\/ddt.lv\/lv\/wp-json\/wp\/v2\/product_cat?post=29243"},{"taxonomy":"product_tag","embeddable":true,"href":"https:\/\/ddt.lv\/lv\/wp-json\/wp\/v2\/product_tag?post=29243"},{"taxonomy":"yst_prominent_words","embeddable":true,"href":"https:\/\/ddt.lv\/lv\/wp-json\/wp\/v2\/yst_prominent_words?post=29243"}],"curies":[{"name":"wp","href":"https:\/\/api.w.org\/{rel}","templated":true}]}}