{"id":29241,"date":"2021-10-28T12:50:21","date_gmt":"2021-10-28T09:50:21","guid":{"rendered":"https:\/\/ddt.lv\/lv\/product\/usb-naktslampa-projektors-led-bernu-3xaa-microusb-peleka-omega\/"},"modified":"2026-04-08T14:40:46","modified_gmt":"2026-04-08T11:40:46","slug":"usb-naktslampa-projektors-led-bernu-3xaa-microusb-peleka-omega","status":"publish","type":"product","link":"https:\/\/ddt.lv\/lv\/product\/usb-naktslampa-projektors-led-bernu-3xaa-microusb-peleka-omega\/","title":{"rendered":"USB Naktslampa projektors LED b\u0113rnu (3xAA)+MicroUSB pel\u0113ka OMEGA"},"content":{"rendered":"<p>Nakts lampa ar b\u0113rnu att\u0113lu projektoru.<br \/>\nDarbojas ar trim AA baterij\u0101m vai caur MicroUSB savienot\u0101ju.<br \/>\n2 att\u0113la projekcijas re\u017e\u012bmi: vienm\u0113r\u012bgs, grie\u017eams.<br \/>\n6 apgaismojuma re\u017e\u012bmi.<br \/>\nIeb\u016bv\u0113tais projektors \u013cauj uz griestiem projic\u0113t vienu no diviem iek\u013cautajiem mode\u013ciem ar ziemas un sv\u0113tku tematiku.<br \/>\nAtt\u0113la projic\u0113\u0161ana uz griestiem tiek realiz\u0113ta ar smalkas, siltas gaismas pal\u012bdz\u012bbu, kas nenogurdina redzi, atvieglo iemig\u0161anu un \u2013 b\u0113rnu gad\u012bjum\u0101 \u2013 vairo dro\u0161\u012bbas saj\u016btu.<br \/>\nGaismas diodes: 4x1W balts (projektors), 4xSMD 2835 sarkans, za\u013c\u0161, zils (nakts lampa).<br \/>\nDarba laiks: 30 stundas.<br \/>\nUSB kabelis: 1 metrs.<br \/>\nKorpusa kr\u0101sa: zila.<br \/>\nIzgatavots no: ABS, PP, ACRYL plastmasas.<br \/>\nIzm\u0113ri: 106 x 100 mm.<\/p>","protected":false},"excerpt":{"rendered":"<p>Nakts lampa ar b\u0113rnu att\u0113lu projektoru. Darbojas ar trim AA baterij\u0101m vai caur MicroUSB savienot\u0101ju. 2 att\u0113la projekcijas re\u017e\u012bmi: vienm\u0113r\u012bgs, grie\u017eams. 6 apgaismojuma re\u017e\u012bmi. Ieb\u016bv\u0113tais projektors \u013cauj uz griestiem projic\u0113t vienu no diviem iek\u013cautajiem mode\u013ciem ar ziemas un sv\u0113tku tematiku. Att\u0113la projic\u0113\u0161ana uz griestiem tiek realiz\u0113ta ar smalkas, siltas gaismas pal\u012bdz\u012bbu, kas nenogurdina redzi, atvieglo [&hellip;]<\/p>\n","protected":false},"featured_media":29266,"comment_status":"closed","ping_status":"closed","template":"","meta":{"inline_featured_image":false},"product_cat":[1293],"product_tag":[],"yst_prominent_words":[],"class_list":{"0":"post-29241","1":"product","2":"type-product","3":"status-publish","4":"has-post-thumbnail","6":"product_cat-naktslampas","8":"first","9":"outofstock","10":"taxable","11":"shipping-taxable","12":"purchasable","13":"product-type-simple"},"jetpack_sharing_enabled":true,"_links":{"self":[{"href":"https:\/\/ddt.lv\/lv\/wp-json\/wp\/v2\/product\/29241"}],"collection":[{"href":"https:\/\/ddt.lv\/lv\/wp-json\/wp\/v2\/product"}],"about":[{"href":"https:\/\/ddt.lv\/lv\/wp-json\/wp\/v2\/types\/product"}],"replies":[{"embeddable":true,"href":"https:\/\/ddt.lv\/lv\/wp-json\/wp\/v2\/comments?post=29241"}],"wp:featuredmedia":[{"embeddable":true,"href":"https:\/\/ddt.lv\/lv\/wp-json\/wp\/v2\/media\/29266"}],"wp:attachment":[{"href":"https:\/\/ddt.lv\/lv\/wp-json\/wp\/v2\/media?parent=29241"}],"wp:term":[{"taxonomy":"product_cat","embeddable":true,"href":"https:\/\/ddt.lv\/lv\/wp-json\/wp\/v2\/product_cat?post=29241"},{"taxonomy":"product_tag","embeddable":true,"href":"https:\/\/ddt.lv\/lv\/wp-json\/wp\/v2\/product_tag?post=29241"},{"taxonomy":"yst_prominent_words","embeddable":true,"href":"https:\/\/ddt.lv\/lv\/wp-json\/wp\/v2\/yst_prominent_words?post=29241"}],"curies":[{"name":"wp","href":"https:\/\/api.w.org\/{rel}","templated":true}]}}