{"id":29240,"date":"2021-10-28T12:50:20","date_gmt":"2021-10-28T09:50:20","guid":{"rendered":"https:\/\/ddt.lv\/lv\/product\/usb-lightning-kabelis-2a-prieks-iphone-i16p-psp-1m-omega\/"},"modified":"2026-04-13T10:00:49","modified_gmt":"2026-04-13T07:00:49","slug":"usb-lightning-kabelis-2a-prieks-iphone-i16p-psp-1m-omega","status":"publish","type":"product","link":"https:\/\/ddt.lv\/lv\/product\/usb-lightning-kabelis-2a-prieks-iphone-i16p-psp-1m-omega\/","title":{"rendered":"USB Lightning kabelis 2A priek\u0161 iPhone, i16P PSP 1m OMEGA"},"content":{"rendered":"<p>Univers\u0101ls, kvalitat\u012bvs, elast\u012bgs un auduma p\u012bts USB kabelis ar LIGHTNING galiem Apple produktiem.<br \/>\nTas \u013cauj uzl\u0101d\u0113t un p\u0101rs\u016bt\u012bt datus t\u0101d\u0101s ier\u012bc\u0113s k\u0101 :<br \/>\n&#8211; iPhone 5, 5S un 5C.<br \/>\n&#8211; iPad 4.<br \/>\n&#8211; iPad Air.<br \/>\n&#8211; iPad mini, iPad mini .<br \/>\n&#8211; iPod touch 5.<br \/>\n&#8211; iPod nano 7.<br \/>\nGarums: 1,5m.<\/p>\n<p><\/p>","protected":false},"excerpt":{"rendered":"<p>Univers\u0101ls, kvalitat\u012bvs, elast\u012bgs un auduma p\u012bts USB kabelis ar LIGHTNING galiem Apple produktiem. Tas \u013cauj uzl\u0101d\u0113t un p\u0101rs\u016bt\u012bt datus t\u0101d\u0101s ier\u012bc\u0113s k\u0101 : &#8211; iPhone 5, 5S un 5C. &#8211; iPad 4. &#8211; iPad Air. &#8211; iPad mini, iPad mini . &#8211; iPod touch 5. &#8211; iPod nano 7. Garums: 1,5m.<\/p>\n","protected":false},"featured_media":29270,"comment_status":"closed","ping_status":"closed","template":"","meta":{"inline_featured_image":false},"product_cat":[742],"product_tag":[],"yst_prominent_words":[],"class_list":{"0":"post-29240","1":"product","2":"type-product","3":"status-publish","4":"has-post-thumbnail","6":"product_cat-savienojuma-vadi","8":"first","9":"outofstock","10":"taxable","11":"shipping-taxable","12":"purchasable","13":"product-type-simple"},"jetpack_sharing_enabled":true,"_links":{"self":[{"href":"https:\/\/ddt.lv\/lv\/wp-json\/wp\/v2\/product\/29240"}],"collection":[{"href":"https:\/\/ddt.lv\/lv\/wp-json\/wp\/v2\/product"}],"about":[{"href":"https:\/\/ddt.lv\/lv\/wp-json\/wp\/v2\/types\/product"}],"replies":[{"embeddable":true,"href":"https:\/\/ddt.lv\/lv\/wp-json\/wp\/v2\/comments?post=29240"}],"wp:featuredmedia":[{"embeddable":true,"href":"https:\/\/ddt.lv\/lv\/wp-json\/wp\/v2\/media\/29270"}],"wp:attachment":[{"href":"https:\/\/ddt.lv\/lv\/wp-json\/wp\/v2\/media?parent=29240"}],"wp:term":[{"taxonomy":"product_cat","embeddable":true,"href":"https:\/\/ddt.lv\/lv\/wp-json\/wp\/v2\/product_cat?post=29240"},{"taxonomy":"product_tag","embeddable":true,"href":"https:\/\/ddt.lv\/lv\/wp-json\/wp\/v2\/product_tag?post=29240"},{"taxonomy":"yst_prominent_words","embeddable":true,"href":"https:\/\/ddt.lv\/lv\/wp-json\/wp\/v2\/yst_prominent_words?post=29240"}],"curies":[{"name":"wp","href":"https:\/\/api.w.org\/{rel}","templated":true}]}}