{"id":29176,"date":"2021-10-27T14:00:14","date_gmt":"2021-10-27T11:00:14","guid":{"rendered":"https:\/\/ddt.lv\/lv\/product\/sienas-pulkstenis-winter-metala-balts-fons-t-platinet\/"},"modified":"2026-04-08T14:27:43","modified_gmt":"2026-04-08T11:27:43","slug":"sienas-pulkstenis-winter-metala-balts-fons-t-platinet","status":"publish","type":"product","link":"https:\/\/ddt.lv\/lv\/product\/sienas-pulkstenis-winter-metala-balts-fons-t-platinet\/","title":{"rendered":"Sienas pulkstenis WINTER met\u0101la, balts fons + t&#8217; Platinet"},"content":{"rendered":"<p>Sienas pulkstenis PZWWC WINTER uz QUARTZ meh\u0101nisma b\u0101zes ar ieb\u016bv\u0113tu termometru un higrometru ir univers\u0101la konstrukcija, kas darbosies jebkur\u0101 interjer\u0101. AUGSTAS KVALIT\u0100TES Pulkstenis ir izgatavots no augst\u0101k\u0101s kvalit\u0101tes materi\u0101liem, pateicoties kuriem tas izskat\u0101s elegants un iztur\u012bgs, pateicoties kam tas var darboties bez k\u013c\u016bm\u0113m daudzus gadus. TERMOMETRA UN HIGROMETRA PZWWC WINTER pulkstenim ir ieb\u016bv\u0113ts termimetrs un higrometrs, pateicoties kuriem \u0113rti var nolas\u012bt temperat\u016bru telp\u0101 un gaisa mitrumu.  Lieli skait\u013ci + mitruma m\u0113r\u012b\u0161ana Izm\u0113ri: 30x30x4,5cm .Materi\u0101ls: Augstas kvalit\u0101tes met\u0101ls. Iek\u0161\u0113jai un \u0101r\u0113jai lieto\u0161anai.Termometrs: -10 \u00b0 C l\u012bdz 50 \u00b0 C .Higrometrs% no 30 l\u012bdz 100. Baro\u0161anas avots: 1 AA baterija.<\/p>\n<p><\/p>","protected":false},"excerpt":{"rendered":"<p>Sienas pulkstenis PZWWC WINTER uz QUARTZ meh\u0101nisma b\u0101zes ar ieb\u016bv\u0113tu termometru un higrometru ir univers\u0101la konstrukcija, kas darbosies jebkur\u0101 interjer\u0101. AUGSTAS KVALIT\u0100TES Pulkstenis ir izgatavots no augst\u0101k\u0101s kvalit\u0101tes materi\u0101liem, pateicoties kuriem tas izskat\u0101s elegants un iztur\u012bgs, pateicoties kam tas var darboties bez k\u013c\u016bm\u0113m daudzus gadus. TERMOMETRA UN HIGROMETRA PZWWC WINTER pulkstenim ir ieb\u016bv\u0113ts termimetrs un [&hellip;]<\/p>\n","protected":false},"featured_media":29177,"comment_status":"closed","ping_status":"closed","template":"","meta":{"inline_featured_image":false},"product_cat":[1426],"product_tag":[],"yst_prominent_words":[],"class_list":{"0":"post-29176","1":"product","2":"type-product","3":"status-publish","4":"has-post-thumbnail","6":"product_cat-pulksteni","8":"first","9":"outofstock","10":"taxable","11":"shipping-taxable","12":"purchasable","13":"product-type-simple"},"jetpack_sharing_enabled":true,"_links":{"self":[{"href":"https:\/\/ddt.lv\/lv\/wp-json\/wp\/v2\/product\/29176"}],"collection":[{"href":"https:\/\/ddt.lv\/lv\/wp-json\/wp\/v2\/product"}],"about":[{"href":"https:\/\/ddt.lv\/lv\/wp-json\/wp\/v2\/types\/product"}],"replies":[{"embeddable":true,"href":"https:\/\/ddt.lv\/lv\/wp-json\/wp\/v2\/comments?post=29176"}],"wp:featuredmedia":[{"embeddable":true,"href":"https:\/\/ddt.lv\/lv\/wp-json\/wp\/v2\/media\/29177"}],"wp:attachment":[{"href":"https:\/\/ddt.lv\/lv\/wp-json\/wp\/v2\/media?parent=29176"}],"wp:term":[{"taxonomy":"product_cat","embeddable":true,"href":"https:\/\/ddt.lv\/lv\/wp-json\/wp\/v2\/product_cat?post=29176"},{"taxonomy":"product_tag","embeddable":true,"href":"https:\/\/ddt.lv\/lv\/wp-json\/wp\/v2\/product_tag?post=29176"},{"taxonomy":"yst_prominent_words","embeddable":true,"href":"https:\/\/ddt.lv\/lv\/wp-json\/wp\/v2\/yst_prominent_words?post=29176"}],"curies":[{"name":"wp","href":"https:\/\/api.w.org\/{rel}","templated":true}]}}