{"id":29175,"date":"2021-10-27T14:00:13","date_gmt":"2021-10-27T11:00:13","guid":{"rendered":"https:\/\/ddt.lv\/lv\/product\/sienas-pulkstenis-february-metala-platinet\/"},"modified":"2026-04-08T14:36:31","modified_gmt":"2026-04-08T11:36:31","slug":"sienas-pulkstenis-february-metala-platinet","status":"publish","type":"product","link":"https:\/\/ddt.lv\/lv\/product\/sienas-pulkstenis-february-metala-platinet\/","title":{"rendered":"Sienas pulkstenis FEBRUARY met\u0101la PLATINET"},"content":{"rendered":"<p>FEBRU\u0100RA pulkstenis ir izgatavots no t\u0113rauda. Neaizst\u0101jams jebkur\u0101 viesistab\u0101 vai gu\u013camistab\u0101. Minim\u0101lisma dizains ieder\u0113sies modern\u0101 interjer\u0101. AUGSTAS KVALIT\u0100TES Pulkstenis ir izgatavots no augst\u0101k\u0101s kvalit\u0101tes materi\u0101liem, pateicoties kuriem tas izskat\u0101s eleganti, ir iztur\u012bgs un var darboties bez k\u013c\u016bm\u0113m daudzus gadus.  Izm\u0113ri: 30,8&#215;30,8&#215;4 cm.  1x AA baterija.<\/p>\n<p><\/p>","protected":false},"excerpt":{"rendered":"<p>FEBRU\u0100RA pulkstenis ir izgatavots no t\u0113rauda. Neaizst\u0101jams jebkur\u0101 viesistab\u0101 vai gu\u013camistab\u0101. Minim\u0101lisma dizains ieder\u0113sies modern\u0101 interjer\u0101. AUGSTAS KVALIT\u0100TES Pulkstenis ir izgatavots no augst\u0101k\u0101s kvalit\u0101tes materi\u0101liem, pateicoties kuriem tas izskat\u0101s eleganti, ir iztur\u012bgs un var darboties bez k\u013c\u016bm\u0113m daudzus gadus. Izm\u0113ri: 30,8&#215;30,8&#215;4 cm. 1x AA baterija.<\/p>\n","protected":false},"featured_media":29186,"comment_status":"closed","ping_status":"closed","template":"","meta":{"inline_featured_image":false},"product_cat":[1426],"product_tag":[],"yst_prominent_words":[],"class_list":{"0":"post-29175","1":"product","2":"type-product","3":"status-publish","4":"has-post-thumbnail","6":"product_cat-pulksteni","8":"first","9":"outofstock","10":"taxable","11":"shipping-taxable","12":"purchasable","13":"product-type-simple"},"jetpack_sharing_enabled":true,"_links":{"self":[{"href":"https:\/\/ddt.lv\/lv\/wp-json\/wp\/v2\/product\/29175"}],"collection":[{"href":"https:\/\/ddt.lv\/lv\/wp-json\/wp\/v2\/product"}],"about":[{"href":"https:\/\/ddt.lv\/lv\/wp-json\/wp\/v2\/types\/product"}],"replies":[{"embeddable":true,"href":"https:\/\/ddt.lv\/lv\/wp-json\/wp\/v2\/comments?post=29175"}],"wp:featuredmedia":[{"embeddable":true,"href":"https:\/\/ddt.lv\/lv\/wp-json\/wp\/v2\/media\/29186"}],"wp:attachment":[{"href":"https:\/\/ddt.lv\/lv\/wp-json\/wp\/v2\/media?parent=29175"}],"wp:term":[{"taxonomy":"product_cat","embeddable":true,"href":"https:\/\/ddt.lv\/lv\/wp-json\/wp\/v2\/product_cat?post=29175"},{"taxonomy":"product_tag","embeddable":true,"href":"https:\/\/ddt.lv\/lv\/wp-json\/wp\/v2\/product_tag?post=29175"},{"taxonomy":"yst_prominent_words","embeddable":true,"href":"https:\/\/ddt.lv\/lv\/wp-json\/wp\/v2\/yst_prominent_words?post=29175"}],"curies":[{"name":"wp","href":"https:\/\/api.w.org\/{rel}","templated":true}]}}