{"id":29174,"date":"2021-10-27T14:00:13","date_gmt":"2021-10-27T11:00:13","guid":{"rendered":"https:\/\/ddt.lv\/lv\/product\/pulkstenis-modinatajs-sunday-balts-8cm-apals-1xaa-platinet\/"},"modified":"2026-04-08T14:32:27","modified_gmt":"2026-04-08T11:32:27","slug":"pulkstenis-modinatajs-sunday-balts-8cm-apals-1xaa-platinet","status":"publish","type":"product","link":"https:\/\/ddt.lv\/lv\/product\/pulkstenis-modinatajs-sunday-balts-8cm-apals-1xaa-platinet\/","title":{"rendered":"Pulkstenis\/modin\u0101t\u0101js SUNDAY balts 8cm apa\u013c\u0161 (1xAA) Platinet"},"content":{"rendered":"<p>\u0112rti pulkste\u0146i kr\u0101sainos korpusos. Neaizst\u0101jams uz katra naktsgaldi\u0146a. Pulkstenis ir izgatavots no augst\u0101k\u0101s kvalit\u0101tes materi\u0101liem, pateicoties kuriem tas izskat\u0101s eleganti, ir iztur\u012bgs un var darboties bez k\u013c\u016bm\u0113m daudzus gadus. Baro\u0161anas avots: 1x AA baterija (iek\u013cauta).<\/p>","protected":false},"excerpt":{"rendered":"<p>\u0112rti pulkste\u0146i kr\u0101sainos korpusos. Neaizst\u0101jams uz katra naktsgaldi\u0146a. Pulkstenis ir izgatavots no augst\u0101k\u0101s kvalit\u0101tes materi\u0101liem, pateicoties kuriem tas izskat\u0101s eleganti, ir iztur\u012bgs un var darboties bez k\u013c\u016bm\u0113m daudzus gadus. Baro\u0161anas avots: 1x AA baterija (iek\u013cauta).<\/p>\n","protected":false},"featured_media":29189,"comment_status":"closed","ping_status":"closed","template":"","meta":{"inline_featured_image":false},"product_cat":[1426],"product_tag":[],"yst_prominent_words":[],"class_list":{"0":"post-29174","1":"product","2":"type-product","3":"status-publish","4":"has-post-thumbnail","6":"product_cat-pulksteni","8":"first","9":"outofstock","10":"taxable","11":"shipping-taxable","12":"purchasable","13":"product-type-simple"},"jetpack_sharing_enabled":true,"_links":{"self":[{"href":"https:\/\/ddt.lv\/lv\/wp-json\/wp\/v2\/product\/29174"}],"collection":[{"href":"https:\/\/ddt.lv\/lv\/wp-json\/wp\/v2\/product"}],"about":[{"href":"https:\/\/ddt.lv\/lv\/wp-json\/wp\/v2\/types\/product"}],"replies":[{"embeddable":true,"href":"https:\/\/ddt.lv\/lv\/wp-json\/wp\/v2\/comments?post=29174"}],"wp:featuredmedia":[{"embeddable":true,"href":"https:\/\/ddt.lv\/lv\/wp-json\/wp\/v2\/media\/29189"}],"wp:attachment":[{"href":"https:\/\/ddt.lv\/lv\/wp-json\/wp\/v2\/media?parent=29174"}],"wp:term":[{"taxonomy":"product_cat","embeddable":true,"href":"https:\/\/ddt.lv\/lv\/wp-json\/wp\/v2\/product_cat?post=29174"},{"taxonomy":"product_tag","embeddable":true,"href":"https:\/\/ddt.lv\/lv\/wp-json\/wp\/v2\/product_tag?post=29174"},{"taxonomy":"yst_prominent_words","embeddable":true,"href":"https:\/\/ddt.lv\/lv\/wp-json\/wp\/v2\/yst_prominent_words?post=29174"}],"curies":[{"name":"wp","href":"https:\/\/api.w.org\/{rel}","templated":true}]}}