{"id":29173,"date":"2021-10-27T14:00:13","date_gmt":"2021-10-27T11:00:13","guid":{"rendered":"https:\/\/ddt.lv\/lv\/product\/pulkstenis-modinatajs-march-melns-11-3x6-6x14-9cm-1xaa-platinet\/"},"modified":"2026-04-08T14:32:28","modified_gmt":"2026-04-08T11:32:28","slug":"pulkstenis-modinatajs-march-melns-11-3x6-6x14-9cm-1xaa-platinet","status":"publish","type":"product","link":"https:\/\/ddt.lv\/lv\/product\/pulkstenis-modinatajs-march-melns-11-3x6-6x14-9cm-1xaa-platinet\/","title":{"rendered":"Pulkstenis\/modin\u0101t\u0101js MARCH melns 11.3&#215;6.6&#215;14.9cm  (1xAA) Platinet"},"content":{"rendered":"<p>Uzticams modin\u0101t\u0101jpulkstenis un stil\u012bgs dizaina elements .\u2014 Ietverts vien\u0101 pievilc\u012bg\u0101 minim\u0101listiska stila korpus\u0101.<\/p>","protected":false},"excerpt":{"rendered":"<p>Uzticams modin\u0101t\u0101jpulkstenis un stil\u012bgs dizaina elements .\u2014 Ietverts vien\u0101 pievilc\u012bg\u0101 minim\u0101listiska stila korpus\u0101.<\/p>\n","protected":false},"featured_media":29182,"comment_status":"closed","ping_status":"closed","template":"","meta":{"inline_featured_image":false},"product_cat":[1426],"product_tag":[],"yst_prominent_words":[],"class_list":{"0":"post-29173","1":"product","2":"type-product","3":"status-publish","4":"has-post-thumbnail","6":"product_cat-pulksteni","8":"first","9":"outofstock","10":"taxable","11":"shipping-taxable","12":"purchasable","13":"product-type-simple"},"jetpack_sharing_enabled":true,"_links":{"self":[{"href":"https:\/\/ddt.lv\/lv\/wp-json\/wp\/v2\/product\/29173"}],"collection":[{"href":"https:\/\/ddt.lv\/lv\/wp-json\/wp\/v2\/product"}],"about":[{"href":"https:\/\/ddt.lv\/lv\/wp-json\/wp\/v2\/types\/product"}],"replies":[{"embeddable":true,"href":"https:\/\/ddt.lv\/lv\/wp-json\/wp\/v2\/comments?post=29173"}],"wp:featuredmedia":[{"embeddable":true,"href":"https:\/\/ddt.lv\/lv\/wp-json\/wp\/v2\/media\/29182"}],"wp:attachment":[{"href":"https:\/\/ddt.lv\/lv\/wp-json\/wp\/v2\/media?parent=29173"}],"wp:term":[{"taxonomy":"product_cat","embeddable":true,"href":"https:\/\/ddt.lv\/lv\/wp-json\/wp\/v2\/product_cat?post=29173"},{"taxonomy":"product_tag","embeddable":true,"href":"https:\/\/ddt.lv\/lv\/wp-json\/wp\/v2\/product_tag?post=29173"},{"taxonomy":"yst_prominent_words","embeddable":true,"href":"https:\/\/ddt.lv\/lv\/wp-json\/wp\/v2\/yst_prominent_words?post=29173"}],"curies":[{"name":"wp","href":"https:\/\/api.w.org\/{rel}","templated":true}]}}