{"id":29172,"date":"2021-10-27T14:00:12","date_gmt":"2021-10-27T11:00:12","guid":{"rendered":"https:\/\/ddt.lv\/lv\/product\/pulkstenis-modinatajs-digital02-peleks-ar-gaismu-1xaa-platinet\/"},"modified":"2026-04-08T14:32:27","modified_gmt":"2026-04-08T11:32:27","slug":"pulkstenis-modinatajs-digital02-peleks-ar-gaismu-1xaa-platinet","status":"publish","type":"product","link":"https:\/\/ddt.lv\/lv\/product\/pulkstenis-modinatajs-digital02-peleks-ar-gaismu-1xaa-platinet\/","title":{"rendered":"Pulkstenis\/modin\u0101t\u0101js DIGITAL02 pel\u0113ks ar gaismu (1xAA) Platinet"},"content":{"rendered":"<p>Digit\u0101lais pulkstenis ar modin\u0101t\u0101ju gumijas korpus\u0101. Neaizst\u0101jams uz katra naktsgaldi\u0146a. Modin\u0101t\u0101js Pulkstenis ir apr\u012bkots ar modin\u0101t\u0101ju ar atlik\u0161anas funkciju. \u0112rts vad\u012bbas panelis, kas atrodas korpusa aug\u0161pus\u0113, \u013cauj \u0113rti iesl\u0113gt, izsl\u0113gt modin\u0101t\u0101ju un iestat\u012bt laiku. Pulkste\u0146a korpuss ir p\u0101rkl\u0101ts ar taustei pat\u012bkamu gumijas p\u0101rkl\u0101jumu, pateicoties kuram tas ir iztur\u012bgs pret skr\u0101p\u0113jumiem un kritienu ietekmi.Pulkstenis ir apr\u012bkots ar lielu, nolas\u0101mu LCD displeju ar fona apgaismojumu, lai par\u0101d\u012btais laiks b\u016btu nolas\u0101ms gan dien\u0101, gan nakt\u012b.  Izm\u0113ri: 10,3&#215;6,5&#215;6,3 cm . 1x AA baterija.<br \/>\n<\/p>","protected":false},"excerpt":{"rendered":"<p>Digit\u0101lais pulkstenis ar modin\u0101t\u0101ju gumijas korpus\u0101. Neaizst\u0101jams uz katra naktsgaldi\u0146a. Modin\u0101t\u0101js Pulkstenis ir apr\u012bkots ar modin\u0101t\u0101ju ar atlik\u0161anas funkciju. \u0112rts vad\u012bbas panelis, kas atrodas korpusa aug\u0161pus\u0113, \u013cauj \u0113rti iesl\u0113gt, izsl\u0113gt modin\u0101t\u0101ju un iestat\u012bt laiku. Pulkste\u0146a korpuss ir p\u0101rkl\u0101ts ar taustei pat\u012bkamu gumijas p\u0101rkl\u0101jumu, pateicoties kuram tas ir iztur\u012bgs pret skr\u0101p\u0113jumiem un kritienu ietekmi.Pulkstenis ir apr\u012bkots [&hellip;]<\/p>\n","protected":false},"featured_media":29191,"comment_status":"closed","ping_status":"closed","template":"","meta":{"inline_featured_image":false},"product_cat":[1426],"product_tag":[],"yst_prominent_words":[],"class_list":{"0":"post-29172","1":"product","2":"type-product","3":"status-publish","4":"has-post-thumbnail","6":"product_cat-pulksteni","8":"first","9":"outofstock","10":"taxable","11":"shipping-taxable","12":"purchasable","13":"product-type-simple"},"jetpack_sharing_enabled":true,"_links":{"self":[{"href":"https:\/\/ddt.lv\/lv\/wp-json\/wp\/v2\/product\/29172"}],"collection":[{"href":"https:\/\/ddt.lv\/lv\/wp-json\/wp\/v2\/product"}],"about":[{"href":"https:\/\/ddt.lv\/lv\/wp-json\/wp\/v2\/types\/product"}],"replies":[{"embeddable":true,"href":"https:\/\/ddt.lv\/lv\/wp-json\/wp\/v2\/comments?post=29172"}],"wp:featuredmedia":[{"embeddable":true,"href":"https:\/\/ddt.lv\/lv\/wp-json\/wp\/v2\/media\/29191"}],"wp:attachment":[{"href":"https:\/\/ddt.lv\/lv\/wp-json\/wp\/v2\/media?parent=29172"}],"wp:term":[{"taxonomy":"product_cat","embeddable":true,"href":"https:\/\/ddt.lv\/lv\/wp-json\/wp\/v2\/product_cat?post=29172"},{"taxonomy":"product_tag","embeddable":true,"href":"https:\/\/ddt.lv\/lv\/wp-json\/wp\/v2\/product_tag?post=29172"},{"taxonomy":"yst_prominent_words","embeddable":true,"href":"https:\/\/ddt.lv\/lv\/wp-json\/wp\/v2\/yst_prominent_words?post=29172"}],"curies":[{"name":"wp","href":"https:\/\/api.w.org\/{rel}","templated":true}]}}