{"id":29171,"date":"2021-10-27T13:50:23","date_gmt":"2021-10-27T10:50:23","guid":{"rendered":"https:\/\/ddt.lv\/lv\/product\/pulkstenis-modinatajs-april-koka-13x13cm-kvadr-1xaa-platinet\/"},"modified":"2026-04-22T08:32:26","modified_gmt":"2026-04-22T05:32:26","slug":"pulkstenis-modinatajs-april-koka-13x13cm-kvadr-1xaa-platinet","status":"publish","type":"product","link":"https:\/\/ddt.lv\/lv\/product\/pulkstenis-modinatajs-april-koka-13x13cm-kvadr-1xaa-platinet\/","title":{"rendered":"Pulkstenis\/modin\u0101t\u0101js APRIL koka 13x13cm kvadr\u0101tveida (1xAA) Platinet"},"content":{"rendered":"<p>Lieliski piem\u0113rots k\u0101 interjera dizaina elements vintage, retro. Materi\u0101ls: koks. Izm\u0113ri: 13x13x4 cm. Meh\u0101nisks: <\/p>","protected":false},"excerpt":{"rendered":"<p>Lieliski piem\u0113rots k\u0101 interjera dizaina elements vintage, retro. Materi\u0101ls: koks. Izm\u0113ri: 13x13x4 cm. Meh\u0101nisks:<\/p>\n","protected":false},"featured_media":29194,"comment_status":"closed","ping_status":"closed","template":"","meta":{"inline_featured_image":false},"product_cat":[1426],"product_tag":[],"yst_prominent_words":[],"class_list":{"0":"post-29171","1":"product","2":"type-product","3":"status-publish","4":"has-post-thumbnail","6":"product_cat-pulksteni","8":"first","9":"outofstock","10":"taxable","11":"shipping-taxable","12":"purchasable","13":"product-type-simple"},"jetpack_sharing_enabled":true,"_links":{"self":[{"href":"https:\/\/ddt.lv\/lv\/wp-json\/wp\/v2\/product\/29171"}],"collection":[{"href":"https:\/\/ddt.lv\/lv\/wp-json\/wp\/v2\/product"}],"about":[{"href":"https:\/\/ddt.lv\/lv\/wp-json\/wp\/v2\/types\/product"}],"replies":[{"embeddable":true,"href":"https:\/\/ddt.lv\/lv\/wp-json\/wp\/v2\/comments?post=29171"}],"wp:featuredmedia":[{"embeddable":true,"href":"https:\/\/ddt.lv\/lv\/wp-json\/wp\/v2\/media\/29194"}],"wp:attachment":[{"href":"https:\/\/ddt.lv\/lv\/wp-json\/wp\/v2\/media?parent=29171"}],"wp:term":[{"taxonomy":"product_cat","embeddable":true,"href":"https:\/\/ddt.lv\/lv\/wp-json\/wp\/v2\/product_cat?post=29171"},{"taxonomy":"product_tag","embeddable":true,"href":"https:\/\/ddt.lv\/lv\/wp-json\/wp\/v2\/product_tag?post=29171"},{"taxonomy":"yst_prominent_words","embeddable":true,"href":"https:\/\/ddt.lv\/lv\/wp-json\/wp\/v2\/yst_prominent_words?post=29171"}],"curies":[{"name":"wp","href":"https:\/\/api.w.org\/{rel}","templated":true}]}}