{"id":29169,"date":"2021-10-27T13:50:22","date_gmt":"2021-10-27T10:50:22","guid":{"rendered":"https:\/\/ddt.lv\/lv\/product\/virtuves-svari-digitalie-bluetooth-5kg-hrometi-platinet\/"},"modified":"2026-04-08T14:40:41","modified_gmt":"2026-04-08T11:40:41","slug":"virtuves-svari-digitalie-bluetooth-5kg-hrometi-platinet","status":"publish","type":"product","link":"https:\/\/ddt.lv\/lv\/product\/virtuves-svari-digitalie-bluetooth-5kg-hrometi-platinet\/","title":{"rendered":"Virtuves svari digit\u0101lie\/bluetooth 5kg, hrom\u0113ti PLATINET"},"content":{"rendered":"<p>Viedie virtuves svari \u013cauj uzraudz\u012bt produktu svaru, kalorijas un uzturvielas, izmantojot Bluetooth savienojumu ar mobilo aplik\u0101ciju viedt\u0101lrun\u012b. Bluetooth iOS\/Android lietotne. Kaloriju un uzturvielu apr\u0113\u0137ins .Liels LCD ekr\u0101ns.  1. Iesl\u0113dziet mobilo aplik\u0101ciju, izv\u0113lieties no saraksta atbilsto\u0161o produktu un p\u0113c tam novietojiet to uz svariem. 2. Pamatojoties uz svara un lieto\u0161anas datiem, tiks apr\u0113\u0137in\u0101ts svars, kalorijas un uzturvielu v\u0113rt\u012bbas. 3. Dati tiks arhiv\u0113ti lietojumprogrammas atmi\u0146\u0101.  Efekt\u012bvai di\u0113tai nepiecie\u0161ama ne tikai svara kontrole, bet ar\u012b kalorijas un uzturvielas. Zinot, k\u0101das sast\u0101vda\u013cas j\u016bsu \u0137ermenim ir vajadz\u012bgas, var b\u016bt iz\u0161\u0137iro\u0161a noz\u012bme j\u016bsu vesel\u012bbai. Produkts atbilst vis\u0101m nepiecie\u0161amaj\u0101m pras\u012bb\u0101m, lai \u013cautu tam non\u0101kt saskar\u0113 ar p\u0101rtiku. Svari ir izgatavoti no augstas kvalit\u0101tes materi\u0101la, no kura ir viegli no\u0146emt net\u012brumus \u2013 nepiecie\u0161ama tikai mitra dr\u0101na.  Maksim\u0101l\u0101 slodze: 5000 g. Precizit\u0101te: 1 g. M\u0113rvien\u012bba: g \/ ml \/ oz \/ lb. oz. Mobil\u0101 lietojumprogramma: iOS , Android .Inform\u0101cija par p\u0101rslodzi. Autom\u0101tiskas iesl\u0113g\u0161anas un izsl\u0113g\u0161anas.  Komplekt\u0101 2X AAA . Sveram\u0101 plat\u012bba 18&#215;18 cm. Izgatavoti no ner\u016bs\u0113jo\u0161\u0101 t\u0113rauda (virsma). Apak\u0161\u0101 plastmasas pretsl\u012bdes p\u0113das (4 gab.) .Izl\u0101des indikators.<br \/>\n<\/p>","protected":false},"excerpt":{"rendered":"<p>Viedie virtuves svari \u013cauj uzraudz\u012bt produktu svaru, kalorijas un uzturvielas, izmantojot Bluetooth savienojumu ar mobilo aplik\u0101ciju viedt\u0101lrun\u012b. Bluetooth iOS\/Android lietotne. Kaloriju un uzturvielu apr\u0113\u0137ins .Liels LCD ekr\u0101ns. 1. Iesl\u0113dziet mobilo aplik\u0101ciju, izv\u0113lieties no saraksta atbilsto\u0161o produktu un p\u0113c tam novietojiet to uz svariem. 2. Pamatojoties uz svara un lieto\u0161anas datiem, tiks apr\u0113\u0137in\u0101ts svars, kalorijas un [&hellip;]<\/p>\n","protected":false},"featured_media":29200,"comment_status":"closed","ping_status":"closed","template":"","meta":{"inline_featured_image":false},"product_cat":[793],"product_tag":[],"yst_prominent_words":[],"class_list":{"0":"post-29169","1":"product","2":"type-product","3":"status-publish","4":"has-post-thumbnail","6":"product_cat-virtuves-svari","8":"first","9":"instock","10":"taxable","11":"shipping-taxable","12":"purchasable","13":"product-type-simple"},"jetpack_sharing_enabled":true,"_links":{"self":[{"href":"https:\/\/ddt.lv\/lv\/wp-json\/wp\/v2\/product\/29169"}],"collection":[{"href":"https:\/\/ddt.lv\/lv\/wp-json\/wp\/v2\/product"}],"about":[{"href":"https:\/\/ddt.lv\/lv\/wp-json\/wp\/v2\/types\/product"}],"replies":[{"embeddable":true,"href":"https:\/\/ddt.lv\/lv\/wp-json\/wp\/v2\/comments?post=29169"}],"wp:featuredmedia":[{"embeddable":true,"href":"https:\/\/ddt.lv\/lv\/wp-json\/wp\/v2\/media\/29200"}],"wp:attachment":[{"href":"https:\/\/ddt.lv\/lv\/wp-json\/wp\/v2\/media?parent=29169"}],"wp:term":[{"taxonomy":"product_cat","embeddable":true,"href":"https:\/\/ddt.lv\/lv\/wp-json\/wp\/v2\/product_cat?post=29169"},{"taxonomy":"product_tag","embeddable":true,"href":"https:\/\/ddt.lv\/lv\/wp-json\/wp\/v2\/product_tag?post=29169"},{"taxonomy":"yst_prominent_words","embeddable":true,"href":"https:\/\/ddt.lv\/lv\/wp-json\/wp\/v2\/yst_prominent_words?post=29169"}],"curies":[{"name":"wp","href":"https:\/\/api.w.org\/{rel}","templated":true}]}}