{"id":29166,"date":"2021-10-27T13:50:22","date_gmt":"2021-10-27T10:50:22","guid":{"rendered":"https:\/\/ddt.lv\/lv\/product\/tejkanna-1-7l-2400w-mateta-peleka-platinet\/"},"modified":"2026-04-08T14:26:46","modified_gmt":"2026-04-08T11:26:46","slug":"tejkanna-1-7l-2400w-mateta-peleka-platinet","status":"publish","type":"product","link":"https:\/\/ddt.lv\/lv\/product\/tejkanna-1-7l-2400w-mateta-peleka-platinet\/","title":{"rendered":"T\u0113jkanna 1.7L 2400W mat\u0113ta\/pel\u0113ka PLATINET"},"content":{"rendered":"<p>Stil\u012bgs un elegants Velvet t\u0113jkannu dizains main\u012bs j\u016bsu virtuves interjeru, nodro\u0161inot augst\u0101ko kvalit\u0101ti un funkcionalit\u0101ti vienlaikus! Pateicoties lielajai jaudai l\u012bdz 2400 W, t\u0113jkanna samazina \u016bdens v\u0101r\u012b\u0161an\u0101s laiku, kas ietaupa gan laiku, gan naudu. Liela t\u0113jkannas jauda garant\u0113 \u0101tr\u0101ku \u016bdens uzv\u0101r\u012b\u0161anos un maz\u0101ku ener\u0123ijas pat\u0113ri\u0146u.  Ietilp\u012bga t\u0113jkanna ir lieliski piem\u0113rota liel\u0101kai \u0123imenei .Pateicoties 1,7 L tilpumam, t\u0101 viegli uzv\u0101r\u012bs \u016bdeni visiem \u0123imenes locek\u013ciem vienlaikus.Ier\u012bces lieto\u0161anas komforts tiek palielin\u0101ts, pateicoties groz\u0101majai pamatnei \u2013 t\u0113jkannu var novietot uz t\u0101s jebkur\u0101 poz\u012bcij\u0101. \u016adens l\u012bme\u0146a indikators pal\u012bdz\u0113s \u0101tri p\u0101rbaud\u012bt \u016bdens daudzumu t\u0113jkann\u0101, neatverot v\u0101ku.  Autom\u0101tisk\u0101 izsl\u0113g\u0161an\u0101s sensora lieto\u0161ana \u013cauj t\u0113jkannai p\u0101rtraukt \u016bdens v\u0101r\u012b\u0161anu, kad tas sasniedz pareizo temperat\u016bru, t\u0101p\u0113c jums nav j\u0101uztraucas, ka \u016bdens p\u0101rv\u0101r\u012bsies, ja aizmirs\u012bsiet t\u0113jkannu manu\u0101li izsl\u0113gt.  Pretka\u013c\u0137a filtrs nov\u0113r\u0161 ka\u013c\u0137akmens nok\u013c\u016b\u0161anu gl\u0101z\u0113, kas \u013caus baud\u012bt patie\u0161\u0101m t\u012bru \u016bdeni un dzidru uzl\u0113jumu.  Ner\u016bs\u0113jo\u0161\u0101 t\u0113rauda korpuss ar baltu p\u0101rkl\u0101jumu un koka rokturi. Stat\u012bvs: bezvadu 360 gr\u0101di. Kabe\u013ca garums: 75 cm.<\/p>\n<p><\/p>","protected":false},"excerpt":{"rendered":"<p>Stil\u012bgs un elegants Velvet t\u0113jkannu dizains main\u012bs j\u016bsu virtuves interjeru, nodro\u0161inot augst\u0101ko kvalit\u0101ti un funkcionalit\u0101ti vienlaikus! Pateicoties lielajai jaudai l\u012bdz 2400 W, t\u0113jkanna samazina \u016bdens v\u0101r\u012b\u0161an\u0101s laiku, kas ietaupa gan laiku, gan naudu. Liela t\u0113jkannas jauda garant\u0113 \u0101tr\u0101ku \u016bdens uzv\u0101r\u012b\u0161anos un maz\u0101ku ener\u0123ijas pat\u0113ri\u0146u. Ietilp\u012bga t\u0113jkanna ir lieliski piem\u0113rota liel\u0101kai \u0123imenei .Pateicoties 1,7 L tilpumam, [&hellip;]<\/p>\n","protected":false},"featured_media":29206,"comment_status":"closed","ping_status":"closed","template":"","meta":{"inline_featured_image":false},"product_cat":[772,523],"product_tag":[],"yst_prominent_words":[],"class_list":{"0":"post-29166","1":"product","2":"type-product","3":"status-publish","4":"has-post-thumbnail","6":"product_cat-atlaides","7":"product_cat-tejkannas-kafijas-automati","9":"first","10":"outofstock","11":"sale","12":"taxable","13":"shipping-taxable","14":"purchasable","15":"product-type-simple"},"jetpack_sharing_enabled":true,"_links":{"self":[{"href":"https:\/\/ddt.lv\/lv\/wp-json\/wp\/v2\/product\/29166"}],"collection":[{"href":"https:\/\/ddt.lv\/lv\/wp-json\/wp\/v2\/product"}],"about":[{"href":"https:\/\/ddt.lv\/lv\/wp-json\/wp\/v2\/types\/product"}],"replies":[{"embeddable":true,"href":"https:\/\/ddt.lv\/lv\/wp-json\/wp\/v2\/comments?post=29166"}],"wp:featuredmedia":[{"embeddable":true,"href":"https:\/\/ddt.lv\/lv\/wp-json\/wp\/v2\/media\/29206"}],"wp:attachment":[{"href":"https:\/\/ddt.lv\/lv\/wp-json\/wp\/v2\/media?parent=29166"}],"wp:term":[{"taxonomy":"product_cat","embeddable":true,"href":"https:\/\/ddt.lv\/lv\/wp-json\/wp\/v2\/product_cat?post=29166"},{"taxonomy":"product_tag","embeddable":true,"href":"https:\/\/ddt.lv\/lv\/wp-json\/wp\/v2\/product_tag?post=29166"},{"taxonomy":"yst_prominent_words","embeddable":true,"href":"https:\/\/ddt.lv\/lv\/wp-json\/wp\/v2\/yst_prominent_words?post=29166"}],"curies":[{"name":"wp","href":"https:\/\/api.w.org\/{rel}","templated":true}]}}