{"id":29164,"date":"2021-10-27T13:50:21","date_gmt":"2021-10-27T10:50:21","guid":{"rendered":"https:\/\/ddt.lv\/lv\/product\/tosters-2-grauzdiniem-matets-peleks-platinet\/"},"modified":"2026-04-08T14:40:38","modified_gmt":"2026-04-08T11:40:38","slug":"tosters-2-grauzdiniem-matets-peleks-platinet","status":"publish","type":"product","link":"https:\/\/ddt.lv\/lv\/product\/tosters-2-grauzdiniem-matets-peleks-platinet\/","title":{"rendered":"Tosters 2 grauzdi\u0146iem mat\u0113ts\/pel\u0113ks PLATINET"},"content":{"rendered":"<p>Stil\u012bgs un elegants Velvet s\u0113rijas tostera dizains main\u012bs j\u016bsu virtuves interjeru, vienlaikus nodro\u0161inot uzticamu kvalit\u0101ti un funkcionalit\u0101ti! Atkaus\u0113\u0161anas funkcija \u013caus pagatavot siltus, krauk\u0161\u0137\u012bgus grauzdi\u0146us pat tad, ja maize v\u0113l ir sasalusi! Pateicoties \u012bpa\u0161ajai funkcijai, tosteris vispirms atkaus\u0113s un p\u0113c tam apbr\u016bnin\u0101s \u0161\u0137\u0113les. Vai nev\u0113laties brokast\u012bs ietur\u0113t grauzdi\u0146us? Nek\u0101du probl\u0113mu! Varat izmantot \u012bpa\u0161u stat\u012bvu, novietot to uz tostera un \u0101tri uzsild\u012bt savus iecien\u012btos kruas\u0101nus vai maiz\u012btes, tos neapgrauzd\u0113jot! Neatkar\u012bgi no t\u0101, cik br\u016bni grauzdi\u0146i jums pat\u012bk, pateicoties \u0161\u0137\u0113l\u012b\u0161u apbr\u016bnin\u0101\u0161anas regul\u0113\u0161anas funkcijai, varat tos pagatavot tie\u0161i t\u0101, k\u0101 v\u0113laties! Pateicoties iz\u0146emamai drupu papl\u0101tei, jums vairs nav j\u0101uztraucas par nek\u0101rt\u012bbu virtuv\u0113! Papl\u0101te sav\u0101c drupa\u010das, kas nokr\u012bt no \u0161\u0137\u0113l\u012bt\u0113m, t\u0101s apbr\u016bninot \u2013 vienk\u0101r\u0161i izb\u012bdiet to un viegli not\u012briet p\u0113c brokast\u012bm.  Ietilp\u012bba: 2 \u0161\u0137\u0113les. Darb\u012bbas re\u017e\u012bms: 6 br\u016bnin\u0101\u0161anas l\u012bme\u0146i. Funkcijas: sild\u012b\u0161ana \/ atkaus\u0113\u0161ana. Ier\u012bces jauda:  850 W .Spriegums: 220-240V. Materi\u0101ls: ner\u016bs\u0113jo\u0161\u0101 t\u0113rauda korpuss ar baltu p\u0101rkl\u0101jumu un koka pog\u0101m. Kabe\u013ca garums: 80 cm.<\/p>","protected":false},"excerpt":{"rendered":"<p>Stil\u012bgs un elegants Velvet s\u0113rijas tostera dizains main\u012bs j\u016bsu virtuves interjeru, vienlaikus nodro\u0161inot uzticamu kvalit\u0101ti un funkcionalit\u0101ti! Atkaus\u0113\u0161anas funkcija \u013caus pagatavot siltus, krauk\u0161\u0137\u012bgus grauzdi\u0146us pat tad, ja maize v\u0113l ir sasalusi! Pateicoties \u012bpa\u0161ajai funkcijai, tosteris vispirms atkaus\u0113s un p\u0113c tam apbr\u016bnin\u0101s \u0161\u0137\u0113les. Vai nev\u0113laties brokast\u012bs ietur\u0113t grauzdi\u0146us? Nek\u0101du probl\u0113mu! Varat izmantot \u012bpa\u0161u stat\u012bvu, novietot to [&hellip;]<\/p>\n","protected":false},"featured_media":29225,"comment_status":"closed","ping_status":"closed","template":"","meta":{"inline_featured_image":false},"product_cat":[531],"product_tag":[],"yst_prominent_words":[],"class_list":{"0":"post-29164","1":"product","2":"type-product","3":"status-publish","4":"has-post-thumbnail","6":"product_cat-tosteri","8":"first","9":"outofstock","10":"taxable","11":"shipping-taxable","12":"purchasable","13":"product-type-simple"},"jetpack_sharing_enabled":true,"_links":{"self":[{"href":"https:\/\/ddt.lv\/lv\/wp-json\/wp\/v2\/product\/29164"}],"collection":[{"href":"https:\/\/ddt.lv\/lv\/wp-json\/wp\/v2\/product"}],"about":[{"href":"https:\/\/ddt.lv\/lv\/wp-json\/wp\/v2\/types\/product"}],"replies":[{"embeddable":true,"href":"https:\/\/ddt.lv\/lv\/wp-json\/wp\/v2\/comments?post=29164"}],"wp:featuredmedia":[{"embeddable":true,"href":"https:\/\/ddt.lv\/lv\/wp-json\/wp\/v2\/media\/29225"}],"wp:attachment":[{"href":"https:\/\/ddt.lv\/lv\/wp-json\/wp\/v2\/media?parent=29164"}],"wp:term":[{"taxonomy":"product_cat","embeddable":true,"href":"https:\/\/ddt.lv\/lv\/wp-json\/wp\/v2\/product_cat?post=29164"},{"taxonomy":"product_tag","embeddable":true,"href":"https:\/\/ddt.lv\/lv\/wp-json\/wp\/v2\/product_tag?post=29164"},{"taxonomy":"yst_prominent_words","embeddable":true,"href":"https:\/\/ddt.lv\/lv\/wp-json\/wp\/v2\/yst_prominent_words?post=29164"}],"curies":[{"name":"wp","href":"https:\/\/api.w.org\/{rel}","templated":true}]}}