{"id":29118,"date":"2021-10-26T13:40:19","date_gmt":"2021-10-26T10:40:19","guid":{"rendered":"https:\/\/ddt.lv\/lv\/product\/tejkanna-nerusejosa-terauda-1-8l-1500w-bruna-omega\/"},"modified":"2026-04-13T10:00:42","modified_gmt":"2026-04-13T07:00:42","slug":"tejkanna-nerusejosa-terauda-1-8l-1500w-bruna-omega","status":"publish","type":"product","link":"https:\/\/ddt.lv\/lv\/product\/tejkanna-nerusejosa-terauda-1-8l-1500w-bruna-omega\/","title":{"rendered":"T\u0113jkanna ner\u016bs\u0113jo\u0161\u0101 t\u0113rauda 1.8L 1500W br\u016bna OMEGA"},"content":{"rendered":"<p>Omega OEK801 ir elektrisk\u0101 t\u0113jkanna ar \u0113rtu rokturi un groz\u0101mu pamatni. T\u0113jkanna autom\u0101tiski izsl\u0113dzas p\u0113c \u016bdens uzv\u0101r\u012b\u0161anas, un tai ir aizsardz\u012bbas sist\u0113ma nejau\u0161ai iesl\u0113g\u0161anai un darb\u012bbai bez \u016bdens. Groz\u0101m\u0101 pamatne. Materi\u0101ls: ner\u016bs\u0113jo\u0161ais t\u0113rauds un plastmasa Str\u0101vas vada garums: 70 cm Tilpums: 1,8 litri Jauda: 1500 W.<\/p>","protected":false},"excerpt":{"rendered":"<p>Omega OEK801 ir elektrisk\u0101 t\u0113jkanna ar \u0113rtu rokturi un groz\u0101mu pamatni. T\u0113jkanna autom\u0101tiski izsl\u0113dzas p\u0113c \u016bdens uzv\u0101r\u012b\u0161anas, un tai ir aizsardz\u012bbas sist\u0113ma nejau\u0161ai iesl\u0113g\u0161anai un darb\u012bbai bez \u016bdens. Groz\u0101m\u0101 pamatne. Materi\u0101ls: ner\u016bs\u0113jo\u0161ais t\u0113rauds un plastmasa Str\u0101vas vada garums: 70 cm Tilpums: 1,8 litri Jauda: 1500 W.<\/p>\n","protected":false},"featured_media":29119,"comment_status":"closed","ping_status":"closed","template":"","meta":{"inline_featured_image":false},"product_cat":[523],"product_tag":[],"yst_prominent_words":[],"class_list":{"0":"post-29118","1":"product","2":"type-product","3":"status-publish","4":"has-post-thumbnail","6":"product_cat-tejkannas-kafijas-automati","8":"first","9":"outofstock","10":"taxable","11":"shipping-taxable","12":"purchasable","13":"product-type-simple"},"jetpack_sharing_enabled":true,"_links":{"self":[{"href":"https:\/\/ddt.lv\/lv\/wp-json\/wp\/v2\/product\/29118"}],"collection":[{"href":"https:\/\/ddt.lv\/lv\/wp-json\/wp\/v2\/product"}],"about":[{"href":"https:\/\/ddt.lv\/lv\/wp-json\/wp\/v2\/types\/product"}],"replies":[{"embeddable":true,"href":"https:\/\/ddt.lv\/lv\/wp-json\/wp\/v2\/comments?post=29118"}],"wp:featuredmedia":[{"embeddable":true,"href":"https:\/\/ddt.lv\/lv\/wp-json\/wp\/v2\/media\/29119"}],"wp:attachment":[{"href":"https:\/\/ddt.lv\/lv\/wp-json\/wp\/v2\/media?parent=29118"}],"wp:term":[{"taxonomy":"product_cat","embeddable":true,"href":"https:\/\/ddt.lv\/lv\/wp-json\/wp\/v2\/product_cat?post=29118"},{"taxonomy":"product_tag","embeddable":true,"href":"https:\/\/ddt.lv\/lv\/wp-json\/wp\/v2\/product_tag?post=29118"},{"taxonomy":"yst_prominent_words","embeddable":true,"href":"https:\/\/ddt.lv\/lv\/wp-json\/wp\/v2\/yst_prominent_words?post=29118"}],"curies":[{"name":"wp","href":"https:\/\/api.w.org\/{rel}","templated":true}]}}