{"id":29117,"date":"2021-10-26T13:40:19","date_gmt":"2021-10-26T10:40:19","guid":{"rendered":"https:\/\/ddt.lv\/lv\/product\/tejkanna-nerusejosa-terauda-1-7l-1800w-zala-platinet\/"},"modified":"2026-04-06T10:52:38","modified_gmt":"2026-04-06T07:52:38","slug":"tejkanna-nerusejosa-terauda-1-7l-1800w-zala-platinet","status":"publish","type":"product","link":"https:\/\/ddt.lv\/lv\/product\/tejkanna-nerusejosa-terauda-1-7l-1800w-zala-platinet\/","title":{"rendered":"T\u0113jkanna ner\u016bs\u0113jo\u0161\u0101 t\u0113rauda 1.7L 1800W za\u013ca PLATINET"},"content":{"rendered":"<p>Platinet elektrisk\u0101 t\u0113jkanna modelis PEKD1818 garant\u0113 \u0101trumu un uzticam\u012bbu, k\u0101 ar\u012b augstu darba kvalit\u0101ti.PEKD1818 modelis ir inovat\u012bvs j\u016bsu virtuves risin\u0101jums. Jauda: 1800W. Spriegums: 220-240V.Materi\u0101ls: ner\u016bs\u0113jo\u0161ais t\u0113rauds.Melna kr\u0101sa.Tilpums: 1700 ml.Kabe\u013ca garums: 75 cm.Pagrieziena b\u0101ze: 360 gr\u0101di.T\u0113jkanna, kas apr\u012bkota ar iek\u0161\u0113jo \u016bdens l\u012bme\u0146a indikatoru.Moderns dizains, augsta kvalit\u0101te.Dubulta aizsardz\u012bba pret tuk\u0161as t\u0113jkannas uzv\u0101r\u012b\u0161anu.Kont\u016brveida padeve, kas nov\u0113r\u0161 iz\u0161\u013cakst\u012b\u0161anos.<\/p>","protected":false},"excerpt":{"rendered":"<p>Platinet elektrisk\u0101 t\u0113jkanna modelis PEKD1818 garant\u0113 \u0101trumu un uzticam\u012bbu, k\u0101 ar\u012b augstu darba kvalit\u0101ti.PEKD1818 modelis ir inovat\u012bvs j\u016bsu virtuves risin\u0101jums. Jauda: 1800W. Spriegums: 220-240V.Materi\u0101ls: ner\u016bs\u0113jo\u0161ais t\u0113rauds.Melna kr\u0101sa.Tilpums: 1700 ml.Kabe\u013ca garums: 75 cm.Pagrieziena b\u0101ze: 360 gr\u0101di.T\u0113jkanna, kas apr\u012bkota ar iek\u0161\u0113jo \u016bdens l\u012bme\u0146a indikatoru.Moderns dizains, augsta kvalit\u0101te.Dubulta aizsardz\u012bba pret tuk\u0161as t\u0113jkannas uzv\u0101r\u012b\u0161anu.Kont\u016brveida padeve, kas nov\u0113r\u0161 iz\u0161\u013cakst\u012b\u0161anos.<\/p>\n","protected":false},"featured_media":29126,"comment_status":"closed","ping_status":"closed","template":"","meta":{"inline_featured_image":false},"product_cat":[772,523],"product_tag":[],"yst_prominent_words":[],"class_list":{"0":"post-29117","1":"product","2":"type-product","3":"status-publish","4":"has-post-thumbnail","6":"product_cat-atlaides","7":"product_cat-tejkannas-kafijas-automati","9":"first","10":"outofstock","11":"sale","12":"taxable","13":"shipping-taxable","14":"purchasable","15":"product-type-simple"},"jetpack_sharing_enabled":true,"_links":{"self":[{"href":"https:\/\/ddt.lv\/lv\/wp-json\/wp\/v2\/product\/29117"}],"collection":[{"href":"https:\/\/ddt.lv\/lv\/wp-json\/wp\/v2\/product"}],"about":[{"href":"https:\/\/ddt.lv\/lv\/wp-json\/wp\/v2\/types\/product"}],"replies":[{"embeddable":true,"href":"https:\/\/ddt.lv\/lv\/wp-json\/wp\/v2\/comments?post=29117"}],"wp:featuredmedia":[{"embeddable":true,"href":"https:\/\/ddt.lv\/lv\/wp-json\/wp\/v2\/media\/29126"}],"wp:attachment":[{"href":"https:\/\/ddt.lv\/lv\/wp-json\/wp\/v2\/media?parent=29117"}],"wp:term":[{"taxonomy":"product_cat","embeddable":true,"href":"https:\/\/ddt.lv\/lv\/wp-json\/wp\/v2\/product_cat?post=29117"},{"taxonomy":"product_tag","embeddable":true,"href":"https:\/\/ddt.lv\/lv\/wp-json\/wp\/v2\/product_tag?post=29117"},{"taxonomy":"yst_prominent_words","embeddable":true,"href":"https:\/\/ddt.lv\/lv\/wp-json\/wp\/v2\/yst_prominent_words?post=29117"}],"curies":[{"name":"wp","href":"https:\/\/api.w.org\/{rel}","templated":true}]}}