{"id":29116,"date":"2021-10-26T13:40:18","date_gmt":"2021-10-26T10:40:18","guid":{"rendered":"https:\/\/ddt.lv\/lv\/product\/stavlampa-180cm-e27-e14-60w-25w-max-240v-balta-ip20-platinet\/"},"modified":"2026-04-22T08:45:49","modified_gmt":"2026-04-22T05:45:49","slug":"stavlampa-180cm-e27-e14-60w-25w-max-240v-balta-ip20-platinet","status":"publish","type":"product","link":"https:\/\/ddt.lv\/lv\/product\/stavlampa-180cm-e27-e14-60w-25w-max-240v-balta-ip20-platinet\/","title":{"rendered":"St\u0101vlampa 180cm E27+ E14 60W 25W max. 240V balta IP20 Platinet"},"content":{"rendered":"<p>Atbalst\u0101mo spuld\u017eu tips: E27 max 60W, E14 max 25W.<br \/>\nMet\u0101la un plastmasas apdare.<br \/>\nRegul\u0113jams las\u012b\u0161anas lampas rokturis.<br \/>\nPFLF066GR lampa izce\u013cas ar stil\u012bgu, minim\u0101listisku dizainu. Izgatavota no augstas kvalit\u0101tes materi\u0101liem, padara lampu par pievilc\u012bgu apr\u012bkojumu. Tas lieliski iederas viesistab\u0101, jaunie\u0161u istab\u0101, viesistab\u0101, \u0113damistab\u0101, virtuv\u0113 vai biroj\u0101 un, pateicoties savam dizainam, lieliski iek\u013caujas modern\u0101 un klasisk\u0101 interjer\u0101<\/p>\n<p>TEHNISK\u0100S SPECIFIK\u0100CIJAS<\/p>\n<p>E27 60W E14 25W spuldzes.<br \/>\nBaro\u0161ana: 230-240V. 50 \/ 60Hz.<br \/>\nStara le\u0146\u0137is: 120 \u00b0.<br \/>\nIP aizsardz\u012bbas klase: IP20.<br \/>\nIzm\u0113ri: augstums 180 cm, pamatne 22 cm.<br \/>\nB\u016bvmateri\u0101ls: met\u0101ls, plastmasa.<\/p>","protected":false},"excerpt":{"rendered":"<p>Atbalst\u0101mo spuld\u017eu tips: E27 max 60W, E14 max 25W. Met\u0101la un plastmasas apdare. Regul\u0113jams las\u012b\u0161anas lampas rokturis. PFLF066GR lampa izce\u013cas ar stil\u012bgu, minim\u0101listisku dizainu. Izgatavota no augstas kvalit\u0101tes materi\u0101liem, padara lampu par pievilc\u012bgu apr\u012bkojumu. Tas lieliski iederas viesistab\u0101, jaunie\u0161u istab\u0101, viesistab\u0101, \u0113damistab\u0101, virtuv\u0113 vai biroj\u0101 un, pateicoties savam dizainam, lieliski iek\u013caujas modern\u0101 un klasisk\u0101 interjer\u0101 [&hellip;]<\/p>\n","protected":false},"featured_media":29135,"comment_status":"closed","ping_status":"closed","template":"","meta":{"inline_featured_image":false},"product_cat":[1292],"product_tag":[],"yst_prominent_words":[],"class_list":{"0":"post-29116","1":"product","2":"type-product","3":"status-publish","4":"has-post-thumbnail","6":"product_cat-galda-lampas-un-stavlampas-apgaismojums","8":"first","9":"outofstock","10":"taxable","11":"shipping-taxable","12":"purchasable","13":"product-type-simple"},"jetpack_sharing_enabled":true,"_links":{"self":[{"href":"https:\/\/ddt.lv\/lv\/wp-json\/wp\/v2\/product\/29116"}],"collection":[{"href":"https:\/\/ddt.lv\/lv\/wp-json\/wp\/v2\/product"}],"about":[{"href":"https:\/\/ddt.lv\/lv\/wp-json\/wp\/v2\/types\/product"}],"replies":[{"embeddable":true,"href":"https:\/\/ddt.lv\/lv\/wp-json\/wp\/v2\/comments?post=29116"}],"wp:featuredmedia":[{"embeddable":true,"href":"https:\/\/ddt.lv\/lv\/wp-json\/wp\/v2\/media\/29135"}],"wp:attachment":[{"href":"https:\/\/ddt.lv\/lv\/wp-json\/wp\/v2\/media?parent=29116"}],"wp:term":[{"taxonomy":"product_cat","embeddable":true,"href":"https:\/\/ddt.lv\/lv\/wp-json\/wp\/v2\/product_cat?post=29116"},{"taxonomy":"product_tag","embeddable":true,"href":"https:\/\/ddt.lv\/lv\/wp-json\/wp\/v2\/product_tag?post=29116"},{"taxonomy":"yst_prominent_words","embeddable":true,"href":"https:\/\/ddt.lv\/lv\/wp-json\/wp\/v2\/yst_prominent_words?post=29116"}],"curies":[{"name":"wp","href":"https:\/\/api.w.org\/{rel}","templated":true}]}}