{"id":29115,"date":"2021-10-26T13:40:18","date_gmt":"2021-10-26T10:40:18","guid":{"rendered":"https:\/\/ddt.lv\/lv\/product\/meteostacija-digitala-bezvadu-2aaa-omega\/"},"modified":"2026-04-01T00:20:46","modified_gmt":"2026-03-31T21:20:46","slug":"meteostacija-digitala-bezvadu-2aaa-omega","status":"publish","type":"product","link":"https:\/\/ddt.lv\/lv\/product\/meteostacija-digitala-bezvadu-2aaa-omega\/","title":{"rendered":"Meteostacija digit\u0101la bezvadu 2AAA OMEGA"},"content":{"rendered":"<p>Omega OWS20 meteorolo\u0123isk\u0101 stacija sniegs Jums nepiecie\u0161amo inform\u0101ciju par iek\u0161telpu temperat\u016bru un mitrumu, ko iesp\u0113jams arhiv\u0113t ier\u012bces atmi\u0146\u0101. Pateicoties lielajam LCD displejam, visi r\u0101d\u012bjumi tiek par\u0101d\u012bti ekr\u0101n\u0101. Ekr\u0101n\u0101 redzam\u0101 inform\u0101cija ir skaidra un saprotama. Magn\u0113tiskais savienojums. Temperat\u016bras diapazons: 0 \u00b0C &#8211; +50 \u00b0C .Mitruma diapazons: 20% &#8211; 95% RH. Temperat\u016bra \u00b0C vai \u00b0F .Aizmugurgaismots displejs .Izm\u0113ri: 87 \u00d7 87 \u00d7 20 mm. LCD ekr\u0101na izm\u0113ri: 50 \u00d7 50 mm .Svars: 70 grami. Baro\u0161ana: 2 \u00d7 AAA baterijas. M\u0113r\u012bjumu bie\u017eums: ik p\u0113c 30 sekund\u0113m.<\/p>\n<p><\/p>","protected":false},"excerpt":{"rendered":"<p>Omega OWS20 meteorolo\u0123isk\u0101 stacija sniegs Jums nepiecie\u0161amo inform\u0101ciju par iek\u0161telpu temperat\u016bru un mitrumu, ko iesp\u0113jams arhiv\u0113t ier\u012bces atmi\u0146\u0101. Pateicoties lielajam LCD displejam, visi r\u0101d\u012bjumi tiek par\u0101d\u012bti ekr\u0101n\u0101. Ekr\u0101n\u0101 redzam\u0101 inform\u0101cija ir skaidra un saprotama. Magn\u0113tiskais savienojums. Temperat\u016bras diapazons: 0 \u00b0C &#8211; +50 \u00b0C .Mitruma diapazons: 20% &#8211; 95% RH. Temperat\u016bra \u00b0C vai \u00b0F .Aizmugurgaismots displejs [&hellip;]<\/p>\n","protected":false},"featured_media":29133,"comment_status":"closed","ping_status":"closed","template":"","meta":{"inline_featured_image":false},"product_cat":[541],"product_tag":[],"yst_prominent_words":[],"class_list":{"0":"post-29115","1":"product","2":"type-product","3":"status-publish","4":"has-post-thumbnail","6":"product_cat-termometri-meteostacijas","8":"first","9":"outofstock","10":"taxable","11":"shipping-taxable","12":"purchasable","13":"product-type-simple"},"jetpack_sharing_enabled":true,"_links":{"self":[{"href":"https:\/\/ddt.lv\/lv\/wp-json\/wp\/v2\/product\/29115"}],"collection":[{"href":"https:\/\/ddt.lv\/lv\/wp-json\/wp\/v2\/product"}],"about":[{"href":"https:\/\/ddt.lv\/lv\/wp-json\/wp\/v2\/types\/product"}],"replies":[{"embeddable":true,"href":"https:\/\/ddt.lv\/lv\/wp-json\/wp\/v2\/comments?post=29115"}],"wp:featuredmedia":[{"embeddable":true,"href":"https:\/\/ddt.lv\/lv\/wp-json\/wp\/v2\/media\/29133"}],"wp:attachment":[{"href":"https:\/\/ddt.lv\/lv\/wp-json\/wp\/v2\/media?parent=29115"}],"wp:term":[{"taxonomy":"product_cat","embeddable":true,"href":"https:\/\/ddt.lv\/lv\/wp-json\/wp\/v2\/product_cat?post=29115"},{"taxonomy":"product_tag","embeddable":true,"href":"https:\/\/ddt.lv\/lv\/wp-json\/wp\/v2\/product_tag?post=29115"},{"taxonomy":"yst_prominent_words","embeddable":true,"href":"https:\/\/ddt.lv\/lv\/wp-json\/wp\/v2\/yst_prominent_words?post=29115"}],"curies":[{"name":"wp","href":"https:\/\/api.w.org\/{rel}","templated":true}]}}