{"id":29114,"date":"2021-10-26T13:40:17","date_gmt":"2021-10-26T10:40:17","guid":{"rendered":"https:\/\/ddt.lv\/lv\/product\/lukturis-power-bank-aluminija-uzladejams-usb-10w-led-250lm-zoom-platinet\/"},"modified":"2026-04-13T10:00:42","modified_gmt":"2026-04-13T07:00:42","slug":"lukturis-power-bank-aluminija-uzladejams-usb-10w-led-250lm-zoom-platinet","status":"publish","type":"product","link":"https:\/\/ddt.lv\/lv\/product\/lukturis-power-bank-aluminija-uzladejams-usb-10w-led-250lm-zoom-platinet\/","title":{"rendered":"Lukturis+Power Bank alum\u012bnija uzl\u0101d\u0113jams USB 10W LED 250lm ZOOM Platinet"},"content":{"rendered":"<p>LED lukturis ar jaudas banku un regul\u0113jamu apgaismojumu (t\u0101lummai\u0146as funkcija).<br \/>\n250 l\u016bmeni.<br \/>\n\u016adensdro\u0161s.<br \/>\nT\u0101lummai\u0146as re\u017e\u012bms.<br \/>\nJaudas bankas funkcija.<br \/>\nIeb\u016bv\u0113ts akumulators.<br \/>\nMicro USB uzl\u0101de.<br \/>\nEner\u0123ijas taup\u012b\u0161anas LED apgaismojums ar 10 W jaudu un 250 l\u016bmenu spilgtumu veiksm\u012bgi izgaismo j\u016bs visos veidos. Ieb\u016bv\u0113t\u0101 t\u0101lummai\u0146as funkcija \u013caus prec\u012bz\u0101k virz\u012bt gaismu uz v\u0113lamo elementu.<br \/>\nLukturis ir apr\u012bkots ar ieb\u016bv\u0113tu akumulatoru, un t\u0101 uzl\u0101de tiek veikta, izmantojot standarta MicroUSB savienot\u0101ju.<\/p>\n<p>\u0160is luktur\u012btis ir apr\u012bkots ar\u012b ar standarta pilna izm\u0113ra USB savienot\u0101ju, lai j\u016bs var\u0113tu pievienot jebkuru mobilo ier\u012bci (piem., viedt\u0101lruni, plan\u0161etdatoru) un uzl\u0101d\u0113t t\u0101 akumulatoru. Lukturis darbojas k\u0101 str\u0101vas padeve un nodod uzkr\u0101to ener\u0123iju pievienotajai ier\u012bcei.<\/p>\n<p>Ciet\u0101 korpusa d\u0113\u013c luktur\u012btis labi iederas rok\u0101 un nebaid\u0101s no skr\u0101p\u0113jumiem un kritieniem no maza augstuma.<br \/>\nBaro\u0161ana: 4.5V DC 500mA<br \/>\nKalpo\u0161anas laiks: 50 000 apgaismojuma stundu, 100 000 iesl\u0113g\u0161anas\/izsl\u0113g\u0161anas ciklu.<br \/>\nKr\u0101su temperat\u016bra: 6000K.<br \/>\nGaisma: 1x T6 LED.<br \/>\nGaismas pl\u016bsma: max 250 lm.<br \/>\nCRI: 90 &gt; Ra &gt; 80.<br \/>\nIzm\u0113ri: 135x35x28 mm.<br \/>\nSvars: 135 g.<\/p>\n<p><\/p>","protected":false},"excerpt":{"rendered":"<p>LED lukturis ar jaudas banku un regul\u0113jamu apgaismojumu (t\u0101lummai\u0146as funkcija). 250 l\u016bmeni. \u016adensdro\u0161s. T\u0101lummai\u0146as re\u017e\u012bms. Jaudas bankas funkcija. Ieb\u016bv\u0113ts akumulators. Micro USB uzl\u0101de. Ener\u0123ijas taup\u012b\u0161anas LED apgaismojums ar 10 W jaudu un 250 l\u016bmenu spilgtumu veiksm\u012bgi izgaismo j\u016bs visos veidos. Ieb\u016bv\u0113t\u0101 t\u0101lummai\u0146as funkcija \u013caus prec\u012bz\u0101k virz\u012bt gaismu uz v\u0113lamo elementu. Lukturis ir apr\u012bkots ar ieb\u016bv\u0113tu [&hellip;]<\/p>\n","protected":false},"featured_media":29138,"comment_status":"closed","ping_status":"closed","template":"","meta":{"inline_featured_image":false},"product_cat":[726],"product_tag":[],"yst_prominent_words":[],"class_list":{"0":"post-29114","1":"product","2":"type-product","3":"status-publish","4":"has-post-thumbnail","6":"product_cat-kabatas","8":"first","9":"outofstock","10":"taxable","11":"shipping-taxable","12":"purchasable","13":"product-type-simple"},"jetpack_sharing_enabled":true,"_links":{"self":[{"href":"https:\/\/ddt.lv\/lv\/wp-json\/wp\/v2\/product\/29114"}],"collection":[{"href":"https:\/\/ddt.lv\/lv\/wp-json\/wp\/v2\/product"}],"about":[{"href":"https:\/\/ddt.lv\/lv\/wp-json\/wp\/v2\/types\/product"}],"replies":[{"embeddable":true,"href":"https:\/\/ddt.lv\/lv\/wp-json\/wp\/v2\/comments?post=29114"}],"wp:featuredmedia":[{"embeddable":true,"href":"https:\/\/ddt.lv\/lv\/wp-json\/wp\/v2\/media\/29138"}],"wp:attachment":[{"href":"https:\/\/ddt.lv\/lv\/wp-json\/wp\/v2\/media?parent=29114"}],"wp:term":[{"taxonomy":"product_cat","embeddable":true,"href":"https:\/\/ddt.lv\/lv\/wp-json\/wp\/v2\/product_cat?post=29114"},{"taxonomy":"product_tag","embeddable":true,"href":"https:\/\/ddt.lv\/lv\/wp-json\/wp\/v2\/product_tag?post=29114"},{"taxonomy":"yst_prominent_words","embeddable":true,"href":"https:\/\/ddt.lv\/lv\/wp-json\/wp\/v2\/yst_prominent_words?post=29114"}],"curies":[{"name":"wp","href":"https:\/\/api.w.org\/{rel}","templated":true}]}}