{"id":29113,"date":"2021-10-26T13:40:17","date_gmt":"2021-10-26T10:40:17","guid":{"rendered":"https:\/\/ddt.lv\/lv\/product\/lukturis-galvas-uzladejams-ar-sensoru-3w-led-90lm-platinet\/"},"modified":"2026-04-17T13:25:25","modified_gmt":"2026-04-17T10:25:25","slug":"lukturis-galvas-uzladejams-ar-sensoru-3w-led-90lm-platinet","status":"publish","type":"product","link":"https:\/\/ddt.lv\/lv\/product\/lukturis-galvas-uzladejams-ar-sensoru-3w-led-90lm-platinet\/","title":{"rendered":"Lukturis galvas uzl\u0101d\u0113jams ar sensoru 3W LED 90lm Platinet"},"content":{"rendered":"<p>Lampas baltajai gaismai ir dabisks nokr\u0101sa, kas nodro\u0161ina, ka izgaismotie objekti paliek dabiski. Lietot\u0101jam ir iesp\u0113ja izv\u0113l\u0113ties augsta apgaismojuma, parast\u0101 vai v\u0101ja apgaismojuma re\u017e\u012bmu.<br \/>\nSarkan\u0101 gaisma ir neaizvietojama tums\u0101. Tas ir saudz\u012bgs pret ac\u012bm un nodro\u0161ina daudz liel\u0101ku perif\u0113risko redzi nek\u0101 balt\u0101 gaisma \u2013 m\u0113s redzam vair\u0101k nek\u0101 tikai apgaismotu laukumu.<br \/>\nLampa ir apr\u012bkota ar akumulatoru ar ietilp\u012bbu 1200 mAh, kas<br \/>\nnodro\u0161ina nep\u0101rtrauktu baltu gaismu 4 stundas un l\u012bdz 20 stund\u0101m<br \/>\nkv\u0113lojo\u0161a sarkana gaisma. Uzl\u0101de tiek veikta caur savienot\u0101ju<br \/>\nMicroUSB, t\u0101p\u0113c iek\u0101rtu var uzl\u0101d\u0113t ar telefona l\u0101d\u0113t\u0101ju.<br \/>\nNomin\u0101l\u0101 jauda: 3W.<br \/>\nKr\u0101sa: melna, oran\u017ea.<br \/>\nNomin\u0101l\u0101 gaismas pl\u016bsma: 90lm\/w = 270lm.<br \/>\nKr\u0101su temperat\u016bra: 6700-7500K.<br \/>\nL\u0101d\u0113t\u0101ja spriegums: DC 5V.<br \/>\nL\u0101d\u0113t\u0101js: 0,5 m USB kabelis.<br \/>\nLED tips un daudzums:<br \/>\n1x SMD3535LED + 2x SMDSD5630 (sarkans).<br \/>\nCRI: Ra &gt;= 70.<br \/>\nIP aizsardz\u012bbas klase: IP20.<br \/>\nIzm\u0113ri: 62x42x43,3mm<br \/>\nUzl\u0101des laiks: 4h<br \/>\nIzl\u0101des laiks:<br \/>\n4h (balta gaisma),<br \/>\n20h (sarkan\u0101 gaisma).<\/p>","protected":false},"excerpt":{"rendered":"<p>Lampas baltajai gaismai ir dabisks nokr\u0101sa, kas nodro\u0161ina, ka izgaismotie objekti paliek dabiski. Lietot\u0101jam ir iesp\u0113ja izv\u0113l\u0113ties augsta apgaismojuma, parast\u0101 vai v\u0101ja apgaismojuma re\u017e\u012bmu. Sarkan\u0101 gaisma ir neaizvietojama tums\u0101. Tas ir saudz\u012bgs pret ac\u012bm un nodro\u0161ina daudz liel\u0101ku perif\u0113risko redzi nek\u0101 balt\u0101 gaisma \u2013 m\u0113s redzam vair\u0101k nek\u0101 tikai apgaismotu laukumu. Lampa ir apr\u012bkota ar [&hellip;]<\/p>\n","protected":false},"featured_media":29143,"comment_status":"closed","ping_status":"closed","template":"","meta":{"inline_featured_image":false},"product_cat":[727],"product_tag":[],"yst_prominent_words":[],"class_list":{"0":"post-29113","1":"product","2":"type-product","3":"status-publish","4":"has-post-thumbnail","6":"product_cat-galvas","8":"first","9":"outofstock","10":"taxable","11":"shipping-taxable","12":"purchasable","13":"product-type-simple"},"jetpack_sharing_enabled":true,"_links":{"self":[{"href":"https:\/\/ddt.lv\/lv\/wp-json\/wp\/v2\/product\/29113"}],"collection":[{"href":"https:\/\/ddt.lv\/lv\/wp-json\/wp\/v2\/product"}],"about":[{"href":"https:\/\/ddt.lv\/lv\/wp-json\/wp\/v2\/types\/product"}],"replies":[{"embeddable":true,"href":"https:\/\/ddt.lv\/lv\/wp-json\/wp\/v2\/comments?post=29113"}],"wp:featuredmedia":[{"embeddable":true,"href":"https:\/\/ddt.lv\/lv\/wp-json\/wp\/v2\/media\/29143"}],"wp:attachment":[{"href":"https:\/\/ddt.lv\/lv\/wp-json\/wp\/v2\/media?parent=29113"}],"wp:term":[{"taxonomy":"product_cat","embeddable":true,"href":"https:\/\/ddt.lv\/lv\/wp-json\/wp\/v2\/product_cat?post=29113"},{"taxonomy":"product_tag","embeddable":true,"href":"https:\/\/ddt.lv\/lv\/wp-json\/wp\/v2\/product_tag?post=29113"},{"taxonomy":"yst_prominent_words","embeddable":true,"href":"https:\/\/ddt.lv\/lv\/wp-json\/wp\/v2\/yst_prominent_words?post=29113"}],"curies":[{"name":"wp","href":"https:\/\/api.w.org\/{rel}","templated":true}]}}