{"id":29112,"date":"2021-10-26T13:40:16","date_gmt":"2021-10-26T10:40:16","guid":{"rendered":"https:\/\/ddt.lv\/lv\/product\/led-vintage-filament-e27-4w-2200k-55-65lm-w-spuldze-platinet-3\/"},"modified":"2026-04-08T14:40:45","modified_gmt":"2026-04-08T11:40:45","slug":"led-vintage-filament-e27-4w-2200k-55-65lm-w-spuldze-platinet-3","status":"publish","type":"product","link":"https:\/\/ddt.lv\/lv\/product\/led-vintage-filament-e27-4w-2200k-55-65lm-w-spuldze-platinet\/","title":{"rendered":"LED VINTAGE Filament E27 4W 2200K 55-65lm\/W spuldze Platinet"},"content":{"rendered":"<p>PLATINET ART dekorat\u012bv\u0101s spuldzes pal\u012bdz\u0113s jums rad\u012bt unik\u0101lu atmosf\u0113ru, ko iedvesmoju\u0161i pirmie Tomasa Edisona projekti, vienlaikus saglab\u0101jot moderno gaismas dio\u017eu dro\u0161\u012bbu un energoefektivit\u0101ti.<br \/>\nSpuldze izstaro maigu, siltu gaismu, kas uzsver interjera est\u0113tisko v\u0113rt\u012bbu. Tam ir redzams kv\u0113ldiegs s\u0101kotn\u0113j\u0101 form\u0101, kas izskat\u0101s est\u0113tiski piesaistot uzman\u012bbu.<br \/>\nSpuldze ir apr\u012bkota ar standarta E27 v\u012btni, pateicoties kurai t\u0101 darbojas ar liel\u0101ko da\u013cu tirg\u016b pieejamo aba\u017e\u016bru.<br \/>\nProdukt\u0101 tiek izmantotas augstas kvalit\u0101tes gaismas diodes, kuras ir dro\u0161as lieto\u0161an\u0101 un kur\u0101m rakstur\u012bga augsta energoefektivit\u0101te.<br \/>\n   Jauda: 4W.<br \/>\n    V\u012btne: E27.<br \/>\n    Gaismas kr\u0101sa: silti balta 2200K.<br \/>\n    Gaismas pl\u016bsma: 300lm.<\/p>","protected":false},"excerpt":{"rendered":"<p>PLATINET ART dekorat\u012bv\u0101s spuldzes pal\u012bdz\u0113s jums rad\u012bt unik\u0101lu atmosf\u0113ru, ko iedvesmoju\u0161i pirmie Tomasa Edisona projekti, vienlaikus saglab\u0101jot moderno gaismas dio\u017eu dro\u0161\u012bbu un energoefektivit\u0101ti. Spuldze izstaro maigu, siltu gaismu, kas uzsver interjera est\u0113tisko v\u0113rt\u012bbu. Tam ir redzams kv\u0113ldiegs s\u0101kotn\u0113j\u0101 form\u0101, kas izskat\u0101s est\u0113tiski piesaistot uzman\u012bbu. Spuldze ir apr\u012bkota ar standarta E27 v\u012btni, pateicoties kurai t\u0101 darbojas [&hellip;]<\/p>\n","protected":false},"featured_media":29148,"comment_status":"closed","ping_status":"closed","template":"","meta":{"inline_featured_image":false},"product_cat":[875],"product_tag":[],"yst_prominent_words":[],"class_list":{"0":"post-29112","1":"product","2":"type-product","3":"status-publish","4":"has-post-thumbnail","6":"product_cat-dekorativas-led-spuldzes-dekorativas-spuldzes-spuldzes","8":"first","9":"outofstock","10":"taxable","11":"shipping-taxable","12":"purchasable","13":"product-type-simple"},"jetpack_sharing_enabled":true,"_links":{"self":[{"href":"https:\/\/ddt.lv\/lv\/wp-json\/wp\/v2\/product\/29112"}],"collection":[{"href":"https:\/\/ddt.lv\/lv\/wp-json\/wp\/v2\/product"}],"about":[{"href":"https:\/\/ddt.lv\/lv\/wp-json\/wp\/v2\/types\/product"}],"replies":[{"embeddable":true,"href":"https:\/\/ddt.lv\/lv\/wp-json\/wp\/v2\/comments?post=29112"}],"wp:featuredmedia":[{"embeddable":true,"href":"https:\/\/ddt.lv\/lv\/wp-json\/wp\/v2\/media\/29148"}],"wp:attachment":[{"href":"https:\/\/ddt.lv\/lv\/wp-json\/wp\/v2\/media?parent=29112"}],"wp:term":[{"taxonomy":"product_cat","embeddable":true,"href":"https:\/\/ddt.lv\/lv\/wp-json\/wp\/v2\/product_cat?post=29112"},{"taxonomy":"product_tag","embeddable":true,"href":"https:\/\/ddt.lv\/lv\/wp-json\/wp\/v2\/product_tag?post=29112"},{"taxonomy":"yst_prominent_words","embeddable":true,"href":"https:\/\/ddt.lv\/lv\/wp-json\/wp\/v2\/yst_prominent_words?post=29112"}],"curies":[{"name":"wp","href":"https:\/\/api.w.org\/{rel}","templated":true}]}}