{"id":29109,"date":"2021-10-26T13:40:15","date_gmt":"2021-10-26T10:40:15","guid":{"rendered":"https:\/\/ddt.lv\/lv\/product\/led-rgb-nakts-lampa-ar-jonizetu-un-mitrinosu-gaisa-plusmu-400ml-230v-platinet\/"},"modified":"2026-04-08T14:40:46","modified_gmt":"2026-04-08T11:40:46","slug":"led-rgb-nakts-lampa-ar-jonizetu-un-mitrinosu-gaisa-plusmu-400ml-230v-platinet","status":"publish","type":"product","link":"https:\/\/ddt.lv\/lv\/product\/led-rgb-nakts-lampa-ar-jonizetu-un-mitrinosu-gaisa-plusmu-400ml-230v-platinet\/","title":{"rendered":"Gaisa mitrin\u0101t\u0101js LED RGB Nakts lampa ar joniz\u0113tu un mitrino\u0161u gaisa pl\u016bsmu 400ml 230V Platinet"},"content":{"rendered":"<p>Platinet Aroma Diffuser Mitrin\u0101t\u0101js ir klusa un praktiska ier\u012bce, kas uzlabo gaisa kvalit\u0101ti un neitraliz\u0113 smakas. Arom\u0101ta difuzoram ir daudzkr\u0101sains LED apgaismojums un tas autom\u0101tiski izsl\u0113dzas, kad \u016bdens beidzas. Pievienojiet ier\u012bcei \u0113terisk\u0101s e\u013c\u013cas, lai rad\u012btu pat\u012bkamu atmosf\u0113ru. Ietilp\u012bba: 400 ml. Laika re\u017e\u012bmi: 1h, 3h, 6h Darb\u012bbas re\u017e\u012bmi: nep\u0101rtraukti vai ar p\u0101rtraukumiem .Zems ener\u0123ijas pat\u0113ri\u0146\u0161. Izmanto\u0161anai ar \u0113teriskaj\u0101m e\u013c\u013c\u0101m.<\/p>\n<p><\/p>","protected":false},"excerpt":{"rendered":"<p>Platinet Aroma Diffuser Mitrin\u0101t\u0101js ir klusa un praktiska ier\u012bce, kas uzlabo gaisa kvalit\u0101ti un neitraliz\u0113 smakas. Arom\u0101ta difuzoram ir daudzkr\u0101sains LED apgaismojums un tas autom\u0101tiski izsl\u0113dzas, kad \u016bdens beidzas. Pievienojiet ier\u012bcei \u0113terisk\u0101s e\u013c\u013cas, lai rad\u012btu pat\u012bkamu atmosf\u0113ru. Ietilp\u012bba: 400 ml. Laika re\u017e\u012bmi: 1h, 3h, 6h Darb\u012bbas re\u017e\u012bmi: nep\u0101rtraukti vai ar p\u0101rtraukumiem .Zems ener\u0123ijas pat\u0113ri\u0146\u0161. Izmanto\u0161anai [&hellip;]<\/p>\n","protected":false},"featured_media":29155,"comment_status":"closed","ping_status":"closed","template":"","meta":{"inline_featured_image":false},"product_cat":[1500],"product_tag":[],"yst_prominent_words":[],"class_list":{"0":"post-29109","1":"product","2":"type-product","3":"status-publish","4":"has-post-thumbnail","6":"product_cat-mitrinataji-jonizetaji","8":"first","9":"outofstock","10":"taxable","11":"shipping-taxable","12":"purchasable","13":"product-type-simple"},"jetpack_sharing_enabled":true,"_links":{"self":[{"href":"https:\/\/ddt.lv\/lv\/wp-json\/wp\/v2\/product\/29109"}],"collection":[{"href":"https:\/\/ddt.lv\/lv\/wp-json\/wp\/v2\/product"}],"about":[{"href":"https:\/\/ddt.lv\/lv\/wp-json\/wp\/v2\/types\/product"}],"replies":[{"embeddable":true,"href":"https:\/\/ddt.lv\/lv\/wp-json\/wp\/v2\/comments?post=29109"}],"wp:featuredmedia":[{"embeddable":true,"href":"https:\/\/ddt.lv\/lv\/wp-json\/wp\/v2\/media\/29155"}],"wp:attachment":[{"href":"https:\/\/ddt.lv\/lv\/wp-json\/wp\/v2\/media?parent=29109"}],"wp:term":[{"taxonomy":"product_cat","embeddable":true,"href":"https:\/\/ddt.lv\/lv\/wp-json\/wp\/v2\/product_cat?post=29109"},{"taxonomy":"product_tag","embeddable":true,"href":"https:\/\/ddt.lv\/lv\/wp-json\/wp\/v2\/product_tag?post=29109"},{"taxonomy":"yst_prominent_words","embeddable":true,"href":"https:\/\/ddt.lv\/lv\/wp-json\/wp\/v2\/yst_prominent_words?post=29109"}],"curies":[{"name":"wp","href":"https:\/\/api.w.org\/{rel}","templated":true}]}}