{"id":29107,"date":"2021-10-26T13:30:21","date_gmt":"2021-10-26T10:30:21","guid":{"rendered":"https:\/\/ddt.lv\/lv\/product\/griestu-lampa-dafne-max-40w-e27-d27x24cm-platinet\/"},"modified":"2026-04-13T10:00:49","modified_gmt":"2026-04-13T07:00:49","slug":"griestu-lampa-dafne-max-40w-e27-d27x24cm-platinet","status":"publish","type":"product","link":"https:\/\/ddt.lv\/lv\/product\/griestu-lampa-dafne-max-40w-e27-d27x24cm-platinet\/","title":{"rendered":"Griestu lampa DAFNE max 40W E27 D27x24cm Platinet"},"content":{"rendered":"<p>PLATINET PPL lampu s\u0113rijai ir kvalitat\u012bvs, moderns dizains ar stil\u012bgu izskatu, kas pie\u0161\u0137irs j\u016bsu interjeram unik\u0101lu izskatu. Lampa lieliski iederas j\u016bsu viesistab\u0101, b\u0113rnistab\u0101, \u0113damistab\u0101, virtuv\u0113 vai biroja telp\u0101. Ar savu moderno dizainu tas lieliski iek\u013caujas gan modern\u0101, gan klasisk\u0101 interjer\u0101. Izmanto E27 spuldzes .- max 40W. &#8211; Baro\u0161anas spriegums: 220-240V. &#8211; Konstrukcija: Stikls+Met\u0101ls. &#8211; Izm\u0113ri: 27x24cm .- Vada garums: 120cm.<\/p>","protected":false},"excerpt":{"rendered":"<p>PLATINET PPL lampu s\u0113rijai ir kvalitat\u012bvs, moderns dizains ar stil\u012bgu izskatu, kas pie\u0161\u0137irs j\u016bsu interjeram unik\u0101lu izskatu. Lampa lieliski iederas j\u016bsu viesistab\u0101, b\u0113rnistab\u0101, \u0113damistab\u0101, virtuv\u0113 vai biroja telp\u0101. Ar savu moderno dizainu tas lieliski iek\u013caujas gan modern\u0101, gan klasisk\u0101 interjer\u0101. Izmanto E27 spuldzes .- max 40W. &#8211; Baro\u0161anas spriegums: 220-240V. &#8211; Konstrukcija: Stikls+Met\u0101ls. &#8211; Izm\u0113ri: [&hellip;]<\/p>\n","protected":false},"featured_media":29161,"comment_status":"closed","ping_status":"closed","template":"","meta":{"inline_featured_image":false},"product_cat":[901],"product_tag":[],"yst_prominent_words":[],"class_list":{"0":"post-29107","1":"product","2":"type-product","3":"status-publish","4":"has-post-thumbnail","6":"product_cat-gaismekli-iekarti-gaismekli-apgaismojums","8":"first","9":"instock","10":"taxable","11":"shipping-taxable","12":"purchasable","13":"product-type-simple"},"jetpack_sharing_enabled":true,"_links":{"self":[{"href":"https:\/\/ddt.lv\/lv\/wp-json\/wp\/v2\/product\/29107"}],"collection":[{"href":"https:\/\/ddt.lv\/lv\/wp-json\/wp\/v2\/product"}],"about":[{"href":"https:\/\/ddt.lv\/lv\/wp-json\/wp\/v2\/types\/product"}],"replies":[{"embeddable":true,"href":"https:\/\/ddt.lv\/lv\/wp-json\/wp\/v2\/comments?post=29107"}],"wp:featuredmedia":[{"embeddable":true,"href":"https:\/\/ddt.lv\/lv\/wp-json\/wp\/v2\/media\/29161"}],"wp:attachment":[{"href":"https:\/\/ddt.lv\/lv\/wp-json\/wp\/v2\/media?parent=29107"}],"wp:term":[{"taxonomy":"product_cat","embeddable":true,"href":"https:\/\/ddt.lv\/lv\/wp-json\/wp\/v2\/product_cat?post=29107"},{"taxonomy":"product_tag","embeddable":true,"href":"https:\/\/ddt.lv\/lv\/wp-json\/wp\/v2\/product_tag?post=29107"},{"taxonomy":"yst_prominent_words","embeddable":true,"href":"https:\/\/ddt.lv\/lv\/wp-json\/wp\/v2\/yst_prominent_words?post=29107"}],"curies":[{"name":"wp","href":"https:\/\/api.w.org\/{rel}","templated":true}]}}