{"id":29077,"date":"2021-10-25T15:30:23","date_gmt":"2021-10-25T12:30:23","guid":{"rendered":"https:\/\/ddt.lv\/lv\/product\/galda-lampa-ar-wi-fi-telefona-ladetaju-10w-dim-3200k-6500k-melna-platinet\/"},"modified":"2026-04-13T10:00:47","modified_gmt":"2026-04-13T07:00:47","slug":"galda-lampa-ar-wi-fi-telefona-ladetaju-10w-dim-3200k-6500k-melna-platinet","status":"publish","type":"product","link":"https:\/\/ddt.lv\/lv\/product\/galda-lampa-ar-wi-fi-telefona-ladetaju-10w-dim-3200k-6500k-melna-platinet\/","title":{"rendered":"Galda lampa ar BEZVADU telefona l\u0101d\u0113t\u0101ju 10W  3200K-6500K melna Platinet"},"content":{"rendered":"<p>Daudzfunkcion\u0101la LED galda lampa ar ieb\u016bv\u0113tu bezvadu l\u0101d\u0113t\u0101ju. GALVEN\u0100S \u012aPA\u0160\u012aBAS Bezvadu uzl\u0101de Sl\u012bpuma regul\u0113\u0161ana Minim\u0101lisma dizains Kompakts izm\u0113rs BEZVADU L\u0100D\u0112\u0160ANA Lampas pamatnei ir virsma bezvadu uzl\u0101dei no ier\u012bc\u0113m, kas ir sader\u012bgas ar to.<br \/>\nBaro\u0161anas avots &#8211; ieeja: 5V \/ 3A.<br \/>\nBaro\u0161ana &#8211; izeja: 5V \/ 1A.<br \/>\nBezvadu l\u0101d\u0113t\u0101ja jauda: 5W.<br \/>\nUzl\u0101des efektivit\u0101te \ud83d\ude15 70%.<br \/>\nBezvadu uzl\u0101des att\u0101lums: ? 6 mm.<br \/>\nCRI:&gt; 80.<br \/>\nGaismas veids: silts \/ auksts \/ jaukts.<br \/>\nKalpo\u0161anas laiks: 30 000 stundas.<\/p>\n<p><\/p>","protected":false},"excerpt":{"rendered":"<p>Daudzfunkcion\u0101la LED galda lampa ar ieb\u016bv\u0113tu bezvadu l\u0101d\u0113t\u0101ju. GALVEN\u0100S \u012aPA\u0160\u012aBAS Bezvadu uzl\u0101de Sl\u012bpuma regul\u0113\u0161ana Minim\u0101lisma dizains Kompakts izm\u0113rs BEZVADU L\u0100D\u0112\u0160ANA Lampas pamatnei ir virsma bezvadu uzl\u0101dei no ier\u012bc\u0113m, kas ir sader\u012bgas ar to. Baro\u0161anas avots &#8211; ieeja: 5V \/ 3A. Baro\u0161ana &#8211; izeja: 5V \/ 1A. Bezvadu l\u0101d\u0113t\u0101ja jauda: 5W. Uzl\u0101des efektivit\u0101te \ud83d\ude15 70%. Bezvadu [&hellip;]<\/p>\n","protected":false},"featured_media":29078,"comment_status":"closed","ping_status":"closed","template":"","meta":{"inline_featured_image":false},"product_cat":[1292,746],"product_tag":[],"yst_prominent_words":[],"class_list":{"0":"post-29077","1":"product","2":"type-product","3":"status-publish","4":"has-post-thumbnail","6":"product_cat-galda-lampas-un-stavlampas-apgaismojums","7":"product_cat-pagarinataji-pagarinataji-un-sadalitaji","9":"first","10":"outofstock","11":"taxable","12":"shipping-taxable","13":"purchasable","14":"product-type-simple"},"jetpack_sharing_enabled":true,"_links":{"self":[{"href":"https:\/\/ddt.lv\/lv\/wp-json\/wp\/v2\/product\/29077"}],"collection":[{"href":"https:\/\/ddt.lv\/lv\/wp-json\/wp\/v2\/product"}],"about":[{"href":"https:\/\/ddt.lv\/lv\/wp-json\/wp\/v2\/types\/product"}],"replies":[{"embeddable":true,"href":"https:\/\/ddt.lv\/lv\/wp-json\/wp\/v2\/comments?post=29077"}],"wp:featuredmedia":[{"embeddable":true,"href":"https:\/\/ddt.lv\/lv\/wp-json\/wp\/v2\/media\/29078"}],"wp:attachment":[{"href":"https:\/\/ddt.lv\/lv\/wp-json\/wp\/v2\/media?parent=29077"}],"wp:term":[{"taxonomy":"product_cat","embeddable":true,"href":"https:\/\/ddt.lv\/lv\/wp-json\/wp\/v2\/product_cat?post=29077"},{"taxonomy":"product_tag","embeddable":true,"href":"https:\/\/ddt.lv\/lv\/wp-json\/wp\/v2\/product_tag?post=29077"},{"taxonomy":"yst_prominent_words","embeddable":true,"href":"https:\/\/ddt.lv\/lv\/wp-json\/wp\/v2\/yst_prominent_words?post=29077"}],"curies":[{"name":"wp","href":"https:\/\/api.w.org\/{rel}","templated":true}]}}