{"id":29074,"date":"2021-10-25T15:30:22","date_gmt":"2021-10-25T12:30:22","guid":{"rendered":"https:\/\/ddt.lv\/lv\/product\/galda-lampa-e14-25w-240v-melna-metala-42x16-5cm-platinet\/"},"modified":"2026-04-22T08:45:49","modified_gmt":"2026-04-22T05:45:49","slug":"galda-lampa-e14-25w-240v-melna-metala-42x16-5cm-platinet","status":"publish","type":"product","link":"https:\/\/ddt.lv\/lv\/product\/galda-lampa-e14-25w-240v-melna-metala-42x16-5cm-platinet\/","title":{"rendered":"Galda lampa E14 25W 240V melna met\u0101la 42&#215;16.5cm Platinet"},"content":{"rendered":"<p>Platinet PDL2542B ir praktiska galda lampa ar korpusu un aba\u017e\u016bru no met\u0101la. Lieliski piem\u0113rots studij\u0101m, k\u0101 ar\u012b v\u0101jam, delik\u0101tam salona apgaismojumam.<br \/>\nMet\u0101la pamatne un toni.<br \/>\nSavietojams ar E14 spuldz\u0113m.<br \/>\nSpuldzes: E14, jauda maks. 25W (nav iek\u013cauta).<br \/>\nKorpuss: met\u0101ls.<br \/>\nStr\u0101vas kabelis: 1,5 m.<br \/>\n\u0112nas diametrs: 13,5 cm.<br \/>\nAba\u017e\u016bra augstums: 8 cm.<br \/>\nPamatnes diametrs: 16,5 cm.<br \/>\nPamatnes augstums: 8 cm.<br \/>\nKop\u0113jais augstums: 42 cm.<\/p>\n<p><\/p>","protected":false},"excerpt":{"rendered":"<p>Platinet PDL2542B ir praktiska galda lampa ar korpusu un aba\u017e\u016bru no met\u0101la. Lieliski piem\u0113rots studij\u0101m, k\u0101 ar\u012b v\u0101jam, delik\u0101tam salona apgaismojumam. Met\u0101la pamatne un toni. Savietojams ar E14 spuldz\u0113m. Spuldzes: E14, jauda maks. 25W (nav iek\u013cauta). Korpuss: met\u0101ls. Str\u0101vas kabelis: 1,5 m. \u0112nas diametrs: 13,5 cm. Aba\u017e\u016bra augstums: 8 cm. Pamatnes diametrs: 16,5 cm. Pamatnes [&hellip;]<\/p>\n","protected":false},"featured_media":29089,"comment_status":"closed","ping_status":"closed","template":"","meta":{"inline_featured_image":false},"product_cat":[1292],"product_tag":[],"yst_prominent_words":[],"class_list":{"0":"post-29074","1":"product","2":"type-product","3":"status-publish","4":"has-post-thumbnail","6":"product_cat-galda-lampas-un-stavlampas-apgaismojums","8":"first","9":"outofstock","10":"taxable","11":"shipping-taxable","12":"purchasable","13":"product-type-simple"},"jetpack_sharing_enabled":true,"_links":{"self":[{"href":"https:\/\/ddt.lv\/lv\/wp-json\/wp\/v2\/product\/29074"}],"collection":[{"href":"https:\/\/ddt.lv\/lv\/wp-json\/wp\/v2\/product"}],"about":[{"href":"https:\/\/ddt.lv\/lv\/wp-json\/wp\/v2\/types\/product"}],"replies":[{"embeddable":true,"href":"https:\/\/ddt.lv\/lv\/wp-json\/wp\/v2\/comments?post=29074"}],"wp:featuredmedia":[{"embeddable":true,"href":"https:\/\/ddt.lv\/lv\/wp-json\/wp\/v2\/media\/29089"}],"wp:attachment":[{"href":"https:\/\/ddt.lv\/lv\/wp-json\/wp\/v2\/media?parent=29074"}],"wp:term":[{"taxonomy":"product_cat","embeddable":true,"href":"https:\/\/ddt.lv\/lv\/wp-json\/wp\/v2\/product_cat?post=29074"},{"taxonomy":"product_tag","embeddable":true,"href":"https:\/\/ddt.lv\/lv\/wp-json\/wp\/v2\/product_tag?post=29074"},{"taxonomy":"yst_prominent_words","embeddable":true,"href":"https:\/\/ddt.lv\/lv\/wp-json\/wp\/v2\/yst_prominent_words?post=29074"}],"curies":[{"name":"wp","href":"https:\/\/api.w.org\/{rel}","templated":true}]}}