{"id":29073,"date":"2021-10-25T15:30:21","date_gmt":"2021-10-25T12:30:21","guid":{"rendered":"https:\/\/ddt.lv\/lv\/product\/bluetooth-skalrunis-aux-usb-fm-11w-ipx5-platinet\/"},"modified":"2026-04-13T10:00:48","modified_gmt":"2026-04-13T07:00:48","slug":"bluetooth-skalrunis-aux-usb-fm-11w-ipx5-platinet","status":"publish","type":"product","link":"https:\/\/ddt.lv\/lv\/product\/bluetooth-skalrunis-aux-usb-fm-11w-ipx5-platinet\/","title":{"rendered":"Bluetooth Ska\u013crunis AUX\/USB\/FM 11W IPX5 PLATINET"},"content":{"rendered":"<p>\u0112RTS, SKAIDRS DISPLEJS Modelis PMG75 ir apr\u012bkots ar LCD ekr\u0101nu, kas par\u0101da inform\u0101ciju par radio frekvenci, darb\u012bbas re\u017e\u012bmu, ekvalaizera iestat\u012bjumiem vai ien\u0101ko\u0161o zvanu.MODERNS DIZAINS PMG75 mode\u013ca korpuss piesaista uzman\u012bbu ar saviem modernajiem reljefiem. \u0160is apr\u012bkojums izskat\u0101s labi neatkar\u012bgi no t\u0101, kur tas atrodas. LAB\u0100K\u0100 SKA\u0145AS KVALIT\u0100TESka\u013cru\u0146i ar kop\u0113jo jaudu 11 W rada dinamisku, ska\u013cu un skaidru ska\u0146u, kas bag\u0101tin\u0101ta ar dzi\u013ciem un sp\u0113c\u012bgiem basiem. Ieb\u016bv\u0113tais ekvalaizers \u013cauj piel\u0101got ska\u0146u sav\u0101m v\u0113lm\u0113m. M\u016aZIKA NO DAUDZIEM AVOTIEM Savienojumi Bluetooth 4.2 \u013cauj bezvadu re\u017e\u012bm\u0101 izveidot savienojumu ar ier\u012bc\u0113m l\u012bdz 10 metru att\u0101lum\u0101. Lietot\u0101js var izmantot ar\u012b ieb\u016bv\u0113to FM radio uztv\u0113r\u0113ju vai USB savienot\u0101ju (savieno\u0161anai ar, piem\u0113ram, pendrive), atmi\u0146as kartes slotu un 3,5 mm AUX savienot\u0101ju. TEHNISK\u0100S SPECIFIK\u0100CIJAS \u016adensnecaurlaid\u012bgs, IPX5 standarts kop\u0113j\u0101 jauda 11W)Bluetooth v4.2M\u016bzikas atska\u0146o\u0161ana no microSD atmi\u0146as kart\u0113m un zibatmi\u0146as diskiemFM radioAUX-In savienot\u0101jsSka\u013cru\u0146a sist\u0113maEkvalaizers Diapazons l\u012bdz 10mIeb\u016bv\u0113ts akumulators2000mAhIzm\u0113ri: 350x138x138mm<br \/>\ndescription_en &#8211; Platinet PMG75 ir jaun\u0101s paaudzes boombox. \u016adensiztur\u012bgs, Bluetooth savienojums, ietilp\u012bgs akumulators, USB ports, atmi\u0146as kartes savienot\u0101js \u2013 t\u0101s ir tikai da\u017eas no funkcij\u0101m, kas p\u0101rsteidz \u0161o apr\u012bkojumu. M\u0101jas audio tehnika, \u0101ra pas\u0101kumu apska\u0146o\u0161anas sist\u0113ma un varb\u016bt papildus motiv\u0101cija treni\u0146u laik\u0101? PLATINET PMG75 ir univers\u0101ls apr\u012bkojums, kas mums ir apr\u012bkots ar IPX5 \u016bdensiztur\u012bbas sertifik\u0101tu, kas garant\u0113 piln\u012bgu aizsardz\u012bbu pret lietus, \u0161\u013cakat\u0101m vai iegremd\u0113\u0161anas izrais\u012bt\u0101m \u016bdens str\u016bkl\u0101m. \u012apa\u0161\u0101 siksna garant\u0113 \u0113rtu satv\u0113rienu, kas padara ska\u013cru\u0146a transport\u0113\u0161anu v\u0113l \u0113rt\u0101ku. 2000 mAh akumulators \u013caus vair\u0101kas stundas nep\u0101rtraukti atska\u0146ot m\u016bziku. PMG75 modelis ir apr\u012bkots ar LCD ekr\u0101nu, kas par\u0101da inform\u0101ciju par radio frekvenci, darb\u012bbas re\u017e\u012bmu, ekvalaizera iestat\u012bjumiem un ien\u0101ko\u0161o zvanu inform\u0101ciju. Mode\u013ca PMG75 korpuss piesaista uzman\u012bbu ar m\u016bsdien\u012bg\u0101m reljef\u0101m. \u0160is apr\u012bkojums izskat\u0101s labi neatkar\u012bgi no t\u0101, kur tas atrodas. Ska\u013cru\u0146i ar kop\u0113jo jaudu 11W. Augstas kvalit\u0101tes komponenti rada dinamisku, ska\u013cu un skaidru ska\u0146u, kas bag\u0101tin\u0101ta ar dzi\u013cu un sp\u0113c\u012bgu basu. Ieb\u016bv\u0113tais ekvalaizers \u013cauj piel\u0101got ska\u0146u sav\u0101m v\u0113lm\u0113m. Savienojam\u012bba Bluetooth 4.2 \u013cauj izveidot bezvadu savienojumu ar ier\u012bc\u0113m l\u012bdz 10 metru att\u0101lum\u0101. Lietot\u0101js var izmantot ar\u012b ieb\u016bv\u0113to FM radio uztv\u0113r\u0113ju vai USB savienot\u0101ju (savienojumam ar, piem\u0113ram, pendrive), atmi\u0146as kartes slotu un 3,5 mm AUX savienot\u0101ju. \u016adensnecaurlaid\u012bgi, standarta IPX5 stereo ska\u013cru\u0146i: 2 \u00d7 5,5 W (kop\u0113j\u0101 jauda 11 W) Bluetooth v4.2 Atska\u0146ojiet m\u016bziku no microSD atmi\u0146as kart\u0113m un pendrivejiem FM radio AUX-In savienot\u0101js Br\u012bvroku ekvalaizera diapazons l\u012bdz 10 m Ieb\u016bv\u0113ta uzl\u0101d\u0113jama baterija 2000 mAh Izm\u0113ri: 350 \u00d7 138 \u00d7 138 mm<\/p>\n<p><\/p>","protected":false},"excerpt":{"rendered":"<p>\u0112RTS, SKAIDRS DISPLEJS Modelis PMG75 ir apr\u012bkots ar LCD ekr\u0101nu, kas par\u0101da inform\u0101ciju par radio frekvenci, darb\u012bbas re\u017e\u012bmu, ekvalaizera iestat\u012bjumiem vai ien\u0101ko\u0161o zvanu.MODERNS DIZAINS PMG75 mode\u013ca korpuss piesaista uzman\u012bbu ar saviem modernajiem reljefiem. \u0160is apr\u012bkojums izskat\u0101s labi neatkar\u012bgi no t\u0101, kur tas atrodas. LAB\u0100K\u0100 SKA\u0145AS KVALIT\u0100TESka\u013cru\u0146i ar kop\u0113jo jaudu 11 W rada dinamisku, ska\u013cu un [&hellip;]<\/p>\n","protected":false},"featured_media":29093,"comment_status":"closed","ping_status":"closed","template":"","meta":{"inline_featured_image":false},"product_cat":[845],"product_tag":[],"yst_prominent_words":[],"class_list":{"0":"post-29073","1":"product","2":"type-product","3":"status-publish","4":"has-post-thumbnail","6":"product_cat-radio-bluetooth-skalruni","8":"first","9":"outofstock","10":"taxable","11":"shipping-taxable","12":"purchasable","13":"product-type-simple"},"jetpack_sharing_enabled":true,"_links":{"self":[{"href":"https:\/\/ddt.lv\/lv\/wp-json\/wp\/v2\/product\/29073"}],"collection":[{"href":"https:\/\/ddt.lv\/lv\/wp-json\/wp\/v2\/product"}],"about":[{"href":"https:\/\/ddt.lv\/lv\/wp-json\/wp\/v2\/types\/product"}],"replies":[{"embeddable":true,"href":"https:\/\/ddt.lv\/lv\/wp-json\/wp\/v2\/comments?post=29073"}],"wp:featuredmedia":[{"embeddable":true,"href":"https:\/\/ddt.lv\/lv\/wp-json\/wp\/v2\/media\/29093"}],"wp:attachment":[{"href":"https:\/\/ddt.lv\/lv\/wp-json\/wp\/v2\/media?parent=29073"}],"wp:term":[{"taxonomy":"product_cat","embeddable":true,"href":"https:\/\/ddt.lv\/lv\/wp-json\/wp\/v2\/product_cat?post=29073"},{"taxonomy":"product_tag","embeddable":true,"href":"https:\/\/ddt.lv\/lv\/wp-json\/wp\/v2\/product_tag?post=29073"},{"taxonomy":"yst_prominent_words","embeddable":true,"href":"https:\/\/ddt.lv\/lv\/wp-json\/wp\/v2\/yst_prominent_words?post=29073"}],"curies":[{"name":"wp","href":"https:\/\/api.w.org\/{rel}","templated":true}]}}