{"id":29072,"date":"2021-10-25T15:30:21","date_gmt":"2021-10-25T12:30:21","guid":{"rendered":"https:\/\/ddt.lv\/lv\/product\/blenderis-1-5l-500w-matets-peleks-platinet\/"},"modified":"2026-04-13T10:00:42","modified_gmt":"2026-04-13T07:00:42","slug":"blenderis-1-5l-500w-matets-peleks-platinet","status":"publish","type":"product","link":"https:\/\/ddt.lv\/lv\/product\/blenderis-1-5l-500w-matets-peleks-platinet\/","title":{"rendered":"Blenderis 1.5L 500W mat\u0113ts\/pel\u0113ks PLATINET"},"content":{"rendered":"<p>Velvet s\u0113rijas blendera stil\u012bgais un elegantais dizains maina j\u016bsu virtuves interjeru, vienlaikus nodro\u0161inot uzticamu kvalit\u0101ti un funkcionalit\u0101ti.<br \/>\nPateicoties ieb\u016bv\u0113tajam speci\u0101lajam fiksatoram, kas ne\u013cauj mikserim iedarbin\u0101ties, ja tas ir nepareizi salikts, j\u016bs varat dro\u0161i pagatavot katru malt\u012bti, neuztraucoties par negad\u012bjumiem.<br \/>\nP\u0113c v\u0101r\u012b\u0161anas not\u012briet visu net\u012brumu. Blendera stikla kr\u016bzi var ar\u012b mazg\u0101t trauku mazg\u0101jamaj\u0101 ma\u0161\u012bn\u0101. Funkcionalit\u0101te.<br \/>\nJ\u016bs varat izv\u0113l\u0113ties piem\u0113rot\u0101ko no vair\u0101kiem \u0101truma l\u012bme\u0146iem \u2013 maz\u0101ku \u0101trumu m\u012bkst\u0101kiem \u0113dieniem un liel\u0101ku \u0101trumu ciet\u0101kiem \u0113dieniem. Pateicoties impulsa re\u017e\u012bmam, j\u016bs varat viegli sajaukt \u0113dienus, tos nesasmalcinot, t\u0101d\u0113j\u0101di nodro\u0161inot piln\u012bgu kontroli p\u0101r gatavo\u0161anas procesu.<br \/>\n1,5 litru stikla kr\u016bze \u013cauj pagatavot visda\u017e\u0101d\u0101kos \u0113dienus \u2013 gan zupas, gan atsvaidzino\u0161us koktei\u013cus, sm\u016btijus vai dz\u0113rienus. Tilpums: 1,5 l. Materi\u0101ls: stikla kr\u016bze, ner\u016bs\u0113jo\u0161\u0101 t\u0113rauda korpuss ar koka pogu. Vada garums: 100 cm. Jauda: 500 W.<\/p>\n<p><\/p>","protected":false},"excerpt":{"rendered":"<p>Velvet s\u0113rijas blendera stil\u012bgais un elegantais dizains maina j\u016bsu virtuves interjeru, vienlaikus nodro\u0161inot uzticamu kvalit\u0101ti un funkcionalit\u0101ti. Pateicoties ieb\u016bv\u0113tajam speci\u0101lajam fiksatoram, kas ne\u013cauj mikserim iedarbin\u0101ties, ja tas ir nepareizi salikts, j\u016bs varat dro\u0161i pagatavot katru malt\u012bti, neuztraucoties par negad\u012bjumiem. P\u0113c v\u0101r\u012b\u0161anas not\u012briet visu net\u012brumu. Blendera stikla kr\u016bzi var ar\u012b mazg\u0101t trauku mazg\u0101jamaj\u0101 ma\u0161\u012bn\u0101. Funkcionalit\u0101te. J\u016bs [&hellip;]<\/p>\n","protected":false},"featured_media":29102,"comment_status":"closed","ping_status":"closed","template":"","meta":{"inline_featured_image":false},"product_cat":[772,535],"product_tag":[],"yst_prominent_words":[],"class_list":{"0":"post-29072","1":"product","2":"type-product","3":"status-publish","4":"has-post-thumbnail","6":"product_cat-atlaides","7":"product_cat-blenderimikserisulasspiedes","9":"first","10":"instock","11":"sale","12":"taxable","13":"shipping-taxable","14":"purchasable","15":"product-type-simple"},"jetpack_sharing_enabled":true,"_links":{"self":[{"href":"https:\/\/ddt.lv\/lv\/wp-json\/wp\/v2\/product\/29072"}],"collection":[{"href":"https:\/\/ddt.lv\/lv\/wp-json\/wp\/v2\/product"}],"about":[{"href":"https:\/\/ddt.lv\/lv\/wp-json\/wp\/v2\/types\/product"}],"replies":[{"embeddable":true,"href":"https:\/\/ddt.lv\/lv\/wp-json\/wp\/v2\/comments?post=29072"}],"wp:featuredmedia":[{"embeddable":true,"href":"https:\/\/ddt.lv\/lv\/wp-json\/wp\/v2\/media\/29102"}],"wp:attachment":[{"href":"https:\/\/ddt.lv\/lv\/wp-json\/wp\/v2\/media?parent=29072"}],"wp:term":[{"taxonomy":"product_cat","embeddable":true,"href":"https:\/\/ddt.lv\/lv\/wp-json\/wp\/v2\/product_cat?post=29072"},{"taxonomy":"product_tag","embeddable":true,"href":"https:\/\/ddt.lv\/lv\/wp-json\/wp\/v2\/product_tag?post=29072"},{"taxonomy":"yst_prominent_words","embeddable":true,"href":"https:\/\/ddt.lv\/lv\/wp-json\/wp\/v2\/yst_prominent_words?post=29072"}],"curies":[{"name":"wp","href":"https:\/\/api.w.org\/{rel}","templated":true}]}}