{"id":29063,"date":"2021-10-25T12:40:14","date_gmt":"2021-10-25T09:40:14","guid":{"rendered":"https:\/\/ddt.lv\/lv\/product\/cr123a-baterija-litijs-foto-3v-box10-procell-duracell\/"},"modified":"2026-04-22T08:45:47","modified_gmt":"2026-04-22T05:45:47","slug":"cr123a-baterija-litijs-foto-3v-box10-procell-duracell","status":"publish","type":"product","link":"https:\/\/ddt.lv\/lv\/product\/cr123a-baterija-litijs-foto-3v-box10-procell-duracell\/","title":{"rendered":"CR123A baterija Litijs Foto 3V Box10 Procell CONSTANT Duracell 10gab\/kast\u0113"},"content":{"rendered":"<p>Uzticama, ilgsto\u0161a ener\u0123ija!<br \/>\nRa\u017eots ar lab\u0101ku dizainu, kas nodro\u0161ina augstas kvalit\u0101tes \u0161\u016bnu konstrukciju. Katrai baterijai ir kvalit\u0101tes garantija. Dizains, dro\u0161\u012bba, ra\u017eo\u0161ana un pie\u0146em\u0161ana atbilst stingriem Procell bateriju standartiem, kas atbilst ANSI un IEC specifik\u0101cij\u0101m.<\/p>\n<p><\/p>","protected":false},"excerpt":{"rendered":"<p>Uzticama, ilgsto\u0161a ener\u0123ija! Ra\u017eots ar lab\u0101ku dizainu, kas nodro\u0161ina augstas kvalit\u0101tes \u0161\u016bnu konstrukciju. Katrai baterijai ir kvalit\u0101tes garantija. Dizains, dro\u0161\u012bba, ra\u017eo\u0161ana un pie\u0146em\u0161ana atbilst stingriem Procell bateriju standartiem, kas atbilst ANSI un IEC specifik\u0101cij\u0101m.<\/p>\n","protected":false},"featured_media":29067,"comment_status":"closed","ping_status":"closed","template":"","meta":{"inline_featured_image":false},"product_cat":[449],"product_tag":[],"yst_prominent_words":[],"class_list":{"0":"post-29063","1":"product","2":"type-product","3":"status-publish","4":"has-post-thumbnail","6":"product_cat-foto-litijs","8":"first","9":"outofstock","10":"taxable","11":"shipping-taxable","12":"purchasable","13":"product-type-simple"},"jetpack_sharing_enabled":true,"_links":{"self":[{"href":"https:\/\/ddt.lv\/lv\/wp-json\/wp\/v2\/product\/29063"}],"collection":[{"href":"https:\/\/ddt.lv\/lv\/wp-json\/wp\/v2\/product"}],"about":[{"href":"https:\/\/ddt.lv\/lv\/wp-json\/wp\/v2\/types\/product"}],"replies":[{"embeddable":true,"href":"https:\/\/ddt.lv\/lv\/wp-json\/wp\/v2\/comments?post=29063"}],"wp:featuredmedia":[{"embeddable":true,"href":"https:\/\/ddt.lv\/lv\/wp-json\/wp\/v2\/media\/29067"}],"wp:attachment":[{"href":"https:\/\/ddt.lv\/lv\/wp-json\/wp\/v2\/media?parent=29063"}],"wp:term":[{"taxonomy":"product_cat","embeddable":true,"href":"https:\/\/ddt.lv\/lv\/wp-json\/wp\/v2\/product_cat?post=29063"},{"taxonomy":"product_tag","embeddable":true,"href":"https:\/\/ddt.lv\/lv\/wp-json\/wp\/v2\/product_tag?post=29063"},{"taxonomy":"yst_prominent_words","embeddable":true,"href":"https:\/\/ddt.lv\/lv\/wp-json\/wp\/v2\/yst_prominent_words?post=29063"}],"curies":[{"name":"wp","href":"https:\/\/api.w.org\/{rel}","templated":true}]}}