{"id":29049,"date":"2021-10-22T16:00:17","date_gmt":"2021-10-22T13:00:17","guid":{"rendered":"https:\/\/ddt.lv\/lv\/product\/universalas-savienojuma-klemmes-3-vadu-32a-450v-0-2-4mm2-iepakoj-10gab-entac\/"},"modified":"2026-04-13T09:57:00","modified_gmt":"2026-04-13T06:57:00","slug":"universalas-savienojuma-klemmes-3-vadu-32a-450v-0-2-4mm2-iepakoj-10gab-entac","status":"publish","type":"product","link":"https:\/\/ddt.lv\/lv\/product\/universalas-savienojuma-klemmes-3-vadu-32a-450v-0-2-4mm2-iepakoj-10gab-entac\/","title":{"rendered":"Univers\u0101l\u0101s savienojuma klemmes 3-vadu 32A\/450V 0.2-4mm2\/ iepakoj.10gab. ENTAC"},"content":{"rendered":"<p>Entac savienot\u0101j klemmes  b\u016bs \u013coti noder\u012bgas m\u0101jsaimniec\u012bb\u0101. Pateicoties kompaktajam izm\u0113ram, t\u0101s var izmantot ar\u012b neliel\u0101s viet\u0101s. \u0160ie izstr\u0101d\u0101jumi ir piem\u0113roti, lai savienotu dz\u012bslu kabe\u013cus ar \u0161\u0137\u0113rsgriezumu no 0,2 l\u012bdz 4 mm2 .<\/p>","protected":false},"excerpt":{"rendered":"<p>Entac savienot\u0101j klemmes b\u016bs \u013coti noder\u012bgas m\u0101jsaimniec\u012bb\u0101. Pateicoties kompaktajam izm\u0113ram, t\u0101s var izmantot ar\u012b neliel\u0101s viet\u0101s. \u0160ie izstr\u0101d\u0101jumi ir piem\u0113roti, lai savienotu dz\u012bslu kabe\u013cus ar \u0161\u0137\u0113rsgriezumu no 0,2 l\u012bdz 4 mm2 .<\/p>\n","protected":false},"featured_media":29065,"comment_status":"closed","ping_status":"closed","template":"","meta":{"inline_featured_image":false},"product_cat":[1419],"product_tag":[],"yst_prominent_words":[],"class_list":{"0":"post-29049","1":"product","2":"type-product","3":"status-publish","4":"has-post-thumbnail","6":"product_cat-savienotajklemmes","8":"first","9":"outofstock","10":"taxable","11":"shipping-taxable","12":"purchasable","13":"product-type-simple"},"jetpack_sharing_enabled":true,"_links":{"self":[{"href":"https:\/\/ddt.lv\/lv\/wp-json\/wp\/v2\/product\/29049"}],"collection":[{"href":"https:\/\/ddt.lv\/lv\/wp-json\/wp\/v2\/product"}],"about":[{"href":"https:\/\/ddt.lv\/lv\/wp-json\/wp\/v2\/types\/product"}],"replies":[{"embeddable":true,"href":"https:\/\/ddt.lv\/lv\/wp-json\/wp\/v2\/comments?post=29049"}],"wp:featuredmedia":[{"embeddable":true,"href":"https:\/\/ddt.lv\/lv\/wp-json\/wp\/v2\/media\/29065"}],"wp:attachment":[{"href":"https:\/\/ddt.lv\/lv\/wp-json\/wp\/v2\/media?parent=29049"}],"wp:term":[{"taxonomy":"product_cat","embeddable":true,"href":"https:\/\/ddt.lv\/lv\/wp-json\/wp\/v2\/product_cat?post=29049"},{"taxonomy":"product_tag","embeddable":true,"href":"https:\/\/ddt.lv\/lv\/wp-json\/wp\/v2\/product_tag?post=29049"},{"taxonomy":"yst_prominent_words","embeddable":true,"href":"https:\/\/ddt.lv\/lv\/wp-json\/wp\/v2\/yst_prominent_words?post=29049"}],"curies":[{"name":"wp","href":"https:\/\/api.w.org\/{rel}","templated":true}]}}