{"id":29037,"date":"2021-10-21T13:40:10","date_gmt":"2021-10-21T10:40:10","guid":{"rendered":"https:\/\/ddt.lv\/lv\/product\/led-vieda-gls-e27-9w-806lm-rgb-w-ar-pulti-spuldze-avide\/"},"modified":"2026-04-13T09:47:43","modified_gmt":"2026-04-13T06:47:43","slug":"led-vieda-gls-e27-9w-806lm-rgb-w-ar-pulti-spuldze-avide","status":"publish","type":"product","link":"https:\/\/ddt.lv\/lv\/product\/led-vieda-gls-e27-9w-806lm-rgb-w-ar-pulti-spuldze-avide\/","title":{"rendered":"LED vied\u0101 GLS E27 9W 806lm RGB+W ar pulti spuldze Avide"},"content":{"rendered":"<p>Ieejas spriegums 220-240 V.<br \/>\nPatrona E27.<br \/>\nForma \tA60.<br \/>\nJauda \t9 W.<br \/>\nSp\u012bd\u0113\u0161anas le\u0146\u0137is 240 \u00b0.<br \/>\nGaismas kr\u0101sa Daudzkr\u0101saina.<br \/>\nKr\u0101su temperat\u016bra RGB + W; 2700 K.<br \/>\nGaismas pl\u016bsma \t806 Lm.<br \/>\nMitrumiztur\u012bbas pak\u0101pe \tIP20.<br \/>\nKalpo\u0161anas ilgums stund\u0101s l\u012bdz: 25 000 stundas.<br \/>\nIesl\u0113g\u0161anas\/Izsl\u0113g\u0161anas cikls 12 500x.<br \/>\nRa \u2265 80.<br \/>\nEnergoefektivit\u0101tes mar\u0137\u0113jums A+.<br \/>\nSpuldzes izm\u0113rs (mm) 60&#215;112 mm.<br \/>\nDimm\u0113jama.<\/p>","protected":false},"excerpt":{"rendered":"<p>Ieejas spriegums 220-240 V. Patrona E27. Forma A60. Jauda 9 W. Sp\u012bd\u0113\u0161anas le\u0146\u0137is 240 \u00b0. Gaismas kr\u0101sa Daudzkr\u0101saina. Kr\u0101su temperat\u016bra RGB + W; 2700 K. Gaismas pl\u016bsma 806 Lm. Mitrumiztur\u012bbas pak\u0101pe IP20. Kalpo\u0161anas ilgums stund\u0101s l\u012bdz: 25 000 stundas. Iesl\u0113g\u0161anas\/Izsl\u0113g\u0161anas cikls 12 500x. Ra \u2265 80. Energoefektivit\u0101tes mar\u0137\u0113jums A+. Spuldzes izm\u0113rs (mm) 60&#215;112 mm. Dimm\u0113jama.<\/p>\n","protected":false},"featured_media":29040,"comment_status":"closed","ping_status":"closed","template":"","meta":{"inline_featured_image":false},"product_cat":[1299],"product_tag":[],"yst_prominent_words":[],"class_list":{"0":"post-29037","1":"product","2":"type-product","3":"status-publish","4":"has-post-thumbnail","6":"product_cat-viedas-spuldzes","8":"first","9":"outofstock","10":"taxable","11":"shipping-taxable","12":"purchasable","13":"product-type-simple"},"jetpack_sharing_enabled":true,"_links":{"self":[{"href":"https:\/\/ddt.lv\/lv\/wp-json\/wp\/v2\/product\/29037"}],"collection":[{"href":"https:\/\/ddt.lv\/lv\/wp-json\/wp\/v2\/product"}],"about":[{"href":"https:\/\/ddt.lv\/lv\/wp-json\/wp\/v2\/types\/product"}],"replies":[{"embeddable":true,"href":"https:\/\/ddt.lv\/lv\/wp-json\/wp\/v2\/comments?post=29037"}],"wp:featuredmedia":[{"embeddable":true,"href":"https:\/\/ddt.lv\/lv\/wp-json\/wp\/v2\/media\/29040"}],"wp:attachment":[{"href":"https:\/\/ddt.lv\/lv\/wp-json\/wp\/v2\/media?parent=29037"}],"wp:term":[{"taxonomy":"product_cat","embeddable":true,"href":"https:\/\/ddt.lv\/lv\/wp-json\/wp\/v2\/product_cat?post=29037"},{"taxonomy":"product_tag","embeddable":true,"href":"https:\/\/ddt.lv\/lv\/wp-json\/wp\/v2\/product_tag?post=29037"},{"taxonomy":"yst_prominent_words","embeddable":true,"href":"https:\/\/ddt.lv\/lv\/wp-json\/wp\/v2\/yst_prominent_words?post=29037"}],"curies":[{"name":"wp","href":"https:\/\/api.w.org\/{rel}","templated":true}]}}