{"id":28978,"date":"2021-10-19T12:40:20","date_gmt":"2021-10-19T09:40:20","guid":{"rendered":"https:\/\/ddt.lv\/lv\/product\/universalas-savienotaj-klemmes-5-vadu-32a-450v-0-2-4mm2-5gab-entac\/"},"modified":"2026-04-08T14:37:15","modified_gmt":"2026-04-08T11:37:15","slug":"universalas-savienotaj-klemmes-5-vadu-32a-450v-0-2-4mm2-5gab-entac","status":"publish","type":"product","link":"https:\/\/ddt.lv\/lv\/product\/universalas-savienotaj-klemmes-5-vadu-32a-450v-0-2-4mm2-5gab-entac\/","title":{"rendered":"Univers\u0101l\u0101s savienot\u0101j klemmes 5-vadu 32A\/450V 0.2-4mm2\/ 5gab ENTAC"},"content":{"rendered":"<p>Entac savienot\u0101j klemmes  b\u016bs \u013coti noder\u012bgas m\u0101jsaimniec\u012bb\u0101. Pateicoties kompaktajam izm\u0113ram, t\u0101s var izmantot ar\u012b neliel\u0101s viet\u0101s. \u0160ie izstr\u0101d\u0101jumi ir piem\u0113roti, lai savienotu dz\u012bslu kabe\u013cus ar \u0161\u0137\u0113rsgriezumu no 0,2 l\u012bdz 4 mm2 .<\/p>","protected":false},"excerpt":{"rendered":"<p>Entac savienot\u0101j klemmes b\u016bs \u013coti noder\u012bgas m\u0101jsaimniec\u012bb\u0101. Pateicoties kompaktajam izm\u0113ram, t\u0101s var izmantot ar\u012b neliel\u0101s viet\u0101s. \u0160ie izstr\u0101d\u0101jumi ir piem\u0113roti, lai savienotu dz\u012bslu kabe\u013cus ar \u0161\u0137\u0113rsgriezumu no 0,2 l\u012bdz 4 mm2 .<\/p>\n","protected":false},"featured_media":28984,"comment_status":"closed","ping_status":"closed","template":"","meta":{"inline_featured_image":false},"product_cat":[1419],"product_tag":[],"yst_prominent_words":[],"class_list":{"0":"post-28978","1":"product","2":"type-product","3":"status-publish","4":"has-post-thumbnail","6":"product_cat-savienotajklemmes","8":"first","9":"instock","10":"taxable","11":"shipping-taxable","12":"purchasable","13":"product-type-simple"},"jetpack_sharing_enabled":true,"_links":{"self":[{"href":"https:\/\/ddt.lv\/lv\/wp-json\/wp\/v2\/product\/28978"}],"collection":[{"href":"https:\/\/ddt.lv\/lv\/wp-json\/wp\/v2\/product"}],"about":[{"href":"https:\/\/ddt.lv\/lv\/wp-json\/wp\/v2\/types\/product"}],"replies":[{"embeddable":true,"href":"https:\/\/ddt.lv\/lv\/wp-json\/wp\/v2\/comments?post=28978"}],"wp:featuredmedia":[{"embeddable":true,"href":"https:\/\/ddt.lv\/lv\/wp-json\/wp\/v2\/media\/28984"}],"wp:attachment":[{"href":"https:\/\/ddt.lv\/lv\/wp-json\/wp\/v2\/media?parent=28978"}],"wp:term":[{"taxonomy":"product_cat","embeddable":true,"href":"https:\/\/ddt.lv\/lv\/wp-json\/wp\/v2\/product_cat?post=28978"},{"taxonomy":"product_tag","embeddable":true,"href":"https:\/\/ddt.lv\/lv\/wp-json\/wp\/v2\/product_tag?post=28978"},{"taxonomy":"yst_prominent_words","embeddable":true,"href":"https:\/\/ddt.lv\/lv\/wp-json\/wp\/v2\/yst_prominent_words?post=28978"}],"curies":[{"name":"wp","href":"https:\/\/api.w.org\/{rel}","templated":true}]}}