{"id":28977,"date":"2021-10-19T12:40:19","date_gmt":"2021-10-19T09:40:19","guid":{"rendered":"https:\/\/ddt.lv\/lv\/product\/reflektor-e27-42w-230v-r63-halogena-spuldze-avide\/"},"modified":"2026-04-01T00:07:33","modified_gmt":"2026-03-31T21:07:33","slug":"reflektor-e27-42w-230v-r63-halogena-spuldze-avide","status":"publish","type":"product","link":"https:\/\/ddt.lv\/lv\/product\/reflektor-e27-42w-230v-r63-halogena-spuldze-avide\/","title":{"rendered":"Reflektor E27 42W 230V R63 halog\u0113na spuldze AVIDE"},"content":{"rendered":"<p>Kontaktligzda E27.<br \/>\nJauda 42 W.<br \/>\nL\u012bdzv\u0113rt\u012bga jaudai 56 W.<br \/>\nSpriegums 220-240 V.<br \/>\nDarba temperat\u016bra -20 &#8211; +40 \u00b0 C.<br \/>\nIP20.<br \/>\nDiametrs 63 mm.<br \/>\nAugstums 100 mm.<br \/>\nLumen izvade 375 lm.<br \/>\nKr\u0101su temperat\u016bra 3000 K.<br \/>\nStara le\u0146\u0137is 30 \u00b0.<\/p>\n<p><\/p>","protected":false},"excerpt":{"rendered":"<p>Kontaktligzda E27. Jauda 42 W. L\u012bdzv\u0113rt\u012bga jaudai 56 W. Spriegums 220-240 V. Darba temperat\u016bra -20 &#8211; +40 \u00b0 C. IP20. Diametrs 63 mm. Augstums 100 mm. Lumen izvade 375 lm. Kr\u0101su temperat\u016bra 3000 K. Stara le\u0146\u0137is 30 \u00b0.<\/p>\n","protected":false},"featured_media":28995,"comment_status":"closed","ping_status":"closed","template":"","meta":{"inline_featured_image":false},"product_cat":[1365],"product_tag":[],"yst_prominent_words":[],"class_list":{"0":"post-28977","1":"product","2":"type-product","3":"status-publish","4":"has-post-thumbnail","6":"product_cat-eco-halogen-spuldzes","8":"first","9":"outofstock","10":"taxable","11":"shipping-taxable","12":"purchasable","13":"product-type-simple"},"jetpack_sharing_enabled":true,"_links":{"self":[{"href":"https:\/\/ddt.lv\/lv\/wp-json\/wp\/v2\/product\/28977"}],"collection":[{"href":"https:\/\/ddt.lv\/lv\/wp-json\/wp\/v2\/product"}],"about":[{"href":"https:\/\/ddt.lv\/lv\/wp-json\/wp\/v2\/types\/product"}],"replies":[{"embeddable":true,"href":"https:\/\/ddt.lv\/lv\/wp-json\/wp\/v2\/comments?post=28977"}],"wp:featuredmedia":[{"embeddable":true,"href":"https:\/\/ddt.lv\/lv\/wp-json\/wp\/v2\/media\/28995"}],"wp:attachment":[{"href":"https:\/\/ddt.lv\/lv\/wp-json\/wp\/v2\/media?parent=28977"}],"wp:term":[{"taxonomy":"product_cat","embeddable":true,"href":"https:\/\/ddt.lv\/lv\/wp-json\/wp\/v2\/product_cat?post=28977"},{"taxonomy":"product_tag","embeddable":true,"href":"https:\/\/ddt.lv\/lv\/wp-json\/wp\/v2\/product_tag?post=28977"},{"taxonomy":"yst_prominent_words","embeddable":true,"href":"https:\/\/ddt.lv\/lv\/wp-json\/wp\/v2\/yst_prominent_words?post=28977"}],"curies":[{"name":"wp","href":"https:\/\/api.w.org\/{rel}","templated":true}]}}