{"id":28975,"date":"2021-10-19T12:30:17","date_gmt":"2021-10-19T09:30:17","guid":{"rendered":"https:\/\/ddt.lv\/lv\/product\/reflektor-r39-e14-42w-624lm-240v-halogen-spuldze-avide\/"},"modified":"2026-04-01T00:17:18","modified_gmt":"2026-03-31T21:17:18","slug":"reflektor-r39-e14-42w-624lm-240v-halogen-spuldze-avide","status":"publish","type":"product","link":"https:\/\/ddt.lv\/lv\/product\/reflektor-r39-e14-42w-624lm-240v-halogen-spuldze-avide\/","title":{"rendered":"Reflektor R39 E14 42W 624lm 240V Halogen spuldze AVIDE"},"content":{"rendered":"<p>Jauda: 42W.<br \/>\nSpriegums: 220-240V.<br \/>\nSijas le\u0146\u0137is: 30 \u00b0.<br \/>\nRegul\u0113jam\u012bba: J\u0101.<br \/>\nLumena jauda: 375lm.<br \/>\nKalpo\u0161anas laiks: 2000 h.<br \/>\nEner\u0123ijas klase: C.<br \/>\nIP standarts: IP20.<\/p>","protected":false},"excerpt":{"rendered":"<p>Jauda: 42W. Spriegums: 220-240V. Sijas le\u0146\u0137is: 30 \u00b0. Regul\u0113jam\u012bba: J\u0101. Lumena jauda: 375lm. Kalpo\u0161anas laiks: 2000 h. Ener\u0123ijas klase: C. IP standarts: IP20.<\/p>\n","protected":false},"featured_media":29000,"comment_status":"closed","ping_status":"closed","template":"","meta":{"inline_featured_image":false},"product_cat":[1365],"product_tag":[],"yst_prominent_words":[],"class_list":{"0":"post-28975","1":"product","2":"type-product","3":"status-publish","4":"has-post-thumbnail","6":"product_cat-eco-halogen-spuldzes","8":"first","9":"instock","10":"taxable","11":"shipping-taxable","12":"purchasable","13":"product-type-simple"},"jetpack_sharing_enabled":true,"_links":{"self":[{"href":"https:\/\/ddt.lv\/lv\/wp-json\/wp\/v2\/product\/28975"}],"collection":[{"href":"https:\/\/ddt.lv\/lv\/wp-json\/wp\/v2\/product"}],"about":[{"href":"https:\/\/ddt.lv\/lv\/wp-json\/wp\/v2\/types\/product"}],"replies":[{"embeddable":true,"href":"https:\/\/ddt.lv\/lv\/wp-json\/wp\/v2\/comments?post=28975"}],"wp:featuredmedia":[{"embeddable":true,"href":"https:\/\/ddt.lv\/lv\/wp-json\/wp\/v2\/media\/29000"}],"wp:attachment":[{"href":"https:\/\/ddt.lv\/lv\/wp-json\/wp\/v2\/media?parent=28975"}],"wp:term":[{"taxonomy":"product_cat","embeddable":true,"href":"https:\/\/ddt.lv\/lv\/wp-json\/wp\/v2\/product_cat?post=28975"},{"taxonomy":"product_tag","embeddable":true,"href":"https:\/\/ddt.lv\/lv\/wp-json\/wp\/v2\/product_tag?post=28975"},{"taxonomy":"yst_prominent_words","embeddable":true,"href":"https:\/\/ddt.lv\/lv\/wp-json\/wp\/v2\/yst_prominent_words?post=28975"}],"curies":[{"name":"wp","href":"https:\/\/api.w.org\/{rel}","templated":true}]}}