{"id":28969,"date":"2021-10-19T12:30:14","date_gmt":"2021-10-19T09:30:14","guid":{"rendered":"https:\/\/ddt.lv\/lv\/product\/g4-10w-12v-101lm-3000k-360-2000h-eco-spuldze-avide\/"},"modified":"2026-04-17T13:26:07","modified_gmt":"2026-04-17T10:26:07","slug":"g4-10w-12v-101lm-3000k-360-2000h-eco-spuldze-avide","status":"publish","type":"product","link":"https:\/\/ddt.lv\/lv\/product\/g4-10w-12v-101lm-3000k-360-2000h-eco-spuldze-avide\/","title":{"rendered":"G4 10W 12V 101lm 3000K 360&#8217; 2000h ECO spuldze AVIDE"},"content":{"rendered":"<p>Ligzda G4.<br \/>\nJauda 10 W.<br \/>\nL\u012bdzv\u0113rt\u012bga jauda 13 W.<br \/>\nSprieguma diapazons DC12 V.<br \/>\nDarba temperat\u016bra -20 &#8211; +40 \u00b0 C.<br \/>\nIP klase IP20.<br \/>\nDiametrs 8 mm.<br \/>\nAugstums 32 mm.<br \/>\nLumena jauda 101 lm.<br \/>\nKr\u0101su temperat\u016bra 3 000 K.<br \/>\nStaru le\u0146\u0137is 360 \u00b0.<\/p>","protected":false},"excerpt":{"rendered":"<p>Ligzda G4. Jauda 10 W. L\u012bdzv\u0113rt\u012bga jauda 13 W. Sprieguma diapazons DC12 V. Darba temperat\u016bra -20 &#8211; +40 \u00b0 C. IP klase IP20. Diametrs 8 mm. Augstums 32 mm. Lumena jauda 101 lm. Kr\u0101su temperat\u016bra 3 000 K. Staru le\u0146\u0137is 360 \u00b0.<\/p>\n","protected":false},"featured_media":29024,"comment_status":"closed","ping_status":"closed","template":"","meta":{"inline_featured_image":false},"product_cat":[1365],"product_tag":[],"yst_prominent_words":[],"class_list":{"0":"post-28969","1":"product","2":"type-product","3":"status-publish","4":"has-post-thumbnail","6":"product_cat-eco-halogen-spuldzes","8":"first","9":"outofstock","10":"taxable","11":"shipping-taxable","12":"purchasable","13":"product-type-simple"},"jetpack_sharing_enabled":true,"_links":{"self":[{"href":"https:\/\/ddt.lv\/lv\/wp-json\/wp\/v2\/product\/28969"}],"collection":[{"href":"https:\/\/ddt.lv\/lv\/wp-json\/wp\/v2\/product"}],"about":[{"href":"https:\/\/ddt.lv\/lv\/wp-json\/wp\/v2\/types\/product"}],"replies":[{"embeddable":true,"href":"https:\/\/ddt.lv\/lv\/wp-json\/wp\/v2\/comments?post=28969"}],"wp:featuredmedia":[{"embeddable":true,"href":"https:\/\/ddt.lv\/lv\/wp-json\/wp\/v2\/media\/29024"}],"wp:attachment":[{"href":"https:\/\/ddt.lv\/lv\/wp-json\/wp\/v2\/media?parent=28969"}],"wp:term":[{"taxonomy":"product_cat","embeddable":true,"href":"https:\/\/ddt.lv\/lv\/wp-json\/wp\/v2\/product_cat?post=28969"},{"taxonomy":"product_tag","embeddable":true,"href":"https:\/\/ddt.lv\/lv\/wp-json\/wp\/v2\/product_tag?post=28969"},{"taxonomy":"yst_prominent_words","embeddable":true,"href":"https:\/\/ddt.lv\/lv\/wp-json\/wp\/v2\/yst_prominent_words?post=28969"}],"curies":[{"name":"wp","href":"https:\/\/api.w.org\/{rel}","templated":true}]}}