{"id":28968,"date":"2021-10-19T12:30:14","date_gmt":"2021-10-19T09:30:14","guid":{"rendered":"https:\/\/ddt.lv\/lv\/product\/lukturis-galvas-uzladejams-usb-3w-led-cob-smd-120lm-ip65-entac\/"},"modified":"2026-04-13T10:00:42","modified_gmt":"2026-04-13T07:00:42","slug":"lukturis-galvas-uzladejams-usb-3w-led-cob-smd-120lm-ip65-entac","status":"publish","type":"product","link":"https:\/\/ddt.lv\/lv\/product\/lukturis-galvas-uzladejams-usb-3w-led-cob-smd-120lm-ip65-entac\/","title":{"rendered":"Lukturis galvas uzl\u0101d\u0113jams USB 3W LED COB+SMD 120lm IP65 ENTAC"},"content":{"rendered":"<p>Jauda: 3W.<br \/>\nGaismas pl\u016bsma: 120Lm.<br \/>\nLED tips: COB + SMD.<br \/>\nMateri\u0101ls: plastmasa.<br \/>\nGalvas rot\u0101cijas le\u0146\u0137is: 90 \u00b0.<br \/>\nApgaismo l\u012bdz 50m.<br \/>\n2 re\u017e\u012bmi: tuvu (COB LED) un t\u0101lu.<br \/>\nDarbojas ar akumulatoru 1 x 18650 (ieb\u016bv\u0113ts).<br \/>\nDarb\u012bbas laiks: l\u012bdz 5 stund\u0101m.<br \/>\nUzl\u0101des laiks 3-4 stundas.<br \/>\nIP aizsardz\u012bba: IP65.<br \/>\nIr magn\u0113ts.<br \/>\n25 cm USB \/ mikro USB kabelis.<br \/>\nUzl\u0101des indikators.<br \/>\nL\u0101d\u0113t\u0101js nav iek\u013cauts komplekt\u0101.<br \/>\nUzl\u0101de no mobil\u0101 t\u0101lru\u0146a l\u0101d\u0113t\u0101ja.<\/p>\n<p><\/p>","protected":false},"excerpt":{"rendered":"<p>Jauda: 3W. Gaismas pl\u016bsma: 120Lm. LED tips: COB + SMD. Materi\u0101ls: plastmasa. Galvas rot\u0101cijas le\u0146\u0137is: 90 \u00b0. Apgaismo l\u012bdz 50m. 2 re\u017e\u012bmi: tuvu (COB LED) un t\u0101lu. Darbojas ar akumulatoru 1 x 18650 (ieb\u016bv\u0113ts). Darb\u012bbas laiks: l\u012bdz 5 stund\u0101m. Uzl\u0101des laiks 3-4 stundas. IP aizsardz\u012bba: IP65. Ir magn\u0113ts. 25 cm USB \/ mikro USB kabelis. [&hellip;]<\/p>\n","protected":false},"featured_media":29027,"comment_status":"closed","ping_status":"closed","template":"","meta":{"inline_featured_image":false},"product_cat":[727],"product_tag":[],"yst_prominent_words":[],"class_list":{"0":"post-28968","1":"product","2":"type-product","3":"status-publish","4":"has-post-thumbnail","6":"product_cat-galvas","8":"first","9":"instock","10":"taxable","11":"shipping-taxable","12":"purchasable","13":"product-type-simple"},"jetpack_sharing_enabled":true,"_links":{"self":[{"href":"https:\/\/ddt.lv\/lv\/wp-json\/wp\/v2\/product\/28968"}],"collection":[{"href":"https:\/\/ddt.lv\/lv\/wp-json\/wp\/v2\/product"}],"about":[{"href":"https:\/\/ddt.lv\/lv\/wp-json\/wp\/v2\/types\/product"}],"replies":[{"embeddable":true,"href":"https:\/\/ddt.lv\/lv\/wp-json\/wp\/v2\/comments?post=28968"}],"wp:featuredmedia":[{"embeddable":true,"href":"https:\/\/ddt.lv\/lv\/wp-json\/wp\/v2\/media\/29027"}],"wp:attachment":[{"href":"https:\/\/ddt.lv\/lv\/wp-json\/wp\/v2\/media?parent=28968"}],"wp:term":[{"taxonomy":"product_cat","embeddable":true,"href":"https:\/\/ddt.lv\/lv\/wp-json\/wp\/v2\/product_cat?post=28968"},{"taxonomy":"product_tag","embeddable":true,"href":"https:\/\/ddt.lv\/lv\/wp-json\/wp\/v2\/product_tag?post=28968"},{"taxonomy":"yst_prominent_words","embeddable":true,"href":"https:\/\/ddt.lv\/lv\/wp-json\/wp\/v2\/yst_prominent_words?post=28968"}],"curies":[{"name":"wp","href":"https:\/\/api.w.org\/{rel}","templated":true}]}}