{"id":28967,"date":"2021-10-19T12:30:14","date_gmt":"2021-10-19T09:30:14","guid":{"rendered":"https:\/\/ddt.lv\/lv\/product\/led-prozektors-parnesajams-trisstura-accu-cob-5w-ip44-300lm-180-6500k-entac\/"},"modified":"2026-04-06T10:56:04","modified_gmt":"2026-04-06T07:56:04","slug":"led-prozektors-parnesajams-trisstura-accu-cob-5w-ip44-300lm-180-6500k-entac","status":"publish","type":"product","link":"https:\/\/ddt.lv\/lv\/product\/led-prozektors-parnesajams-trisstura-accu-cob-5w-ip44-300lm-180-6500k-entac\/","title":{"rendered":"LED pro\u017eektors p\u0101rn\u0113s\u0101jams dro\u0161\u012bbas, tr\u012bsstura ACCU COB 5W IP44 300lm 180&#8242; 6500K ENTAC"},"content":{"rendered":"<p>Pateicoties IP44 aizsardz\u012bbai, \u0161is produkts ir patiesi iztur\u012bgs un to var izmantot ar\u012b mitros apst\u0101k\u013cos. Pateicoties saules funkcijai, tas pied\u0101v\u0101 energoefekt\u012bvu un pieejamu apgaismojuma iesp\u0113ju. Taj\u0101 pa\u0161\u0101 laik\u0101 t\u0101 litija jonu akumulatoru var uzl\u0101d\u0113t ar\u012b ar USB l\u0101d\u0113t\u0101ju, t\u0101d\u0113j\u0101di gaisma ir pieejama jebkur\u0101 situ\u0101cij\u0101. Izmantojot t\u0101s Power Bank funkciju, ar\u012b citas j\u016bsu elektrisk\u0101s ier\u012bces darba laik\u0101 var piek\u013c\u016bt str\u0101vas avotam. Produktam ir 5 W jauda un 300 l\u016bmenu spilgtums, kas nodro\u0161ina redzes diapazonu l\u012bdz 50 metriem. T\u0101s darb\u012bbas laiks ir ne vair\u0101k k\u0101 4 stundas.<\/p>","protected":false},"excerpt":{"rendered":"<p>Pateicoties IP44 aizsardz\u012bbai, \u0161is produkts ir patiesi iztur\u012bgs un to var izmantot ar\u012b mitros apst\u0101k\u013cos. Pateicoties saules funkcijai, tas pied\u0101v\u0101 energoefekt\u012bvu un pieejamu apgaismojuma iesp\u0113ju. Taj\u0101 pa\u0161\u0101 laik\u0101 t\u0101 litija jonu akumulatoru var uzl\u0101d\u0113t ar\u012b ar USB l\u0101d\u0113t\u0101ju, t\u0101d\u0113j\u0101di gaisma ir pieejama jebkur\u0101 situ\u0101cij\u0101. Izmantojot t\u0101s Power Bank funkciju, ar\u012b citas j\u016bsu elektrisk\u0101s ier\u012bces darba [&hellip;]<\/p>\n","protected":false},"featured_media":29019,"comment_status":"closed","ping_status":"closed","template":"","meta":{"inline_featured_image":false},"product_cat":[728],"product_tag":[],"yst_prominent_words":[],"class_list":{"0":"post-28967","1":"product","2":"type-product","3":"status-publish","4":"has-post-thumbnail","6":"product_cat-ar-magnetu","8":"first","9":"instock","10":"taxable","11":"shipping-taxable","12":"purchasable","13":"product-type-simple"},"jetpack_sharing_enabled":true,"_links":{"self":[{"href":"https:\/\/ddt.lv\/lv\/wp-json\/wp\/v2\/product\/28967"}],"collection":[{"href":"https:\/\/ddt.lv\/lv\/wp-json\/wp\/v2\/product"}],"about":[{"href":"https:\/\/ddt.lv\/lv\/wp-json\/wp\/v2\/types\/product"}],"replies":[{"embeddable":true,"href":"https:\/\/ddt.lv\/lv\/wp-json\/wp\/v2\/comments?post=28967"}],"wp:featuredmedia":[{"embeddable":true,"href":"https:\/\/ddt.lv\/lv\/wp-json\/wp\/v2\/media\/29019"}],"wp:attachment":[{"href":"https:\/\/ddt.lv\/lv\/wp-json\/wp\/v2\/media?parent=28967"}],"wp:term":[{"taxonomy":"product_cat","embeddable":true,"href":"https:\/\/ddt.lv\/lv\/wp-json\/wp\/v2\/product_cat?post=28967"},{"taxonomy":"product_tag","embeddable":true,"href":"https:\/\/ddt.lv\/lv\/wp-json\/wp\/v2\/product_tag?post=28967"},{"taxonomy":"yst_prominent_words","embeddable":true,"href":"https:\/\/ddt.lv\/lv\/wp-json\/wp\/v2\/yst_prominent_words?post=28967"}],"curies":[{"name":"wp","href":"https:\/\/api.w.org\/{rel}","templated":true}]}}