{"id":28923,"date":"2021-10-13T14:30:23","date_gmt":"2021-10-13T11:30:23","guid":{"rendered":"https:\/\/ddt.lv\/lv\/product\/fhe-14w-830-t5-luxline-plus-luminiscenta-spuldze-sylvania\/"},"modified":"2026-04-13T10:03:02","modified_gmt":"2026-04-13T07:03:02","slug":"fhe-14w-830-t5-luxline-plus-luminiscenta-spuldze-sylvania","status":"publish","type":"product","link":"https:\/\/ddt.lv\/lv\/product\/fhe-14w-830-t5-luxline-plus-luminiscenta-spuldze-sylvania\/","title":{"rendered":"FHE 14W\/830 T5 Luxline Plus luminiscent\u0101 spuldze Sylvania"},"content":{"rendered":"<p>Fluoresc\u0113jo\u0161a tehnolo\u0123ija.<br \/>\nJauda (nomin\u0101l\u0101) (W) 14.<br \/>\nPamatne G5.<br \/>\nETIM klase EC000108.<br \/>\nGaismas pl\u016bsma (lm) 1200.<br \/>\nKr\u0101su temperat\u016bra (K) 3000.<br \/>\nSilta balta.<br \/>\nCRI (Ra) 85.<br \/>\nProdukta spriegums (V) 82.<br \/>\nDimm\u0113jama.<br \/>\nVid\u0113jais kalpo\u0161anas laiks (nomin\u0101lais) (h) 24000.<br \/>\nProdukta nomin\u0101lais diametrs (mm) 16.<br \/>\nMaks. Garums no pamatnes l\u012bdz pamatnei (mm) &#8211; A 549.0.<\/p>","protected":false},"excerpt":{"rendered":"<p>Fluoresc\u0113jo\u0161a tehnolo\u0123ija. Jauda (nomin\u0101l\u0101) (W) 14. Pamatne G5. ETIM klase EC000108. Gaismas pl\u016bsma (lm) 1200. Kr\u0101su temperat\u016bra (K) 3000. Silta balta. CRI (Ra) 85. Produkta spriegums (V) 82. Dimm\u0113jama. Vid\u0113jais kalpo\u0161anas laiks (nomin\u0101lais) (h) 24000. Produkta nomin\u0101lais diametrs (mm) 16. Maks. Garums no pamatnes l\u012bdz pamatnei (mm) &#8211; A 549.0.<\/p>\n","protected":false},"featured_media":28928,"comment_status":"closed","ping_status":"closed","template":"","meta":{"inline_featured_image":false},"product_cat":[772,860],"product_tag":[],"yst_prominent_words":[],"class_list":{"0":"post-28923","1":"product","2":"type-product","3":"status-publish","4":"has-post-thumbnail","6":"product_cat-atlaides","7":"product_cat-t5-spuldzes-luminiscentas-spuldzes-spuldzes","9":"first","10":"outofstock","11":"sale","12":"taxable","13":"shipping-taxable","14":"purchasable","15":"product-type-simple"},"jetpack_sharing_enabled":true,"_links":{"self":[{"href":"https:\/\/ddt.lv\/lv\/wp-json\/wp\/v2\/product\/28923"}],"collection":[{"href":"https:\/\/ddt.lv\/lv\/wp-json\/wp\/v2\/product"}],"about":[{"href":"https:\/\/ddt.lv\/lv\/wp-json\/wp\/v2\/types\/product"}],"replies":[{"embeddable":true,"href":"https:\/\/ddt.lv\/lv\/wp-json\/wp\/v2\/comments?post=28923"}],"wp:featuredmedia":[{"embeddable":true,"href":"https:\/\/ddt.lv\/lv\/wp-json\/wp\/v2\/media\/28928"}],"wp:attachment":[{"href":"https:\/\/ddt.lv\/lv\/wp-json\/wp\/v2\/media?parent=28923"}],"wp:term":[{"taxonomy":"product_cat","embeddable":true,"href":"https:\/\/ddt.lv\/lv\/wp-json\/wp\/v2\/product_cat?post=28923"},{"taxonomy":"product_tag","embeddable":true,"href":"https:\/\/ddt.lv\/lv\/wp-json\/wp\/v2\/product_tag?post=28923"},{"taxonomy":"yst_prominent_words","embeddable":true,"href":"https:\/\/ddt.lv\/lv\/wp-json\/wp\/v2\/yst_prominent_words?post=28923"}],"curies":[{"name":"wp","href":"https:\/\/api.w.org\/{rel}","templated":true}]}}