{"id":28921,"date":"2021-10-13T14:20:30","date_gmt":"2021-10-13T11:20:30","guid":{"rendered":"https:\/\/ddt.lv\/lv\/product\/f8w-840-sp200-t5-4000k-emergency-luminiscenta-spuldze-sylvania\/"},"modified":"2026-04-13T10:03:02","modified_gmt":"2026-04-13T07:03:02","slug":"f8w-840-sp200-t5-4000k-emergency-luminiscenta-spuldze-sylvania","status":"publish","type":"product","link":"https:\/\/ddt.lv\/lv\/product\/f8w-840-sp200-t5-4000k-emergency-luminiscenta-spuldze-sylvania\/","title":{"rendered":"F8W\/840 Sp200 T5 4000K Emergency luminiscent\u0101 spuldze Sylvania"},"content":{"rendered":"<p>T5 tipa.<br \/>\nPamatne G5.<br \/>\nETIM klase EC000108.<br \/>\nKr\u0101su temperat\u016bra (K) 4000.<br \/>\nCRI (Ra) 82.<br \/>\nJauda (W) 8,00.<br \/>\nProdukta spriegums (V) 56.<br \/>\nRegul\u0113jama.<br \/>\nVid\u0113jais kalpo\u0161anas laiks (nomin\u0101lais) (h) 8000.<br \/>\nNomin\u0101lais produkta garums (mm) 300.0.<br \/>\nProdukta nomin\u0101lais diametrs (mm) 16.<br \/>\nMaks. Garums no pamatnes l\u012bdz pamatnei (mm) &#8211; A 288.3.<\/p>","protected":false},"excerpt":{"rendered":"<p>T5 tipa. Pamatne G5. ETIM klase EC000108. Kr\u0101su temperat\u016bra (K) 4000. CRI (Ra) 82. Jauda (W) 8,00. Produkta spriegums (V) 56. Regul\u0113jama. Vid\u0113jais kalpo\u0161anas laiks (nomin\u0101lais) (h) 8000. Nomin\u0101lais produkta garums (mm) 300.0. Produkta nomin\u0101lais diametrs (mm) 16. Maks. Garums no pamatnes l\u012bdz pamatnei (mm) &#8211; A 288.3.<\/p>\n","protected":false},"featured_media":28929,"comment_status":"closed","ping_status":"closed","template":"","meta":{"inline_featured_image":false},"product_cat":[860],"product_tag":[],"yst_prominent_words":[],"class_list":{"0":"post-28921","1":"product","2":"type-product","3":"status-publish","4":"has-post-thumbnail","6":"product_cat-t5-spuldzes-luminiscentas-spuldzes-spuldzes","8":"first","9":"outofstock","10":"taxable","11":"shipping-taxable","12":"purchasable","13":"product-type-simple"},"jetpack_sharing_enabled":true,"_links":{"self":[{"href":"https:\/\/ddt.lv\/lv\/wp-json\/wp\/v2\/product\/28921"}],"collection":[{"href":"https:\/\/ddt.lv\/lv\/wp-json\/wp\/v2\/product"}],"about":[{"href":"https:\/\/ddt.lv\/lv\/wp-json\/wp\/v2\/types\/product"}],"replies":[{"embeddable":true,"href":"https:\/\/ddt.lv\/lv\/wp-json\/wp\/v2\/comments?post=28921"}],"wp:featuredmedia":[{"embeddable":true,"href":"https:\/\/ddt.lv\/lv\/wp-json\/wp\/v2\/media\/28929"}],"wp:attachment":[{"href":"https:\/\/ddt.lv\/lv\/wp-json\/wp\/v2\/media?parent=28921"}],"wp:term":[{"taxonomy":"product_cat","embeddable":true,"href":"https:\/\/ddt.lv\/lv\/wp-json\/wp\/v2\/product_cat?post=28921"},{"taxonomy":"product_tag","embeddable":true,"href":"https:\/\/ddt.lv\/lv\/wp-json\/wp\/v2\/product_tag?post=28921"},{"taxonomy":"yst_prominent_words","embeddable":true,"href":"https:\/\/ddt.lv\/lv\/wp-json\/wp\/v2\/yst_prominent_words?post=28921"}],"curies":[{"name":"wp","href":"https:\/\/api.w.org\/{rel}","templated":true}]}}