{"id":28920,"date":"2021-10-13T14:20:29","date_gmt":"2021-10-13T11:20:29","guid":{"rendered":"https:\/\/ddt.lv\/lv\/product\/fhe-21w-840-t5-luxline-plus-luminiscenta-spuldze-sylvania-2\/"},"modified":"2026-04-13T10:03:02","modified_gmt":"2026-04-13T07:03:02","slug":"fhe-21w-840-t5-luxline-plus-luminiscenta-spuldze-sylvania-2","status":"publish","type":"product","link":"https:\/\/ddt.lv\/lv\/product\/fhe-21w-840-t5-luxline-plus-luminiscenta-spuldze-sylvania-2\/","title":{"rendered":"FHE 21W\/827 T5 Luxline Plus luminiscent\u0101 spuldze Sylvania"},"content":{"rendered":"<p>21W\/T5\/827 FHE.<br \/>\nFluoresc\u0113jo\u0161a.<br \/>\nTips F5 FHE Luxline Plus.<br \/>\nPamatne G5.<br \/>\nGaismas pl\u016bsma (lm) 1900.<br \/>\nKr\u0101su temperat\u016bra (K) 2700.<br \/>\nCRI (Ra) 85.<br \/>\nJauda (W) 21.00.<br \/>\nProdukta spriegums (V) 123.<br \/>\nRegul\u0113jama.<br \/>\nVid\u0113jais kalpo\u0161anas laiks (nomin\u0101lais) (h) 24000.<br \/>\nNomin\u0101lais produkta garums (mm) 850,0.<br \/>\nProdukta nomin\u0101lais diametrs (mm) 16.<\/p>","protected":false},"excerpt":{"rendered":"<p>21W\/T5\/827 FHE. Fluoresc\u0113jo\u0161a. Tips F5 FHE Luxline Plus. Pamatne G5. Gaismas pl\u016bsma (lm) 1900. Kr\u0101su temperat\u016bra (K) 2700. CRI (Ra) 85. Jauda (W) 21.00. Produkta spriegums (V) 123. Regul\u0113jama. Vid\u0113jais kalpo\u0161anas laiks (nomin\u0101lais) (h) 24000. Nomin\u0101lais produkta garums (mm) 850,0. Produkta nomin\u0101lais diametrs (mm) 16.<\/p>\n","protected":false},"featured_media":28930,"comment_status":"closed","ping_status":"closed","template":"","meta":{"inline_featured_image":false},"product_cat":[860],"product_tag":[],"yst_prominent_words":[],"class_list":{"0":"post-28920","1":"product","2":"type-product","3":"status-publish","4":"has-post-thumbnail","6":"product_cat-t5-spuldzes-luminiscentas-spuldzes-spuldzes","8":"first","9":"outofstock","10":"taxable","11":"shipping-taxable","12":"purchasable","13":"product-type-simple"},"jetpack_sharing_enabled":true,"_links":{"self":[{"href":"https:\/\/ddt.lv\/lv\/wp-json\/wp\/v2\/product\/28920"}],"collection":[{"href":"https:\/\/ddt.lv\/lv\/wp-json\/wp\/v2\/product"}],"about":[{"href":"https:\/\/ddt.lv\/lv\/wp-json\/wp\/v2\/types\/product"}],"replies":[{"embeddable":true,"href":"https:\/\/ddt.lv\/lv\/wp-json\/wp\/v2\/comments?post=28920"}],"wp:featuredmedia":[{"embeddable":true,"href":"https:\/\/ddt.lv\/lv\/wp-json\/wp\/v2\/media\/28930"}],"wp:attachment":[{"href":"https:\/\/ddt.lv\/lv\/wp-json\/wp\/v2\/media?parent=28920"}],"wp:term":[{"taxonomy":"product_cat","embeddable":true,"href":"https:\/\/ddt.lv\/lv\/wp-json\/wp\/v2\/product_cat?post=28920"},{"taxonomy":"product_tag","embeddable":true,"href":"https:\/\/ddt.lv\/lv\/wp-json\/wp\/v2\/product_tag?post=28920"},{"taxonomy":"yst_prominent_words","embeddable":true,"href":"https:\/\/ddt.lv\/lv\/wp-json\/wp\/v2\/yst_prominent_words?post=28920"}],"curies":[{"name":"wp","href":"https:\/\/api.w.org\/{rel}","templated":true}]}}