{"id":28919,"date":"2021-10-13T14:20:29","date_gmt":"2021-10-13T11:20:29","guid":{"rendered":"https:\/\/ddt.lv\/lv\/product\/lynx-le-40w-830-2g11-10-way-dimm-luminiscenta-spuldze-sylvania\/"},"modified":"2026-04-13T10:03:01","modified_gmt":"2026-04-13T07:03:01","slug":"lynx-le-40w-830-2g11-10-way-dimm-luminiscenta-spuldze-sylvania","status":"publish","type":"product","link":"https:\/\/ddt.lv\/lv\/product\/lynx-le-40w-830-2g11-10-way-dimm-luminiscenta-spuldze-sylvania\/","title":{"rendered":"LYNX LE 40W\/830 2G11 10-WAY  DIMM luminiscent\u0101 spuldze Sylvania"},"content":{"rendered":"<p>Jauda (W) 40,00.<br \/>\nGaismas pl\u016bsma (lm) 3500.<br \/>\nTehnolo\u0123ija kompakta fluoresc\u0113jo\u0161a.<br \/>\nVats (nomin\u0101lais) (W) 40.00<br \/>\nPamatne 2G11.<br \/>\nLampas apdare P\u0101rkl\u0101ta<br \/>\nProdukta spriegums (V) 126<br \/>\nArmat\u016bras v\u0113rt\u0113jums Atv\u0113rts<br \/>\nVid\u0113jais kalpo\u0161anas laiks (nomin\u0101lais) (h) 20000<br \/>\nETIM klase EC000087.<br \/>\nKr\u0101su temperat\u016bra (K) 3000.<br \/>\nRegul\u0113jama.<br \/>\nCRI (Ra) 82.<\/p>","protected":false},"excerpt":{"rendered":"<p>Jauda (W) 40,00. Gaismas pl\u016bsma (lm) 3500. Tehnolo\u0123ija kompakta fluoresc\u0113jo\u0161a. Vats (nomin\u0101lais) (W) 40.00 Pamatne 2G11. Lampas apdare P\u0101rkl\u0101ta Produkta spriegums (V) 126 Armat\u016bras v\u0113rt\u0113jums Atv\u0113rts Vid\u0113jais kalpo\u0161anas laiks (nomin\u0101lais) (h) 20000 ETIM klase EC000087. Kr\u0101su temperat\u016bra (K) 3000. Regul\u0113jama. CRI (Ra) 82.<\/p>\n","protected":false},"featured_media":28933,"comment_status":"closed","ping_status":"closed","template":"","meta":{"inline_featured_image":false},"product_cat":[772,867],"product_tag":[],"yst_prominent_words":[],"class_list":{"0":"post-28919","1":"product","2":"type-product","3":"status-publish","4":"has-post-thumbnail","6":"product_cat-atlaides","7":"product_cat-2g11-spuldzes-cf-kompaktas-spuldzes-luminiscentas-spuldzes-spuldzes","9":"first","10":"instock","11":"sale","12":"taxable","13":"shipping-taxable","14":"purchasable","15":"product-type-simple"},"jetpack_sharing_enabled":true,"_links":{"self":[{"href":"https:\/\/ddt.lv\/lv\/wp-json\/wp\/v2\/product\/28919"}],"collection":[{"href":"https:\/\/ddt.lv\/lv\/wp-json\/wp\/v2\/product"}],"about":[{"href":"https:\/\/ddt.lv\/lv\/wp-json\/wp\/v2\/types\/product"}],"replies":[{"embeddable":true,"href":"https:\/\/ddt.lv\/lv\/wp-json\/wp\/v2\/comments?post=28919"}],"wp:featuredmedia":[{"embeddable":true,"href":"https:\/\/ddt.lv\/lv\/wp-json\/wp\/v2\/media\/28933"}],"wp:attachment":[{"href":"https:\/\/ddt.lv\/lv\/wp-json\/wp\/v2\/media?parent=28919"}],"wp:term":[{"taxonomy":"product_cat","embeddable":true,"href":"https:\/\/ddt.lv\/lv\/wp-json\/wp\/v2\/product_cat?post=28919"},{"taxonomy":"product_tag","embeddable":true,"href":"https:\/\/ddt.lv\/lv\/wp-json\/wp\/v2\/product_tag?post=28919"},{"taxonomy":"yst_prominent_words","embeddable":true,"href":"https:\/\/ddt.lv\/lv\/wp-json\/wp\/v2\/yst_prominent_words?post=28919"}],"curies":[{"name":"wp","href":"https:\/\/api.w.org\/{rel}","templated":true}]}}