{"id":28918,"date":"2021-10-13T14:20:29","date_gmt":"2021-10-13T11:20:29","guid":{"rendered":"https:\/\/ddt.lv\/lv\/product\/led-candle-frost-bent-tip-e14-6-5w-240v-470lm-2700k-spuldze-sylvania\/"},"modified":"2026-04-08T14:42:46","modified_gmt":"2026-04-08T11:42:46","slug":"led-candle-frost-bent-tip-e14-6-5w-240v-470lm-2700k-spuldze-sylvania","status":"publish","type":"product","link":"https:\/\/ddt.lv\/lv\/product\/led-candle-frost-bent-tip-e14-6-5w-240v-470lm-2700k-spuldze-sylvania\/","title":{"rendered":"LED CANDLE Frost Bent-tip E14 6.5W 240V 470lm 2700K spuldze Sylvania"},"content":{"rendered":"<p>Tehnolo\u0123ija LED.<br \/>\nPamatne E14.<br \/>\nArmat\u016bras v\u0113rt\u0113jums Atv\u0113rts<br \/>\nGaismas pl\u016bsma (lm) 470.<br \/>\nKr\u0101su temperat\u016bra (K) 2700.<br \/>\nCRI (Ra) 80.<br \/>\nStaru le\u0146\u0137is (\u00b0) 180.<br \/>\nJauda (W) 5.<br \/>\nEkvivalents vats (W) 40.<br \/>\nProdukta spriegums (V) 230.<br \/>\nP\u0101rsl\u0113g\u0161an\u0101s ciklu skaits pirms priek\u0161laic\u012bgas k\u013c\u016bmes&gt; 50000.<br \/>\nIeejas str\u0101va (A) 3.<br \/>\nVid\u0113jais kalpo\u0161anas laiks (nomin\u0101lais) (h) 15000.<br \/>\nProdukta nomin\u0101lais garums (mm) 126.<br \/>\nProdukta nomin\u0101lais diametrs (mm) 35.<\/p>","protected":false},"excerpt":{"rendered":"<p>Tehnolo\u0123ija LED. Pamatne E14. Armat\u016bras v\u0113rt\u0113jums Atv\u0113rts Gaismas pl\u016bsma (lm) 470. Kr\u0101su temperat\u016bra (K) 2700. CRI (Ra) 80. Staru le\u0146\u0137is (\u00b0) 180. Jauda (W) 5. Ekvivalents vats (W) 40. Produkta spriegums (V) 230. P\u0101rsl\u0113g\u0161an\u0101s ciklu skaits pirms priek\u0161laic\u012bgas k\u013c\u016bmes&gt; 50000. Ieejas str\u0101va (A) 3. Vid\u0113jais kalpo\u0161anas laiks (nomin\u0101lais) (h) 15000. Produkta nomin\u0101lais garums (mm) 126. [&hellip;]<\/p>\n","protected":false},"featured_media":28931,"comment_status":"closed","ping_status":"closed","template":"","meta":{"inline_featured_image":false},"product_cat":[875],"product_tag":[],"yst_prominent_words":[],"class_list":{"0":"post-28918","1":"product","2":"type-product","3":"status-publish","4":"has-post-thumbnail","6":"product_cat-dekorativas-led-spuldzes-dekorativas-spuldzes-spuldzes","8":"first","9":"instock","10":"taxable","11":"shipping-taxable","12":"purchasable","13":"product-type-simple"},"jetpack_sharing_enabled":true,"_links":{"self":[{"href":"https:\/\/ddt.lv\/lv\/wp-json\/wp\/v2\/product\/28918"}],"collection":[{"href":"https:\/\/ddt.lv\/lv\/wp-json\/wp\/v2\/product"}],"about":[{"href":"https:\/\/ddt.lv\/lv\/wp-json\/wp\/v2\/types\/product"}],"replies":[{"embeddable":true,"href":"https:\/\/ddt.lv\/lv\/wp-json\/wp\/v2\/comments?post=28918"}],"wp:featuredmedia":[{"embeddable":true,"href":"https:\/\/ddt.lv\/lv\/wp-json\/wp\/v2\/media\/28931"}],"wp:attachment":[{"href":"https:\/\/ddt.lv\/lv\/wp-json\/wp\/v2\/media?parent=28918"}],"wp:term":[{"taxonomy":"product_cat","embeddable":true,"href":"https:\/\/ddt.lv\/lv\/wp-json\/wp\/v2\/product_cat?post=28918"},{"taxonomy":"product_tag","embeddable":true,"href":"https:\/\/ddt.lv\/lv\/wp-json\/wp\/v2\/product_tag?post=28918"},{"taxonomy":"yst_prominent_words","embeddable":true,"href":"https:\/\/ddt.lv\/lv\/wp-json\/wp\/v2\/yst_prominent_words?post=28918"}],"curies":[{"name":"wp","href":"https:\/\/api.w.org\/{rel}","templated":true}]}}