{"id":28912,"date":"2021-10-13T14:20:26","date_gmt":"2021-10-13T11:20:26","guid":{"rendered":"https:\/\/ddt.lv\/lv\/product\/linx-l-24w-830-2g11-2160lm-160-led-ekonomiska-spuldze-inesa\/"},"modified":"2026-04-08T14:31:39","modified_gmt":"2026-04-08T11:31:39","slug":"linx-l-24w-830-2g11-2160lm-160-led-ekonomiska-spuldze-inesa","status":"publish","type":"product","link":"https:\/\/ddt.lv\/lv\/product\/l-24w-830-2g11-2160lm-160-led-spuldze-inesa\/","title":{"rendered":"LED PL L 24W 2G11 2160lm 541mm 3000K 160&#8217;  kompakt\u0101 spuldze Inesa"},"content":{"rendered":"<p>Nomin\u0101l\u0101 jauda 24 W.<br \/>\nNomin\u0101lais spriegums 100 &#8211; 265V.<br \/>\nDarb\u012bbas frekvence 50-60 Hz<br \/>\nNomin\u0101l\u0101 gaismas pl\u016bsma 2160 lm.<br \/>\nKr\u0101su temperat\u016bra 3000 K.<br \/>\nKr\u0101su atveido\u0161anas indekss (Ra) 80+ Ra.<br \/>\nKop\u0113jais garums 542 mm.<br \/>\nKop\u0113jais platums 39 mm.<br \/>\nKop\u0113jais augstums 24 mm.<\/p>\n<p>Nomin\u0101lais kalpo\u0161anas laiks 30000 h.<br \/>\n<\/p>","protected":false},"excerpt":{"rendered":"<p>Nomin\u0101l\u0101 jauda 24 W. Nomin\u0101lais spriegums 100 &#8211; 265V. Darb\u012bbas frekvence 50-60 Hz Nomin\u0101l\u0101 gaismas pl\u016bsma 2160 lm. Kr\u0101su temperat\u016bra 3000 K. Kr\u0101su atveido\u0161anas indekss (Ra) 80+ Ra. Kop\u0113jais garums 542 mm. Kop\u0113jais platums 39 mm. Kop\u0113jais augstums 24 mm. Nomin\u0101lais kalpo\u0161anas laiks 30000 h.<\/p>\n","protected":false},"featured_media":28941,"comment_status":"closed","ping_status":"closed","template":"","meta":{"inline_featured_image":false},"product_cat":[1461],"product_tag":[],"yst_prominent_words":[],"class_list":{"0":"post-28912","1":"product","2":"type-product","3":"status-publish","4":"has-post-thumbnail","6":"product_cat-2g11-spuldzes","8":"first","9":"instock","10":"taxable","11":"shipping-taxable","12":"purchasable","13":"product-type-simple"},"jetpack_sharing_enabled":true,"_links":{"self":[{"href":"https:\/\/ddt.lv\/lv\/wp-json\/wp\/v2\/product\/28912"}],"collection":[{"href":"https:\/\/ddt.lv\/lv\/wp-json\/wp\/v2\/product"}],"about":[{"href":"https:\/\/ddt.lv\/lv\/wp-json\/wp\/v2\/types\/product"}],"replies":[{"embeddable":true,"href":"https:\/\/ddt.lv\/lv\/wp-json\/wp\/v2\/comments?post=28912"}],"wp:featuredmedia":[{"embeddable":true,"href":"https:\/\/ddt.lv\/lv\/wp-json\/wp\/v2\/media\/28941"}],"wp:attachment":[{"href":"https:\/\/ddt.lv\/lv\/wp-json\/wp\/v2\/media?parent=28912"}],"wp:term":[{"taxonomy":"product_cat","embeddable":true,"href":"https:\/\/ddt.lv\/lv\/wp-json\/wp\/v2\/product_cat?post=28912"},{"taxonomy":"product_tag","embeddable":true,"href":"https:\/\/ddt.lv\/lv\/wp-json\/wp\/v2\/product_tag?post=28912"},{"taxonomy":"yst_prominent_words","embeddable":true,"href":"https:\/\/ddt.lv\/lv\/wp-json\/wp\/v2\/yst_prominent_words?post=28912"}],"curies":[{"name":"wp","href":"https:\/\/api.w.org\/{rel}","templated":true}]}}