{"id":28911,"date":"2021-10-13T14:20:25","date_gmt":"2021-10-13T11:20:25","guid":{"rendered":"https:\/\/ddt.lv\/lv\/product\/reflktor-100w-r80-e27-230v-infrared-spuldze-sylvania\/"},"modified":"2026-04-01T00:10:54","modified_gmt":"2026-03-31T21:10:54","slug":"reflktor-100w-r80-e27-230v-infrared-spuldze-sylvania","status":"publish","type":"product","link":"https:\/\/ddt.lv\/lv\/product\/reflktor-100w-r80-e27-230v-infrared-spuldze-sylvania\/","title":{"rendered":"Reflktor 100W R80 E27 230V Infrared spuldze Sylvania"},"content":{"rendered":"<p>ReptiStar Infrasarkan\u0101s atstarot\u0101ju lampas. Siltuma avots dz\u012bvniekiem.<br \/>\nKv\u0113lspuldzes tehnolo\u0123ija.<br \/>\nPamatne E27.<br \/>\nKr\u0101su temperat\u016bra (K) 2400.<br \/>\nJauda (W) 100.<br \/>\nT\u012bkla spriegums (V) 220-240V ~.<br \/>\nVid\u0113jais kalpo\u0161anas laiks (nomin\u0101lais) (h) 5000.<\/p>","protected":false},"excerpt":{"rendered":"<p>ReptiStar Infrasarkan\u0101s atstarot\u0101ju lampas. Siltuma avots dz\u012bvniekiem. Kv\u0113lspuldzes tehnolo\u0123ija. Pamatne E27. Kr\u0101su temperat\u016bra (K) 2400. Jauda (W) 100. T\u012bkla spriegums (V) 220-240V ~. Vid\u0113jais kalpo\u0161anas laiks (nomin\u0101lais) (h) 5000.<\/p>\n","protected":false},"featured_media":28947,"comment_status":"closed","ping_status":"closed","template":"","meta":{"inline_featured_image":false},"product_cat":[877],"product_tag":[],"yst_prominent_words":[],"class_list":{"0":"post-28911","1":"product","2":"type-product","3":"status-publish","4":"has-post-thumbnail","6":"product_cat-infrasarkanas-spuldzes-spuldzes","8":"first","9":"instock","10":"taxable","11":"shipping-taxable","12":"purchasable","13":"product-type-simple"},"jetpack_sharing_enabled":true,"_links":{"self":[{"href":"https:\/\/ddt.lv\/lv\/wp-json\/wp\/v2\/product\/28911"}],"collection":[{"href":"https:\/\/ddt.lv\/lv\/wp-json\/wp\/v2\/product"}],"about":[{"href":"https:\/\/ddt.lv\/lv\/wp-json\/wp\/v2\/types\/product"}],"replies":[{"embeddable":true,"href":"https:\/\/ddt.lv\/lv\/wp-json\/wp\/v2\/comments?post=28911"}],"wp:featuredmedia":[{"embeddable":true,"href":"https:\/\/ddt.lv\/lv\/wp-json\/wp\/v2\/media\/28947"}],"wp:attachment":[{"href":"https:\/\/ddt.lv\/lv\/wp-json\/wp\/v2\/media?parent=28911"}],"wp:term":[{"taxonomy":"product_cat","embeddable":true,"href":"https:\/\/ddt.lv\/lv\/wp-json\/wp\/v2\/product_cat?post=28911"},{"taxonomy":"product_tag","embeddable":true,"href":"https:\/\/ddt.lv\/lv\/wp-json\/wp\/v2\/product_tag?post=28911"},{"taxonomy":"yst_prominent_words","embeddable":true,"href":"https:\/\/ddt.lv\/lv\/wp-json\/wp\/v2\/yst_prominent_words?post=28911"}],"curies":[{"name":"wp","href":"https:\/\/api.w.org\/{rel}","templated":true}]}}