{"id":28910,"date":"2021-10-13T14:20:25","date_gmt":"2021-10-13T11:20:25","guid":{"rendered":"https:\/\/ddt.lv\/lv\/product\/led-st64-retro-golden-e27-4w-240v-400lm-spuldze-sylvania\/"},"modified":"2026-04-08T14:30:32","modified_gmt":"2026-04-08T11:30:32","slug":"led-st64-retro-golden-e27-4w-240v-400lm-spuldze-sylvania","status":"publish","type":"product","link":"https:\/\/ddt.lv\/lv\/product\/led-st64-retro-golden-e27-4w-240v-400lm-spuldze-sylvania\/","title":{"rendered":"LED ST64 Retro Golden E27 4W 240V 400lm spuldze Sylvania"},"content":{"rendered":"<p>Tehnolo\u0123ija LED.<br \/>\nPamatne E27.<br \/>\nArmat\u016bras v\u0113rt\u0113jums Atv\u0113rts<br \/>\nGaismas pl\u016bsma (lm) 420.<br \/>\nKr\u0101su temperat\u016bra (K) 2500.<br \/>\nCRI (Ra) 80.<br \/>\nStaru le\u0146\u0137is (\u00b0) 300.<br \/>\nJauda (W) 4.5.<br \/>\nProdukta spriegums (V) 230.<br \/>\nVid\u0113jais kalpo\u0161anas laiks (nomin\u0101lais) (h) 15000.<\/p>\n<p>Nomin\u0101lais produkta garums (mm) 140.<br \/>\nProdukta nomin\u0101lais diametrs (mm) 64.<\/p>","protected":false},"excerpt":{"rendered":"<p>Tehnolo\u0123ija LED. Pamatne E27. Armat\u016bras v\u0113rt\u0113jums Atv\u0113rts Gaismas pl\u016bsma (lm) 420. Kr\u0101su temperat\u016bra (K) 2500. CRI (Ra) 80. Staru le\u0146\u0137is (\u00b0) 300. Jauda (W) 4.5. Produkta spriegums (V) 230. Vid\u0113jais kalpo\u0161anas laiks (nomin\u0101lais) (h) 15000. Nomin\u0101lais produkta garums (mm) 140. Produkta nomin\u0101lais diametrs (mm) 64.<\/p>\n","protected":false},"featured_media":28943,"comment_status":"closed","ping_status":"closed","template":"","meta":{"inline_featured_image":false},"product_cat":[772,875],"product_tag":[],"yst_prominent_words":[],"class_list":{"0":"post-28910","1":"product","2":"type-product","3":"status-publish","4":"has-post-thumbnail","6":"product_cat-atlaides","7":"product_cat-dekorativas-led-spuldzes-dekorativas-spuldzes-spuldzes","9":"first","10":"instock","11":"sale","12":"taxable","13":"shipping-taxable","14":"purchasable","15":"product-type-simple"},"jetpack_sharing_enabled":true,"_links":{"self":[{"href":"https:\/\/ddt.lv\/lv\/wp-json\/wp\/v2\/product\/28910"}],"collection":[{"href":"https:\/\/ddt.lv\/lv\/wp-json\/wp\/v2\/product"}],"about":[{"href":"https:\/\/ddt.lv\/lv\/wp-json\/wp\/v2\/types\/product"}],"replies":[{"embeddable":true,"href":"https:\/\/ddt.lv\/lv\/wp-json\/wp\/v2\/comments?post=28910"}],"wp:featuredmedia":[{"embeddable":true,"href":"https:\/\/ddt.lv\/lv\/wp-json\/wp\/v2\/media\/28943"}],"wp:attachment":[{"href":"https:\/\/ddt.lv\/lv\/wp-json\/wp\/v2\/media?parent=28910"}],"wp:term":[{"taxonomy":"product_cat","embeddable":true,"href":"https:\/\/ddt.lv\/lv\/wp-json\/wp\/v2\/product_cat?post=28910"},{"taxonomy":"product_tag","embeddable":true,"href":"https:\/\/ddt.lv\/lv\/wp-json\/wp\/v2\/product_tag?post=28910"},{"taxonomy":"yst_prominent_words","embeddable":true,"href":"https:\/\/ddt.lv\/lv\/wp-json\/wp\/v2\/yst_prominent_words?post=28910"}],"curies":[{"name":"wp","href":"https:\/\/api.w.org\/{rel}","templated":true}]}}