{"id":28909,"date":"2021-10-13T14:20:24","date_gmt":"2021-10-13T11:20:24","guid":{"rendered":"https:\/\/ddt.lv\/lv\/product\/fho-54w-840-t5-e-luxline-plus-luminiscenta-spuldze-sylvania\/"},"modified":"2026-04-13T09:47:03","modified_gmt":"2026-04-13T06:47:03","slug":"fho-54w-840-t5-e-luxline-plus-luminiscenta-spuldze-sylvania","status":"publish","type":"product","link":"https:\/\/ddt.lv\/lv\/product\/fho-54w-840-t5-e-luxline-plus-luminiscenta-spuldze-sylvania\/","title":{"rendered":"FHO 54W\/840 T5 E Luxline Plus luminiscent\u0101 spuldze Sylvania"},"content":{"rendered":"<p>Pamatne G5.<br \/>\nGaismas pl\u016bsma (lm) 4450.<br \/>\nKr\u0101su temperat\u016bra (K) 4000.<br \/>\nCRI (Ra) 82.<br \/>\nJauda (W) 54.<br \/>\nProdukta spriegums (V) 120.<br \/>\nRegul\u0113jama.<\/p>\n<p>Nomin\u0101lais produkta garums (mm) 1150.<br \/>\nProdukta nomin\u0101lais diametrs (mm) 16.<\/p>","protected":false},"excerpt":{"rendered":"<p>Pamatne G5. Gaismas pl\u016bsma (lm) 4450. Kr\u0101su temperat\u016bra (K) 4000. CRI (Ra) 82. Jauda (W) 54. Produkta spriegums (V) 120. Regul\u0113jama. Nomin\u0101lais produkta garums (mm) 1150. Produkta nomin\u0101lais diametrs (mm) 16.<\/p>\n","protected":false},"featured_media":28951,"comment_status":"closed","ping_status":"closed","template":"","meta":{"inline_featured_image":false},"product_cat":[772,860],"product_tag":[],"yst_prominent_words":[],"class_list":{"0":"post-28909","1":"product","2":"type-product","3":"status-publish","4":"has-post-thumbnail","6":"product_cat-atlaides","7":"product_cat-t5-spuldzes-luminiscentas-spuldzes-spuldzes","9":"first","10":"outofstock","11":"sale","12":"taxable","13":"shipping-taxable","14":"purchasable","15":"product-type-simple"},"jetpack_sharing_enabled":true,"_links":{"self":[{"href":"https:\/\/ddt.lv\/lv\/wp-json\/wp\/v2\/product\/28909"}],"collection":[{"href":"https:\/\/ddt.lv\/lv\/wp-json\/wp\/v2\/product"}],"about":[{"href":"https:\/\/ddt.lv\/lv\/wp-json\/wp\/v2\/types\/product"}],"replies":[{"embeddable":true,"href":"https:\/\/ddt.lv\/lv\/wp-json\/wp\/v2\/comments?post=28909"}],"wp:featuredmedia":[{"embeddable":true,"href":"https:\/\/ddt.lv\/lv\/wp-json\/wp\/v2\/media\/28951"}],"wp:attachment":[{"href":"https:\/\/ddt.lv\/lv\/wp-json\/wp\/v2\/media?parent=28909"}],"wp:term":[{"taxonomy":"product_cat","embeddable":true,"href":"https:\/\/ddt.lv\/lv\/wp-json\/wp\/v2\/product_cat?post=28909"},{"taxonomy":"product_tag","embeddable":true,"href":"https:\/\/ddt.lv\/lv\/wp-json\/wp\/v2\/product_tag?post=28909"},{"taxonomy":"yst_prominent_words","embeddable":true,"href":"https:\/\/ddt.lv\/lv\/wp-json\/wp\/v2\/yst_prominent_words?post=28909"}],"curies":[{"name":"wp","href":"https:\/\/api.w.org\/{rel}","templated":true}]}}