{"id":28889,"date":"2021-10-11T08:21:40","date_gmt":"2021-10-11T05:21:40","guid":{"rendered":"https:\/\/ddt.lv\/lv\/product\/linx-le-55w-840-2g11-10-way-dimm-ekonomiska-spuldze-sylvania\/"},"modified":"2026-04-13T10:02:53","modified_gmt":"2026-04-13T07:02:53","slug":"linx-le-55w-840-2g11-10-way-dimm-ekonomiska-spuldze-sylvania","status":"publish","type":"product","link":"https:\/\/ddt.lv\/lv\/product\/linx-le-55w-840-2g11-10-way-dimm-ekonomiska-spuldze-sylvania\/","title":{"rendered":"LYNX LE 55W\/840 2G11 10-WAY DIMM luminscent\u0101 spuldze Sylvania"},"content":{"rendered":"<p>\u0160\u012b ir Sylvania Lynx L 4<br \/>\npin 55w<br \/>\nlampa 840 -v\u0113s\u0101 balt\u0101 kr\u0101s\u0101.<br \/>\n\u0160o lampu vid\u0113jais kalpo\u0161anas laiks ir 20 000 stundas.<br \/>\nGarums: 538 mm<br \/>\nDiametrs: 44 mm<\/p>","protected":false},"excerpt":{"rendered":"<p>\u0160\u012b ir Sylvania Lynx L 4 pin 55w lampa 840 -v\u0113s\u0101 balt\u0101 kr\u0101s\u0101. \u0160o lampu vid\u0113jais kalpo\u0161anas laiks ir 20 000 stundas. Garums: 538 mm Diametrs: 44 mm<\/p>\n","protected":false},"featured_media":28901,"comment_status":"closed","ping_status":"closed","template":"","meta":{"inline_featured_image":false},"product_cat":[772,867],"product_tag":[],"yst_prominent_words":[],"class_list":{"0":"post-28889","1":"product","2":"type-product","3":"status-publish","4":"has-post-thumbnail","6":"product_cat-atlaides","7":"product_cat-2g11-spuldzes-cf-kompaktas-spuldzes-luminiscentas-spuldzes-spuldzes","9":"first","10":"instock","11":"sale","12":"taxable","13":"shipping-taxable","14":"purchasable","15":"product-type-simple"},"jetpack_sharing_enabled":true,"_links":{"self":[{"href":"https:\/\/ddt.lv\/lv\/wp-json\/wp\/v2\/product\/28889"}],"collection":[{"href":"https:\/\/ddt.lv\/lv\/wp-json\/wp\/v2\/product"}],"about":[{"href":"https:\/\/ddt.lv\/lv\/wp-json\/wp\/v2\/types\/product"}],"replies":[{"embeddable":true,"href":"https:\/\/ddt.lv\/lv\/wp-json\/wp\/v2\/comments?post=28889"}],"wp:featuredmedia":[{"embeddable":true,"href":"https:\/\/ddt.lv\/lv\/wp-json\/wp\/v2\/media\/28901"}],"wp:attachment":[{"href":"https:\/\/ddt.lv\/lv\/wp-json\/wp\/v2\/media?parent=28889"}],"wp:term":[{"taxonomy":"product_cat","embeddable":true,"href":"https:\/\/ddt.lv\/lv\/wp-json\/wp\/v2\/product_cat?post=28889"},{"taxonomy":"product_tag","embeddable":true,"href":"https:\/\/ddt.lv\/lv\/wp-json\/wp\/v2\/product_tag?post=28889"},{"taxonomy":"yst_prominent_words","embeddable":true,"href":"https:\/\/ddt.lv\/lv\/wp-json\/wp\/v2\/yst_prominent_words?post=28889"}],"curies":[{"name":"wp","href":"https:\/\/api.w.org\/{rel}","templated":true}]}}