{"id":28843,"date":"2021-10-08T12:10:51","date_gmt":"2021-10-08T09:10:51","guid":{"rendered":"https:\/\/ddt.lv\/lv\/product\/tropfen-classic-28w-40w-e27-240v-eco-halogen-spulze-sylvania\/"},"modified":"2026-04-13T09:46:37","modified_gmt":"2026-04-13T06:46:37","slug":"tropfen-classic-28w-40w-e27-240v-eco-halogen-spulze-sylvania","status":"publish","type":"product","link":"https:\/\/ddt.lv\/lv\/product\/tropfen-classic-28w-40w-e27-240v-eco-halogen-spulze-sylvania\/","title":{"rendered":"Tropfen classic 28W\/40W E27 240V ECO Halogen spulze Sylvania"},"content":{"rendered":"<p>Gaismas kr\u0101sa 828 M\u0101jas gaisma.<br \/>\nhalog\u0113na tehnolo\u0123ija.<br \/>\nD ener\u0123ijas klase.<br \/>\nVid\u0113jais kalpo\u0161anas laiks 2000h.<br \/>\nLampas virsma Skaidra.<br \/>\nLampas formas bumba.<br \/>\nRegul\u0113jama.<br \/>\nCokols E27.<br \/>\nRa=100.<br \/>\nKr\u0101su temperat\u016bra (K) 2800.<br \/>\nIzmantojam\u0101 gaismas pl\u016bsma (nomin\u0101l\u0101 v\u0113rt\u012bba) (lm) 345.<br \/>\nVatu ekvivalents (W) 35.<br \/>\nVats (nomin\u0101l\u0101 jauda) (W) 28.<br \/>\nSpriegums (V) 240.<\/p>","protected":false},"excerpt":{"rendered":"<p>Gaismas kr\u0101sa 828 M\u0101jas gaisma. halog\u0113na tehnolo\u0123ija. D ener\u0123ijas klase. Vid\u0113jais kalpo\u0161anas laiks 2000h. Lampas virsma Skaidra. Lampas formas bumba. Regul\u0113jama. Cokols E27. Ra=100. Kr\u0101su temperat\u016bra (K) 2800. Izmantojam\u0101 gaismas pl\u016bsma (nomin\u0101l\u0101 v\u0113rt\u012bba) (lm) 345. Vatu ekvivalents (W) 35. Vats (nomin\u0101l\u0101 jauda) (W) 28. Spriegums (V) 240.<\/p>\n","protected":false},"featured_media":28857,"comment_status":"closed","ping_status":"closed","template":"","meta":{"inline_featured_image":false},"product_cat":[1365],"product_tag":[],"yst_prominent_words":[],"class_list":{"0":"post-28843","1":"product","2":"type-product","3":"status-publish","4":"has-post-thumbnail","6":"product_cat-eco-halogen-spuldzes","8":"first","9":"instock","10":"taxable","11":"shipping-taxable","12":"purchasable","13":"product-type-simple"},"jetpack_sharing_enabled":true,"_links":{"self":[{"href":"https:\/\/ddt.lv\/lv\/wp-json\/wp\/v2\/product\/28843"}],"collection":[{"href":"https:\/\/ddt.lv\/lv\/wp-json\/wp\/v2\/product"}],"about":[{"href":"https:\/\/ddt.lv\/lv\/wp-json\/wp\/v2\/types\/product"}],"replies":[{"embeddable":true,"href":"https:\/\/ddt.lv\/lv\/wp-json\/wp\/v2\/comments?post=28843"}],"wp:featuredmedia":[{"embeddable":true,"href":"https:\/\/ddt.lv\/lv\/wp-json\/wp\/v2\/media\/28857"}],"wp:attachment":[{"href":"https:\/\/ddt.lv\/lv\/wp-json\/wp\/v2\/media?parent=28843"}],"wp:term":[{"taxonomy":"product_cat","embeddable":true,"href":"https:\/\/ddt.lv\/lv\/wp-json\/wp\/v2\/product_cat?post=28843"},{"taxonomy":"product_tag","embeddable":true,"href":"https:\/\/ddt.lv\/lv\/wp-json\/wp\/v2\/product_tag?post=28843"},{"taxonomy":"yst_prominent_words","embeddable":true,"href":"https:\/\/ddt.lv\/lv\/wp-json\/wp\/v2\/yst_prominent_words?post=28843"}],"curies":[{"name":"wp","href":"https:\/\/api.w.org\/{rel}","templated":true}]}}