{"id":28840,"date":"2021-10-08T12:10:49","date_gmt":"2021-10-08T09:10:49","guid":{"rendered":"https:\/\/ddt.lv\/lv\/product\/fc-40w-840-t9-g10q-circline-spuldze-sylvania\/"},"modified":"2026-05-05T08:33:04","modified_gmt":"2026-05-05T05:33:04","slug":"fc-40w-840-t9-g10q-circline-spuldze-sylvania","status":"publish","type":"product","link":"https:\/\/ddt.lv\/lv\/product\/fc-40w-840-t9-g10q-circline-spuldze-sylvania\/","title":{"rendered":"FC 40W\/840 T9 G10Q Circline spuldze Sylvania"},"content":{"rendered":"<p>Fluoresc\u0113jo\u0161a tehnolo\u0123ija.<br \/>\nJauda (nomin\u0101lais) (W) 40.<br \/>\nGredzena formas Lampa.<br \/>\nT9 .pamatne G10q.<br \/>\nLampas apdare Mat\u0113ta.<br \/>\nVisp\u0101r\u0113js pielietojums; Izgl\u012bt\u012bba, viesm\u012bl\u012bba, lo\u0123istika un r\u016bpniec\u012bba, muzeji un galerijas, birojs, mazumtirdzniec\u012bba, m\u0101jok\u013ci un pat\u0113r\u0113t\u0101ji.<br \/>\nETIM klase EC000108.<br \/>\nGaismas pl\u016bsma (lm) 3200.<br \/>\nKr\u0101su temperat\u016bra (K) 4000.<br \/>\nCRI (Ra) 80.<br \/>\nJauda (W) 40.<br \/>\nProdukta spriegums (V) 11.<br \/>\nRegul\u0113jama.<br \/>\nVid\u0113jais kalpo\u0161anas laiks (nomin\u0101lais) (h) 12000.<\/p>","protected":false},"excerpt":{"rendered":"<p>Fluoresc\u0113jo\u0161a tehnolo\u0123ija. Jauda (nomin\u0101lais) (W) 40. Gredzena formas Lampa. T9 .pamatne G10q. Lampas apdare Mat\u0113ta. Visp\u0101r\u0113js pielietojums; Izgl\u012bt\u012bba, viesm\u012bl\u012bba, lo\u0123istika un r\u016bpniec\u012bba, muzeji un galerijas, birojs, mazumtirdzniec\u012bba, m\u0101jok\u013ci un pat\u0113r\u0113t\u0101ji. ETIM klase EC000108. Gaismas pl\u016bsma (lm) 3200. Kr\u0101su temperat\u016bra (K) 4000. CRI (Ra) 80. Jauda (W) 40. Produkta spriegums (V) 11. Regul\u0113jama. Vid\u0113jais kalpo\u0161anas laiks [&hellip;]<\/p>\n","protected":false},"featured_media":28867,"comment_status":"closed","ping_status":"closed","template":"","meta":{"inline_featured_image":false},"product_cat":[859],"product_tag":[],"yst_prominent_words":[],"class_list":{"0":"post-28840","1":"product","2":"type-product","3":"status-publish","4":"has-post-thumbnail","6":"product_cat-2gx13-spuldzes","8":"first","9":"instock","10":"taxable","11":"shipping-taxable","12":"purchasable","13":"product-type-simple"},"jetpack_sharing_enabled":true,"_links":{"self":[{"href":"https:\/\/ddt.lv\/lv\/wp-json\/wp\/v2\/product\/28840"}],"collection":[{"href":"https:\/\/ddt.lv\/lv\/wp-json\/wp\/v2\/product"}],"about":[{"href":"https:\/\/ddt.lv\/lv\/wp-json\/wp\/v2\/types\/product"}],"replies":[{"embeddable":true,"href":"https:\/\/ddt.lv\/lv\/wp-json\/wp\/v2\/comments?post=28840"}],"wp:featuredmedia":[{"embeddable":true,"href":"https:\/\/ddt.lv\/lv\/wp-json\/wp\/v2\/media\/28867"}],"wp:attachment":[{"href":"https:\/\/ddt.lv\/lv\/wp-json\/wp\/v2\/media?parent=28840"}],"wp:term":[{"taxonomy":"product_cat","embeddable":true,"href":"https:\/\/ddt.lv\/lv\/wp-json\/wp\/v2\/product_cat?post=28840"},{"taxonomy":"product_tag","embeddable":true,"href":"https:\/\/ddt.lv\/lv\/wp-json\/wp\/v2\/product_tag?post=28840"},{"taxonomy":"yst_prominent_words","embeddable":true,"href":"https:\/\/ddt.lv\/lv\/wp-json\/wp\/v2\/yst_prominent_words?post=28840"}],"curies":[{"name":"wp","href":"https:\/\/api.w.org\/{rel}","templated":true}]}}